{"id":2904,"date":"2020-07-20T10:37:11","date_gmt":"2020-07-20T10:37:11","guid":{"rendered":"https:\/\/www.instrumentbox.de\/?product=hape-e0603-ukulele-lagune-kindergitarre-aus-holz-rot"},"modified":"2024-01-02T04:40:42","modified_gmt":"2024-01-02T03:40:42","slug":"hape-e0603-ukulele-lagune-kindergitarre-aus-holz-rot","status":"publish","type":"product","link":"https:\/\/www.instrumentbox.de\/?product=hape-e0603-ukulele-lagune-kindergitarre-aus-holz-rot","title":{"rendered":"Hape E0603 &#8211; Ukulele Lagune, Kindergitarre, aus Holz, Rot"},"content":{"rendered":"<div class=\"disclaim\"> Farbe:<strong>Rot<\/strong> <\/div>\n<p> <!-- show up to 2 reviews by default --> <\/p>\n<h3>Produktbeschreibung<\/h3>\n<\/p>\n<p>Angehende Gitarristen werden die Ukulele lieben. Dieses Instrument l\u00e4sst sich stimmen und dank ihres leichten Gewichtes l\u00e4sst sie sich zu jedem Auftrittsort mitnehmen.<\/p>\n<p>Unser Sicherheitsversprechen: Zertifiziertes Vertrauen. Unser Spielzeug erf\u00fcllt nicht nur die h\u00f6chsten p\u00e4dagogischen Anspr\u00fcche und setzt auch in Bezug auf Qualit\u00e4t und nachhaltige Produktion neue Standards, sondern bietet Eltern und Kindern auch Sicherheit. Die Holzspielwaren beispielsweise werden mit Farben auf Wasserbasis gef\u00e4rbt. Unsere Produkte sind nach strengsten europ\u00e4ischen (EN71) und amerikanischen (ASTM F963) Sicherheitsstandards zertifiziert und durchlaufen stets strenge Qualit\u00e4tskontrollen.<\/p>\n<\/p>\n<h3>Warnhinweise<\/h3>\n<p>Not suitable for children under 3 years. <\/p>\n<p>Spielen wie die Gro\u00dfen \u2013 das geht mit der farbenfrohen Ukulele<br \/>\nDas Kinderinstrument besteht aus vier stimmbaren Saiten, der verkleinerte Resonanzk\u00f6rper ist aus Lindenholz<br \/>\nDie Ukulele ist robust, leicht und eignet sich ideal als Einstieg in die Welt der Musikinstrumente<br \/>\nKleine Musiker ab 3 Jahre k\u00f6nnen auf der Ukulele unterschiedliche T\u00f6ne erzeugen oder gemeinsam mit Mama und Papa musizieren<br \/>\nBesonders leichtes Gewicht und deshalb einfach zu transportieren<br \/>\n<div class=\"main-cross-sell\" data-asin=\"B07PZ14JRG\">\n\n\t<div class=\"WooZone-cross-sell-loader\">\n\t\t<div>\n\t\t\t<div id=\"floatingBarsG\">\n\t\t\t\t<div class=\"blockG\" id=\"rotateG_01\"><\/div>\n\t\t\t\t<div class=\"blockG\" id=\"rotateG_02\"><\/div>\n\t\t\t\t<div class=\"blockG\" id=\"rotateG_03\"><\/div>\n\t\t\t\t<div class=\"blockG\" id=\"rotateG_04\"><\/div>\n\t\t\t\t<div class=\"blockG\" id=\"rotateG_05\"><\/div>\n\t\t\t\t<div class=\"blockG\" id=\"rotateG_06\"><\/div>\n\t\t\t\t<div class=\"blockG\" id=\"rotateG_07\"><\/div>\n\t\t\t\t<div class=\"blockG\" id=\"rotateG_08\"><\/div>\n\t\t\t<\/div>\n\t\t\t<div class=\"WooZone-cross-sell-loader-text\"><\/div>\n\t\t<\/div>\n\t<\/div>\n\n\t\t\n<\/div>\n<div style=\"clear:both;\"><\/div>\n","protected":false},"excerpt":{"rendered":"<p>Spielen wie die Gro\u00dfen \u2013 das geht mit der farbenfrohen Ukulele<br \/>\nDas Kinderinstrument besteht aus vier stimmbaren Saiten, der verkleinerte Resonanzk\u00f6rper ist aus Lindenholz<br \/>\nDie Ukulele ist robust, leicht und eignet sich ideal als Einstieg in die Welt der Musikinstrumente<\/p>\n","protected":false},"featured_media":2905,"comment_status":"open","ping_status":"closed","template":"","meta":{"_acf_changed":false,"rs_blank_template":"","rs_page_bg_color":"","slide_template_v7":""},"product_brand":[],"product_cat":[63,15],"product_tag":[],"class_list":{"0":"post-2904","1":"product","2":"type-product","3":"status-publish","4":"has-post-thumbnail","6":"product_cat-kinderinstrumente","7":"product_cat-shop","8":"pa_brand-hape","10":"first","11":"instock","12":"shipping-taxable","13":"purchasable","14":"product-type-simple"},"acf":[],"_links":{"self":[{"href":"https:\/\/www.instrumentbox.de\/index.php?rest_route=\/wp\/v2\/product\/2904","targetHints":{"allow":["GET"]}}],"collection":[{"href":"https:\/\/www.instrumentbox.de\/index.php?rest_route=\/wp\/v2\/product"}],"about":[{"href":"https:\/\/www.instrumentbox.de\/index.php?rest_route=\/wp\/v2\/types\/product"}],"replies":[{"embeddable":true,"href":"https:\/\/www.instrumentbox.de\/index.php?rest_route=%2Fwp%2Fv2%2Fcomments&post=2904"}],"wp:featuredmedia":[{"embeddable":true,"href":"https:\/\/www.instrumentbox.de\/index.php?rest_route=\/wp\/v2\/media\/2905"}],"wp:attachment":[{"href":"https:\/\/www.instrumentbox.de\/index.php?rest_route=%2Fwp%2Fv2%2Fmedia&parent=2904"}],"wp:term":[{"taxonomy":"product_brand","embeddable":true,"href":"https:\/\/www.instrumentbox.de\/index.php?rest_route=%2Fwp%2Fv2%2Fproduct_brand&post=2904"},{"taxonomy":"product_cat","embeddable":true,"href":"https:\/\/www.instrumentbox.de\/index.php?rest_route=%2Fwp%2Fv2%2Fproduct_cat&post=2904"},{"taxonomy":"product_tag","embeddable":true,"href":"https:\/\/www.instrumentbox.de\/index.php?rest_route=%2Fwp%2Fv2%2Fproduct_tag&post=2904"}],"curies":[{"name":"wp","href":"https:\/\/api.w.org\/{rel}","templated":true}]}}