{"id":2912,"date":"2020-07-20T10:37:14","date_gmt":"2020-07-20T10:37:14","guid":{"rendered":"https:\/\/www.instrumentbox.de\/?product=hape-e0600-gitalele-flower-power-gitarre-ukulele"},"modified":"2025-01-24T01:17:21","modified_gmt":"2025-01-24T00:17:21","slug":"hape-e0600-gitalele-flower-power-gitarre-ukulele","status":"publish","type":"product","link":"https:\/\/www.instrumentbox.de\/?product=hape-e0600-gitalele-flower-power-gitarre-ukulele","title":{"rendered":"Hape Gitalele Flower-Power, Spielzeug Musikinstrument f\u00fcr Kinder ab 3 Jahre"},"content":{"rendered":"<div class=\"disclaim\"> Farbe:<strong>Hippie\/Bunt<\/strong> <\/div>\n<p> <!-- show up to 2 reviews by default --> <\/p>\n<h3>Produktbeschreibung<\/h3>\n<p>Wenn du Spa\u00df beim Musizieren hast, wird dir das Klimpern auf dieser wundersch\u00f6nen Gitalele im Hippie-Design gefallen! Diese ist eine Mischung aus klassischer Gitarre und Ukulele, mit der perfekten Gr\u00f6\u00dfe f\u00fcr j\u00fcngere Kinder, die ein Instrument lernen wollen. <\/p>\n<h3>Warnhinweise<\/h3>\n<p>no <\/p>\n<div data-a-expander-name=\"toggle_description\" class=\"a-row a-expander-container a-expander-extend-container\">\n<div class=\"a-expander-content a-expander-extend-content\">\n<h3>Set enth\u00e4lt:<\/h3>\n<p>toy <\/p>\n<\/p><\/div>\n<p> <a href=\"void(0)\" data-action=\"a-expander-toggle\" class=\"a-expander-header a-declarative a-expander-extend-header\" data-a-expander-toggle=\"{\"><i class=\"a-icon a-icon-extender-expand\"><\/i><span class=\"a-expander-prompt\">Weitere Informationen<\/span><\/a> <\/div>\n<p>Vorsch\u00fcler sind besonders begeisterte Musiker. Unsere Miniaturinstrumente wurden entworfen, um Vorsch\u00fcler zu inspirieren<br \/>\nMischung aus klassischer Gitarre und Ukulele<br \/>\nPerfekte Gr\u00f6\u00dfe f\u00fcr j\u00fcngere Kinder<br \/>\nFlower Power mit Hippie-Design<br \/>\n<div class=\"main-cross-sell\" data-asin=\"B07B4Z8LKV\">\n\n\t<div class=\"WooZone-cross-sell-loader\">\n\t\t<div>\n\t\t\t<div id=\"floatingBarsG\">\n\t\t\t\t<div class=\"blockG\" id=\"rotateG_01\"><\/div>\n\t\t\t\t<div class=\"blockG\" id=\"rotateG_02\"><\/div>\n\t\t\t\t<div class=\"blockG\" id=\"rotateG_03\"><\/div>\n\t\t\t\t<div class=\"blockG\" id=\"rotateG_04\"><\/div>\n\t\t\t\t<div class=\"blockG\" id=\"rotateG_05\"><\/div>\n\t\t\t\t<div class=\"blockG\" id=\"rotateG_06\"><\/div>\n\t\t\t\t<div class=\"blockG\" id=\"rotateG_07\"><\/div>\n\t\t\t\t<div class=\"blockG\" id=\"rotateG_08\"><\/div>\n\t\t\t<\/div>\n\t\t\t<div class=\"WooZone-cross-sell-loader-text\"><\/div>\n\t\t<\/div>\n\t<\/div>\n\n\t\t\n<\/div>\n<div style=\"clear:both;\"><\/div>\n","protected":false},"excerpt":{"rendered":"<p>Vorsch\u00fcler sind besonders begeisterte Musiker. Unsere Miniaturinstrumente wurden entworfen, um Vorsch\u00fcler zu inspirieren<br \/>\nMischung aus klassischer Gitarre und Ukulele<br \/>\nPerfekte Gr\u00f6\u00dfe f\u00fcr j\u00fcngere Kinder<\/p>\n","protected":false},"featured_media":2913,"comment_status":"open","ping_status":"closed","template":"","meta":{"_acf_changed":false,"rs_blank_template":"","rs_page_bg_color":"","slide_template_v7":""},"product_brand":[],"product_cat":[63,15],"product_tag":[],"class_list":{"0":"post-2912","1":"product","2":"type-product","3":"status-publish","4":"has-post-thumbnail","6":"product_cat-kinderinstrumente","7":"product_cat-shop","8":"pa_brand-hape","10":"first","11":"instock","12":"shipping-taxable","13":"purchasable","14":"product-type-simple"},"acf":[],"_links":{"self":[{"href":"https:\/\/www.instrumentbox.de\/index.php?rest_route=\/wp\/v2\/product\/2912","targetHints":{"allow":["GET"]}}],"collection":[{"href":"https:\/\/www.instrumentbox.de\/index.php?rest_route=\/wp\/v2\/product"}],"about":[{"href":"https:\/\/www.instrumentbox.de\/index.php?rest_route=\/wp\/v2\/types\/product"}],"replies":[{"embeddable":true,"href":"https:\/\/www.instrumentbox.de\/index.php?rest_route=%2Fwp%2Fv2%2Fcomments&post=2912"}],"wp:featuredmedia":[{"embeddable":true,"href":"https:\/\/www.instrumentbox.de\/index.php?rest_route=\/wp\/v2\/media\/2913"}],"wp:attachment":[{"href":"https:\/\/www.instrumentbox.de\/index.php?rest_route=%2Fwp%2Fv2%2Fmedia&parent=2912"}],"wp:term":[{"taxonomy":"product_brand","embeddable":true,"href":"https:\/\/www.instrumentbox.de\/index.php?rest_route=%2Fwp%2Fv2%2Fproduct_brand&post=2912"},{"taxonomy":"product_cat","embeddable":true,"href":"https:\/\/www.instrumentbox.de\/index.php?rest_route=%2Fwp%2Fv2%2Fproduct_cat&post=2912"},{"taxonomy":"product_tag","embeddable":true,"href":"https:\/\/www.instrumentbox.de\/index.php?rest_route=%2Fwp%2Fv2%2Fproduct_tag&post=2912"}],"curies":[{"name":"wp","href":"https:\/\/api.w.org\/{rel}","templated":true}]}}