{"id":2949,"date":"2020-07-20T10:54:56","date_gmt":"2020-07-20T10:54:56","guid":{"rendered":"https:\/\/www.instrumentbox.de\/?product=kindsgut-musikinstrumenten-set-mit-gitarre-rasseln"},"modified":"2025-01-19T09:07:01","modified_gmt":"2025-01-19T08:07:01","slug":"kindsgut-musikinstrumenten-set-mit-gitarre-rasseln","status":"publish","type":"product","link":"https:\/\/www.instrumentbox.de\/?product=kindsgut-musikinstrumenten-set-mit-gitarre-rasseln","title":{"rendered":"Kindsgut Musikinstrumenten-Set mit Gitarre Rasseln und Tamburin, umweltfreundliches Material, frei von Schadstoffen, dezente und Moderne Farben, Punkte"},"content":{"rendered":"<p>Qualitativ hochwertiges Musikinstrumenten-Set aus Holz<br \/>\nEnth\u00e4lt eine Kindergitarre mit vier Saiten, zwei Rasseln und ein Tamburin mit Schellen<br \/>\nF\u00f6rdert spielerisch die motorischen F\u00e4higkeiten und den Spa\u00df an der Musik<br \/>\nUmweltfreundliche Materialien, frei von Schadstoffen und kindgerecht<br \/>\nSch\u00f6n verpackt im Kindsgut Design<br \/>\n<div class=\"main-cross-sell\" data-asin=\"B07T2RYNBV\">\n\n\t<div class=\"WooZone-cross-sell-loader\">\n\t\t<div>\n\t\t\t<div id=\"floatingBarsG\">\n\t\t\t\t<div class=\"blockG\" id=\"rotateG_01\"><\/div>\n\t\t\t\t<div class=\"blockG\" id=\"rotateG_02\"><\/div>\n\t\t\t\t<div class=\"blockG\" id=\"rotateG_03\"><\/div>\n\t\t\t\t<div class=\"blockG\" id=\"rotateG_04\"><\/div>\n\t\t\t\t<div class=\"blockG\" id=\"rotateG_05\"><\/div>\n\t\t\t\t<div class=\"blockG\" id=\"rotateG_06\"><\/div>\n\t\t\t\t<div class=\"blockG\" id=\"rotateG_07\"><\/div>\n\t\t\t\t<div class=\"blockG\" id=\"rotateG_08\"><\/div>\n\t\t\t<\/div>\n\t\t\t<div class=\"WooZone-cross-sell-loader-text\"><\/div>\n\t\t<\/div>\n\t<\/div>\n\n\t\t\n<\/div>\n<div style=\"clear:both;\"><\/div>\n","protected":false},"excerpt":{"rendered":"<p>Qualitativ hochwertiges Musikinstrumenten-Set aus Holz<br \/>\nEnth\u00e4lt eine Kindergitarre mit vier Saiten, zwei Rasseln und ein Tamburin mit Schellen<br \/>\nF\u00f6rdert spielerisch die motorischen F\u00e4higkeiten und den Spa\u00df an der Musik<\/p>\n","protected":false},"featured_media":2950,"comment_status":"open","ping_status":"closed","template":"","meta":{"_acf_changed":false,"rs_blank_template":"","rs_page_bg_color":"","slide_template_v7":""},"product_brand":[],"product_cat":[63,15],"product_tag":[],"class_list":{"0":"post-2949","1":"product","2":"type-product","3":"status-publish","4":"has-post-thumbnail","6":"product_cat-kinderinstrumente","7":"product_cat-shop","8":"pa_brand-kindsgut","10":"first","11":"instock","12":"shipping-taxable","13":"purchasable","14":"product-type-simple"},"acf":[],"_links":{"self":[{"href":"https:\/\/www.instrumentbox.de\/index.php?rest_route=\/wp\/v2\/product\/2949","targetHints":{"allow":["GET"]}}],"collection":[{"href":"https:\/\/www.instrumentbox.de\/index.php?rest_route=\/wp\/v2\/product"}],"about":[{"href":"https:\/\/www.instrumentbox.de\/index.php?rest_route=\/wp\/v2\/types\/product"}],"replies":[{"embeddable":true,"href":"https:\/\/www.instrumentbox.de\/index.php?rest_route=%2Fwp%2Fv2%2Fcomments&post=2949"}],"wp:featuredmedia":[{"embeddable":true,"href":"https:\/\/www.instrumentbox.de\/index.php?rest_route=\/wp\/v2\/media\/2950"}],"wp:attachment":[{"href":"https:\/\/www.instrumentbox.de\/index.php?rest_route=%2Fwp%2Fv2%2Fmedia&parent=2949"}],"wp:term":[{"taxonomy":"product_brand","embeddable":true,"href":"https:\/\/www.instrumentbox.de\/index.php?rest_route=%2Fwp%2Fv2%2Fproduct_brand&post=2949"},{"taxonomy":"product_cat","embeddable":true,"href":"https:\/\/www.instrumentbox.de\/index.php?rest_route=%2Fwp%2Fv2%2Fproduct_cat&post=2949"},{"taxonomy":"product_tag","embeddable":true,"href":"https:\/\/www.instrumentbox.de\/index.php?rest_route=%2Fwp%2Fv2%2Fproduct_tag&post=2949"}],"curies":[{"name":"wp","href":"https:\/\/api.w.org\/{rel}","templated":true}]}}