{"id":2959,"date":"2020-07-20T10:55:01","date_gmt":"2020-07-20T10:55:01","guid":{"rendered":"https:\/\/www.instrumentbox.de\/?product=bontempi-24-1310-1310-elektronische-gitarre-rock-mehrfarben"},"modified":"2025-01-20T11:18:36","modified_gmt":"2025-01-20T10:18:36","slug":"bontempi-24-1310-1310-elektronische-gitarre-rock-mehrfarben","status":"publish","type":"product","link":"https:\/\/www.instrumentbox.de\/?product=bontempi-24-1310-1310-elektronische-gitarre-rock-mehrfarben","title":{"rendered":"Bontempi 24 1310 1310-Elektronische Gitarre Rock, Mehrfarben, 67 x 22 x 4.5 cm"},"content":{"rendered":"<p><!-- show up to 2 reviews by default --> <\/p>\n<h3>Produktbeschreibung<\/h3>\n<p>Elektronische Gitarre Rock. 6 Metallsaiten mit Rockkl\u00e4ngen beim Anschlagen. 8 Demosongs. Tragegurt. Anschlu\u00dfbuchse f\u00fcr MP3-Players (Inkl. Verbindungskabel). Anschlu\u00dfbuchse f\u00fcr das Headset-Mikrofons (enthalten). Erforderlich: 3 R6 \/ AA 1,5V Batterien (nicht enthalten). <\/p>\n<h3>Warnhinweise<\/h3>\n<p>Achtung: Nicht f\u00fcr Kinder unter 36 Monaten geeignet <\/p>\n<p>6 Metallsaiten mit Rockkl\u00e4ngen beim Anschlagen<br \/>\n8 Demosongs<br \/>\nAnschlu\u00dfbuchse f\u00fcr MP3-Players (Inkl. Verbindungskabel)<br \/>\nAnschlu\u00dfbuchse f\u00fcr das Headset-Mikrofons (enthalten)<br \/>\nErforderlich: 3 R6 \/ AA 1,5V Batterien nicht enthalten<br \/>\n<div class=\"main-cross-sell\" data-asin=\"B06X6MKVQG\">\n\n\t<div class=\"WooZone-cross-sell-loader\">\n\t\t<div>\n\t\t\t<div id=\"floatingBarsG\">\n\t\t\t\t<div class=\"blockG\" id=\"rotateG_01\"><\/div>\n\t\t\t\t<div class=\"blockG\" id=\"rotateG_02\"><\/div>\n\t\t\t\t<div class=\"blockG\" id=\"rotateG_03\"><\/div>\n\t\t\t\t<div class=\"blockG\" id=\"rotateG_04\"><\/div>\n\t\t\t\t<div class=\"blockG\" id=\"rotateG_05\"><\/div>\n\t\t\t\t<div class=\"blockG\" id=\"rotateG_06\"><\/div>\n\t\t\t\t<div class=\"blockG\" id=\"rotateG_07\"><\/div>\n\t\t\t\t<div class=\"blockG\" id=\"rotateG_08\"><\/div>\n\t\t\t<\/div>\n\t\t\t<div class=\"WooZone-cross-sell-loader-text\"><\/div>\n\t\t<\/div>\n\t<\/div>\n\n\t\t\n<\/div>\n<div style=\"clear:both;\"><\/div>\n","protected":false},"excerpt":{"rendered":"<p>6 Metallsaiten mit Rockkl\u00e4ngen beim Anschlagen<br \/>\n8 Demosongs<br \/>\nAnschlu\u00dfbuchse f\u00fcr MP3-Players (Inkl. Verbindungskabel)<\/p>\n","protected":false},"featured_media":2960,"comment_status":"open","ping_status":"closed","template":"","meta":{"_acf_changed":false,"rs_blank_template":"","rs_page_bg_color":"","slide_template_v7":""},"product_brand":[],"product_cat":[63,15],"product_tag":[],"class_list":{"0":"post-2959","1":"product","2":"type-product","3":"status-publish","4":"has-post-thumbnail","6":"product_cat-kinderinstrumente","7":"product_cat-shop","8":"pa_brand-bontempi","10":"first","11":"instock","12":"shipping-taxable","13":"purchasable","14":"product-type-simple"},"acf":[],"_links":{"self":[{"href":"https:\/\/www.instrumentbox.de\/index.php?rest_route=\/wp\/v2\/product\/2959","targetHints":{"allow":["GET"]}}],"collection":[{"href":"https:\/\/www.instrumentbox.de\/index.php?rest_route=\/wp\/v2\/product"}],"about":[{"href":"https:\/\/www.instrumentbox.de\/index.php?rest_route=\/wp\/v2\/types\/product"}],"replies":[{"embeddable":true,"href":"https:\/\/www.instrumentbox.de\/index.php?rest_route=%2Fwp%2Fv2%2Fcomments&post=2959"}],"wp:featuredmedia":[{"embeddable":true,"href":"https:\/\/www.instrumentbox.de\/index.php?rest_route=\/wp\/v2\/media\/2960"}],"wp:attachment":[{"href":"https:\/\/www.instrumentbox.de\/index.php?rest_route=%2Fwp%2Fv2%2Fmedia&parent=2959"}],"wp:term":[{"taxonomy":"product_brand","embeddable":true,"href":"https:\/\/www.instrumentbox.de\/index.php?rest_route=%2Fwp%2Fv2%2Fproduct_brand&post=2959"},{"taxonomy":"product_cat","embeddable":true,"href":"https:\/\/www.instrumentbox.de\/index.php?rest_route=%2Fwp%2Fv2%2Fproduct_cat&post=2959"},{"taxonomy":"product_tag","embeddable":true,"href":"https:\/\/www.instrumentbox.de\/index.php?rest_route=%2Fwp%2Fv2%2Fproduct_tag&post=2959"}],"curies":[{"name":"wp","href":"https:\/\/api.w.org\/{rel}","templated":true}]}}