{"id":3038,"date":"2020-07-20T10:55:42","date_gmt":"2020-07-20T10:55:42","guid":{"rendered":"https:\/\/www.instrumentbox.de\/?product=voggenreiter-die-kleine-kinder-gitarre-pink"},"modified":"2024-07-01T14:39:18","modified_gmt":"2024-07-01T12:39:18","slug":"voggenreiter-die-kleine-kinder-gitarre-pink","status":"publish","type":"product","link":"https:\/\/www.instrumentbox.de\/?product=voggenreiter-die-kleine-kinder-gitarre-pink","title":{"rendered":"Die kleine Kindergitarre (1\/8) Pink"},"content":{"rendered":"<p><!-- show up to 2 reviews by default --> <\/p>\n<p>Voggenreiter \u2013 das kleine Kindergitarre 1\/8 ist die ideale &#8220;erste Gitarre f\u00fcr kleine Kinderh\u00e4nde, sieht aus und f\u00fchlt sich an wie ein&#8221; Gro\u00dfer. Der preiswerte Einstieg in die Welt der Musik. Rahmen und Boden Decke aus Linde und Hals der poplar. in pink. <\/p>\n<p>Rahmen und Boden Decke aus Linde<br \/>\nIdeale &#8220;Erste Gitarre f\u00fcr kleine Kinderh\u00e4nde<br \/>\nSieht aus und f\u00fchlen sich toll an<br \/>\nKosteng\u00fcnstige Einstieg in die Welt der Musik<br \/>\nToll als Geschenk<br \/>\n<div class=\"main-cross-sell\" data-asin=\"B076HCJCGC\">\n\n\t<div class=\"WooZone-cross-sell-loader\">\n\t\t<div>\n\t\t\t<div id=\"floatingBarsG\">\n\t\t\t\t<div class=\"blockG\" id=\"rotateG_01\"><\/div>\n\t\t\t\t<div class=\"blockG\" id=\"rotateG_02\"><\/div>\n\t\t\t\t<div class=\"blockG\" id=\"rotateG_03\"><\/div>\n\t\t\t\t<div class=\"blockG\" id=\"rotateG_04\"><\/div>\n\t\t\t\t<div class=\"blockG\" id=\"rotateG_05\"><\/div>\n\t\t\t\t<div class=\"blockG\" id=\"rotateG_06\"><\/div>\n\t\t\t\t<div class=\"blockG\" id=\"rotateG_07\"><\/div>\n\t\t\t\t<div class=\"blockG\" id=\"rotateG_08\"><\/div>\n\t\t\t<\/div>\n\t\t\t<div class=\"WooZone-cross-sell-loader-text\"><\/div>\n\t\t<\/div>\n\t<\/div>\n\n\t\t\n<\/div>\n<div style=\"clear:both;\"><\/div>\n","protected":false},"excerpt":{"rendered":"<p>Rahmen und Boden Decke aus Linde<br \/>\nIdeale &#8220;Erste Gitarre f\u00fcr kleine Kinderh\u00e4nde<br \/>\nSieht aus und f\u00fchlen sich toll an<\/p>\n","protected":false},"featured_media":3039,"comment_status":"open","ping_status":"closed","template":"","meta":{"_acf_changed":false,"rs_blank_template":"","rs_page_bg_color":"","slide_template_v7":""},"product_brand":[],"product_cat":[63,15],"product_tag":[],"class_list":{"0":"post-3038","1":"product","2":"type-product","3":"status-publish","4":"has-post-thumbnail","6":"product_cat-kinderinstrumente","7":"product_cat-shop","8":"pa_brand-voggenreiter","10":"first","11":"instock","12":"shipping-taxable","13":"purchasable","14":"product-type-simple"},"acf":[],"_links":{"self":[{"href":"https:\/\/www.instrumentbox.de\/index.php?rest_route=\/wp\/v2\/product\/3038","targetHints":{"allow":["GET"]}}],"collection":[{"href":"https:\/\/www.instrumentbox.de\/index.php?rest_route=\/wp\/v2\/product"}],"about":[{"href":"https:\/\/www.instrumentbox.de\/index.php?rest_route=\/wp\/v2\/types\/product"}],"replies":[{"embeddable":true,"href":"https:\/\/www.instrumentbox.de\/index.php?rest_route=%2Fwp%2Fv2%2Fcomments&post=3038"}],"wp:featuredmedia":[{"embeddable":true,"href":"https:\/\/www.instrumentbox.de\/index.php?rest_route=\/wp\/v2\/media\/3039"}],"wp:attachment":[{"href":"https:\/\/www.instrumentbox.de\/index.php?rest_route=%2Fwp%2Fv2%2Fmedia&parent=3038"}],"wp:term":[{"taxonomy":"product_brand","embeddable":true,"href":"https:\/\/www.instrumentbox.de\/index.php?rest_route=%2Fwp%2Fv2%2Fproduct_brand&post=3038"},{"taxonomy":"product_cat","embeddable":true,"href":"https:\/\/www.instrumentbox.de\/index.php?rest_route=%2Fwp%2Fv2%2Fproduct_cat&post=3038"},{"taxonomy":"product_tag","embeddable":true,"href":"https:\/\/www.instrumentbox.de\/index.php?rest_route=%2Fwp%2Fv2%2Fproduct_tag&post=3038"}],"curies":[{"name":"wp","href":"https:\/\/api.w.org\/{rel}","templated":true}]}}