{"id":3070,"date":"2020-07-20T10:59:18","date_gmt":"2020-07-20T10:59:18","guid":{"rendered":"https:\/\/www.instrumentbox.de\/?product=106839858-simba-my-music-world-schlagzeug"},"modified":"2025-01-22T23:01:37","modified_gmt":"2025-01-22T22:01:37","slug":"106839858-simba-my-music-world-schlagzeug","status":"publish","type":"product","link":"https:\/\/www.instrumentbox.de\/?product=106839858-simba-my-music-world-schlagzeug","title":{"rendered":"106839858 &#8211; Simba My Music World &#8211; Schlagzeug"},"content":{"rendered":"<p><!-- show up to 2 reviews by default --> <\/p>\n<p>MMW Schlagzeug Little Drum: Lerne dich rhythmisch sowie klanglich auszudr\u00fccken. Dieses Schlagzeug ist f\u00fcr kleine Anf\u00e4nger geeignet. Es ist 55 cm hoch und umfasst einen Hocker, Fu\u00dfpedal, Metallbecken, eine gro\u00dfe und zwei kleinere Trommeln. F\u00fcr Kinder ab 3 Jahren geeignet. <\/p>\n<p>Audio\/Video Motivation: H\u00f6ren; Lernen; Musikalit\u00e4t<br \/>\nGeschlecht: M\u00e4dchen und Jungen<br \/>\nZielgruppe: Kleinkind; Kindergarten<br \/>\n<div class=\"main-cross-sell\" data-asin=\"B0000WP40O\">\n\n\t<div class=\"WooZone-cross-sell-loader\">\n\t\t<div>\n\t\t\t<div id=\"floatingBarsG\">\n\t\t\t\t<div class=\"blockG\" id=\"rotateG_01\"><\/div>\n\t\t\t\t<div class=\"blockG\" id=\"rotateG_02\"><\/div>\n\t\t\t\t<div class=\"blockG\" id=\"rotateG_03\"><\/div>\n\t\t\t\t<div class=\"blockG\" id=\"rotateG_04\"><\/div>\n\t\t\t\t<div class=\"blockG\" id=\"rotateG_05\"><\/div>\n\t\t\t\t<div class=\"blockG\" id=\"rotateG_06\"><\/div>\n\t\t\t\t<div class=\"blockG\" id=\"rotateG_07\"><\/div>\n\t\t\t\t<div class=\"blockG\" id=\"rotateG_08\"><\/div>\n\t\t\t<\/div>\n\t\t\t<div class=\"WooZone-cross-sell-loader-text\"><\/div>\n\t\t<\/div>\n\t<\/div>\n\n\t\t\n<\/div>\n<div style=\"clear:both;\"><\/div>\n","protected":false},"excerpt":{"rendered":"<p>Audio\/Video Motivation: H\u00f6ren; Lernen; Musikalit\u00e4t<br \/>\nGeschlecht: M\u00e4dchen und Jungen<br \/>\nZielgruppe: Kleinkind; Kindergarten<\/p>\n","protected":false},"featured_media":3071,"comment_status":"open","ping_status":"closed","template":"","meta":{"_acf_changed":false,"rs_blank_template":"","rs_page_bg_color":"","slide_template_v7":""},"product_brand":[],"product_cat":[63,15],"product_tag":[],"class_list":{"0":"post-3070","1":"product","2":"type-product","3":"status-publish","4":"has-post-thumbnail","6":"product_cat-kinderinstrumente","7":"product_cat-shop","8":"pa_brand-simba","10":"first","11":"instock","12":"shipping-taxable","13":"purchasable","14":"product-type-simple"},"acf":[],"_links":{"self":[{"href":"https:\/\/www.instrumentbox.de\/index.php?rest_route=\/wp\/v2\/product\/3070","targetHints":{"allow":["GET"]}}],"collection":[{"href":"https:\/\/www.instrumentbox.de\/index.php?rest_route=\/wp\/v2\/product"}],"about":[{"href":"https:\/\/www.instrumentbox.de\/index.php?rest_route=\/wp\/v2\/types\/product"}],"replies":[{"embeddable":true,"href":"https:\/\/www.instrumentbox.de\/index.php?rest_route=%2Fwp%2Fv2%2Fcomments&post=3070"}],"wp:featuredmedia":[{"embeddable":true,"href":"https:\/\/www.instrumentbox.de\/index.php?rest_route=\/wp\/v2\/media\/3071"}],"wp:attachment":[{"href":"https:\/\/www.instrumentbox.de\/index.php?rest_route=%2Fwp%2Fv2%2Fmedia&parent=3070"}],"wp:term":[{"taxonomy":"product_brand","embeddable":true,"href":"https:\/\/www.instrumentbox.de\/index.php?rest_route=%2Fwp%2Fv2%2Fproduct_brand&post=3070"},{"taxonomy":"product_cat","embeddable":true,"href":"https:\/\/www.instrumentbox.de\/index.php?rest_route=%2Fwp%2Fv2%2Fproduct_cat&post=3070"},{"taxonomy":"product_tag","embeddable":true,"href":"https:\/\/www.instrumentbox.de\/index.php?rest_route=%2Fwp%2Fv2%2Fproduct_tag&post=3070"}],"curies":[{"name":"wp","href":"https:\/\/api.w.org\/{rel}","templated":true}]}}