{"id":3124,"date":"2020-07-20T10:59:49","date_gmt":"2020-07-20T10:59:49","guid":{"rendered":"https:\/\/www.instrumentbox.de\/?product=cherrystone-0754235504511-kinderschlagzeug-komplettset-blau-metallic"},"modified":"2024-01-02T04:48:46","modified_gmt":"2024-01-02T03:48:46","slug":"cherrystone-0754235504511-kinderschlagzeug-komplettset-blau-metallic","status":"publish","type":"product","link":"https:\/\/www.instrumentbox.de\/?product=cherrystone-0754235504511-kinderschlagzeug-komplettset-blau-metallic","title":{"rendered":"Cherrystone 0754235504511 Kinderschlagzeug Komplettset blau\/metallic"},"content":{"rendered":"<div class=\"disclaim\"> Farbe:<strong>blau metallic<\/strong> <\/div>\n<p> <!-- show up to 2 reviews by default --> <\/p>\n<p>Kinderschlagzeug Junior Drum &#8220;Cherrystone&#8221; in 4 Farben, ab 3 Jahre Hier werden die Motorik und das Rhythmusgef\u00fchl geschult. Mit diesem Instrument, bestehend aus Trommel (20 x 12 cm), Snare (20 x 12 cm), BassDrum (30x 25 cm) mit Fu\u00dfpedal aus Metall und 1 Becken (20cm), finden Kinder ihren Platz in jeder Band! Der h\u00f6henverstellbare Hocker, mit klappbarem Stativ aus Metall und Gummikappen an den F\u00fc\u00dfen, gibt auch starken Anf\u00e4llen von Trommelwut einen sicheren Sitz! F\u00fcr eine super Optik sorgen die folierten mehrschichtig verleimten Kessel. Ma\u00dfe: ca. 65 x 56 cm tausende unserer Kunden sind von unseren Instrumenten und deren Qualit\u00e4t \u00fcberzeugt wir lassen die Instrumente von f\u00fchrenden Herstellern f\u00fcr uns produzieren Angeboten wird das Set in 4 Farben <\/p>\n<p>Geben Sie Ihr Modell ein, um sicherzustellen, dass dieser Artikel passt.<br \/>\nKinderschlagzeug Junior Drum &#8220;Cherrystone&#8221; in 4 Farben, ab 3 Jahre<br \/>\nHier werden die Motorik und das Rhythmusgef\u00fchl geschult.<br \/>\nMit diesem Instrument, bestehend aus Trommel (20 x 12 cm), Snare (20 x 12 cm), BassDrum (30x 25 cm) mit Fu\u00dfpedal aus Metall und 1 Becken (20cm), finden Kinder ihren Platz in jeder Band!<br \/>\nDer h\u00f6henverstellbare Hocker, mit klappbarem Stativ aus Metall und Gummikappen an den F\u00fc\u00dfen, gibt auch starken Anf\u00e4llen von Trommelwut einen sicheren Sitz!<br \/>\nF\u00fcr eine super Optik sorgen die folierten mehrschichtig verleimten Kessel. Ma\u00dfe: ca. 65 x 56 cm.<br \/>\n<div class=\"main-cross-sell\" data-asin=\"B00KMWW3NS\">\n\n\t<div class=\"WooZone-cross-sell-loader\">\n\t\t<div>\n\t\t\t<div id=\"floatingBarsG\">\n\t\t\t\t<div class=\"blockG\" id=\"rotateG_01\"><\/div>\n\t\t\t\t<div class=\"blockG\" id=\"rotateG_02\"><\/div>\n\t\t\t\t<div class=\"blockG\" id=\"rotateG_03\"><\/div>\n\t\t\t\t<div class=\"blockG\" id=\"rotateG_04\"><\/div>\n\t\t\t\t<div class=\"blockG\" id=\"rotateG_05\"><\/div>\n\t\t\t\t<div class=\"blockG\" id=\"rotateG_06\"><\/div>\n\t\t\t\t<div class=\"blockG\" id=\"rotateG_07\"><\/div>\n\t\t\t\t<div class=\"blockG\" id=\"rotateG_08\"><\/div>\n\t\t\t<\/div>\n\t\t\t<div class=\"WooZone-cross-sell-loader-text\"><\/div>\n\t\t<\/div>\n\t<\/div>\n\n\t\t\n<\/div>\n<div style=\"clear:both;\"><\/div>\n","protected":false},"excerpt":{"rendered":"<p>Geben Sie Ihr Modell ein, um sicherzustellen, dass dieser Artikel passt.<br \/>\nKinderschlagzeug Junior Drum &#8220;Cherrystone&#8221; in 4 Farben, ab 3 Jahre<br \/>\nHier werden die Motorik und das Rhythmusgef\u00fchl geschult.<\/p>\n","protected":false},"featured_media":3125,"comment_status":"open","ping_status":"closed","template":"","meta":{"_acf_changed":false,"rs_blank_template":"","rs_page_bg_color":"","slide_template_v7":""},"product_brand":[],"product_cat":[63,15],"product_tag":[],"class_list":{"0":"post-3124","1":"product","2":"type-product","3":"status-publish","4":"has-post-thumbnail","6":"product_cat-kinderinstrumente","7":"product_cat-shop","8":"pa_brand-cherrystone","10":"first","11":"instock","12":"shipping-taxable","13":"purchasable","14":"product-type-simple"},"acf":[],"_links":{"self":[{"href":"https:\/\/www.instrumentbox.de\/index.php?rest_route=\/wp\/v2\/product\/3124","targetHints":{"allow":["GET"]}}],"collection":[{"href":"https:\/\/www.instrumentbox.de\/index.php?rest_route=\/wp\/v2\/product"}],"about":[{"href":"https:\/\/www.instrumentbox.de\/index.php?rest_route=\/wp\/v2\/types\/product"}],"replies":[{"embeddable":true,"href":"https:\/\/www.instrumentbox.de\/index.php?rest_route=%2Fwp%2Fv2%2Fcomments&post=3124"}],"wp:featuredmedia":[{"embeddable":true,"href":"https:\/\/www.instrumentbox.de\/index.php?rest_route=\/wp\/v2\/media\/3125"}],"wp:attachment":[{"href":"https:\/\/www.instrumentbox.de\/index.php?rest_route=%2Fwp%2Fv2%2Fmedia&parent=3124"}],"wp:term":[{"taxonomy":"product_brand","embeddable":true,"href":"https:\/\/www.instrumentbox.de\/index.php?rest_route=%2Fwp%2Fv2%2Fproduct_brand&post=3124"},{"taxonomy":"product_cat","embeddable":true,"href":"https:\/\/www.instrumentbox.de\/index.php?rest_route=%2Fwp%2Fv2%2Fproduct_cat&post=3124"},{"taxonomy":"product_tag","embeddable":true,"href":"https:\/\/www.instrumentbox.de\/index.php?rest_route=%2Fwp%2Fv2%2Fproduct_tag&post=3124"}],"curies":[{"name":"wp","href":"https:\/\/api.w.org\/{rel}","templated":true}]}}