{"id":3150,"date":"2020-07-20T11:03:00","date_gmt":"2020-07-20T11:03:00","guid":{"rendered":"https:\/\/www.instrumentbox.de\/?product=simba-106838629-my-music-world-standkeyboard-55-cm"},"modified":"2024-01-03T04:01:10","modified_gmt":"2024-01-03T03:01:10","slug":"simba-106838629-my-music-world-standkeyboard-55-cm","status":"publish","type":"product","link":"https:\/\/www.instrumentbox.de\/?product=simba-106838629-my-music-world-standkeyboard-55-cm","title":{"rendered":"Simba 106838629 &#8211; My Music World Standkeyboard, 31 Tasten, Licht und Sound, 55cm, ab 3 Jahre"},"content":{"rendered":"<p><!-- show up to 2 reviews by default --> <\/p>\n<p>MMW Standkeyboard: Mit dem My Music World Standkeyboard holt man sich Musik, Spa\u00df und viel Unterhaltung nach Hause. \u00dcber das Bedienfeld k\u00f6nnen verschiedene Rhythmen, Melodien und Soundeffekte eingestellt werden zu denen die Kinder spielen und singen k\u00f6nnen. Zus\u00e4tzlich gibt es die M\u00f6glichkeit Lieder aufzunehmen um sie sp\u00e4ter den Zuh\u00f6rern vorspielen zu k\u00f6nnen. Das Standkeyboard von My Music World verf\u00fcgt \u00fcber einen On-\/Off Schalter, Lautst\u00e4rkeregelung, Tierstimmen, Lichteffekte und ein echtes Mikrofon. Es hat 31 Tasten und eine H\u00f6he von 55cm. Der Hocker ist 23cm hoch. F\u00fcr Kinder ab 3 Jahren geeignet. Batterien 3x 1,5V LR6 sind nicht enthalten. <\/p>\n<p>Material: Kunststoff<br \/>\nMa\u00dfe: 55 cm<br \/>\nBesonderheit: Mit Licht und Sound<br \/>\nAltersempfehlung: 3 &#8211; 10 Jahre<br \/>\n<div class=\"main-cross-sell\" data-asin=\"B00G6BE4TK\">\n\n\t<div class=\"WooZone-cross-sell-loader\">\n\t\t<div>\n\t\t\t<div id=\"floatingBarsG\">\n\t\t\t\t<div class=\"blockG\" id=\"rotateG_01\"><\/div>\n\t\t\t\t<div class=\"blockG\" id=\"rotateG_02\"><\/div>\n\t\t\t\t<div class=\"blockG\" id=\"rotateG_03\"><\/div>\n\t\t\t\t<div class=\"blockG\" id=\"rotateG_04\"><\/div>\n\t\t\t\t<div class=\"blockG\" id=\"rotateG_05\"><\/div>\n\t\t\t\t<div class=\"blockG\" id=\"rotateG_06\"><\/div>\n\t\t\t\t<div class=\"blockG\" id=\"rotateG_07\"><\/div>\n\t\t\t\t<div class=\"blockG\" id=\"rotateG_08\"><\/div>\n\t\t\t<\/div>\n\t\t\t<div class=\"WooZone-cross-sell-loader-text\"><\/div>\n\t\t<\/div>\n\t<\/div>\n\n\t\t\n<\/div>\n<div style=\"clear:both;\"><\/div>\n","protected":false},"excerpt":{"rendered":"<p>Material: Kunststoff<br \/>\nMa\u00dfe: 55 cm<br \/>\nBesonderheit: Mit Licht und Sound<\/p>\n","protected":false},"featured_media":3151,"comment_status":"open","ping_status":"closed","template":"","meta":{"_acf_changed":false,"rs_blank_template":"","rs_page_bg_color":"","slide_template_v7":""},"product_brand":[],"product_cat":[63,15],"product_tag":[],"class_list":{"0":"post-3150","1":"product","2":"type-product","3":"status-publish","4":"has-post-thumbnail","6":"product_cat-kinderinstrumente","7":"product_cat-shop","8":"pa_brand-simba","10":"first","11":"instock","12":"shipping-taxable","13":"purchasable","14":"product-type-simple"},"acf":[],"_links":{"self":[{"href":"https:\/\/www.instrumentbox.de\/index.php?rest_route=\/wp\/v2\/product\/3150","targetHints":{"allow":["GET"]}}],"collection":[{"href":"https:\/\/www.instrumentbox.de\/index.php?rest_route=\/wp\/v2\/product"}],"about":[{"href":"https:\/\/www.instrumentbox.de\/index.php?rest_route=\/wp\/v2\/types\/product"}],"replies":[{"embeddable":true,"href":"https:\/\/www.instrumentbox.de\/index.php?rest_route=%2Fwp%2Fv2%2Fcomments&post=3150"}],"wp:featuredmedia":[{"embeddable":true,"href":"https:\/\/www.instrumentbox.de\/index.php?rest_route=\/wp\/v2\/media\/3151"}],"wp:attachment":[{"href":"https:\/\/www.instrumentbox.de\/index.php?rest_route=%2Fwp%2Fv2%2Fmedia&parent=3150"}],"wp:term":[{"taxonomy":"product_brand","embeddable":true,"href":"https:\/\/www.instrumentbox.de\/index.php?rest_route=%2Fwp%2Fv2%2Fproduct_brand&post=3150"},{"taxonomy":"product_cat","embeddable":true,"href":"https:\/\/www.instrumentbox.de\/index.php?rest_route=%2Fwp%2Fv2%2Fproduct_cat&post=3150"},{"taxonomy":"product_tag","embeddable":true,"href":"https:\/\/www.instrumentbox.de\/index.php?rest_route=%2Fwp%2Fv2%2Fproduct_tag&post=3150"}],"curies":[{"name":"wp","href":"https:\/\/api.w.org\/{rel}","templated":true}]}}