{"id":3206,"date":"2020-07-20T11:08:44","date_gmt":"2020-07-20T11:08:44","guid":{"rendered":"https:\/\/www.instrumentbox.de\/?product=ibanez-gio-e-gitarre-6-string-black-flat-grg121dx-bkf"},"modified":"2025-01-24T02:45:02","modified_gmt":"2025-01-24T01:45:02","slug":"ibanez-gio-e-gitarre-6-string-black-flat-grg121dx-bkf","status":"publish","type":"product","link":"https:\/\/www.instrumentbox.de\/?product=ibanez-gio-e-gitarre-6-string-black-flat-grg121dx-bkf","title":{"rendered":"Ibanez GRG121DX-BKF GIO RG Series Electric Guitar &#8211; Black Flat"},"content":{"rendered":"<p><!-- show up to 2 reviews by default --> <\/p>\n<p>Die GRG121DX aus der Ibanez Gio-Serie beweist eindrucksvoll, dass ein gut spielbares und vor allem auch gut klingendes Instrument keineswegs viel Geld kosten muss! Klassische RG-Korpuskonturen mit weitem Tummy-Cut und angeschr\u00e4gter Armauflage sorgen auch nach stundenlangen Sessions f\u00fcr anhaltenden Spielspa\u00df, w\u00e4hrend der schlanke Wizard-Hals im GRG-Profil mit flachem Griffbrett in allen Lagen flink und und pr\u00e4zise Aktionen zul\u00e4sst. Zwei hauseigene IBZ-6 Humbucker in Hals- und Stegposition mit Keramikmagneten sorgen letztendlich f\u00fcr den amtlichen Sound des Rock bis hin zu modernem Metal. <\/p>\n<p>Geben Sie Ihr Modell ein, um sicherzustellen, dass dieser Artikel passt.<br \/>\nAhornhals sowie Mahagonikorpus<br \/>\n24 Jumbob\u00fcnde<br \/>\nPalisander Griffbrett mit Binding mit Sharktooth Inlays<br \/>\nFeste Br\u00fccke<br \/>\nIBZ-6 (H) Halstonabnehmer (Passive\/Ceramic), IBZ-6 (H) Stegtonabnehmer (Passive\/Ceramic)<br \/>\n<div class=\"main-cross-sell\" data-asin=\"B00S8JUELA\">\n\n\t<div class=\"WooZone-cross-sell-loader\">\n\t\t<div>\n\t\t\t<div id=\"floatingBarsG\">\n\t\t\t\t<div class=\"blockG\" id=\"rotateG_01\"><\/div>\n\t\t\t\t<div class=\"blockG\" id=\"rotateG_02\"><\/div>\n\t\t\t\t<div class=\"blockG\" id=\"rotateG_03\"><\/div>\n\t\t\t\t<div class=\"blockG\" id=\"rotateG_04\"><\/div>\n\t\t\t\t<div class=\"blockG\" id=\"rotateG_05\"><\/div>\n\t\t\t\t<div class=\"blockG\" id=\"rotateG_06\"><\/div>\n\t\t\t\t<div class=\"blockG\" id=\"rotateG_07\"><\/div>\n\t\t\t\t<div class=\"blockG\" id=\"rotateG_08\"><\/div>\n\t\t\t<\/div>\n\t\t\t<div class=\"WooZone-cross-sell-loader-text\"><\/div>\n\t\t<\/div>\n\t<\/div>\n\n\t\t\n<\/div>\n<div style=\"clear:both;\"><\/div>\n","protected":false},"excerpt":{"rendered":"<p>Geben Sie Ihr Modell ein, um sicherzustellen, dass dieser Artikel passt.<br \/>\nAhornhals sowie Mahagonikorpus<br \/>\n24 Jumbob\u00fcnde<\/p>\n","protected":false},"featured_media":3207,"comment_status":"open","ping_status":"closed","template":"","meta":{"_acf_changed":false,"rs_blank_template":"","rs_page_bg_color":"","slide_template_v7":""},"product_brand":[],"product_cat":[38,15],"product_tag":[],"class_list":{"0":"post-3206","1":"product","2":"type-product","3":"status-publish","4":"has-post-thumbnail","6":"product_cat-gitarre","7":"product_cat-shop","8":"pa_brand-ibanez","10":"first","11":"instock","12":"shipping-taxable","13":"purchasable","14":"product-type-simple"},"acf":[],"_links":{"self":[{"href":"https:\/\/www.instrumentbox.de\/index.php?rest_route=\/wp\/v2\/product\/3206","targetHints":{"allow":["GET"]}}],"collection":[{"href":"https:\/\/www.instrumentbox.de\/index.php?rest_route=\/wp\/v2\/product"}],"about":[{"href":"https:\/\/www.instrumentbox.de\/index.php?rest_route=\/wp\/v2\/types\/product"}],"replies":[{"embeddable":true,"href":"https:\/\/www.instrumentbox.de\/index.php?rest_route=%2Fwp%2Fv2%2Fcomments&post=3206"}],"wp:featuredmedia":[{"embeddable":true,"href":"https:\/\/www.instrumentbox.de\/index.php?rest_route=\/wp\/v2\/media\/3207"}],"wp:attachment":[{"href":"https:\/\/www.instrumentbox.de\/index.php?rest_route=%2Fwp%2Fv2%2Fmedia&parent=3206"}],"wp:term":[{"taxonomy":"product_brand","embeddable":true,"href":"https:\/\/www.instrumentbox.de\/index.php?rest_route=%2Fwp%2Fv2%2Fproduct_brand&post=3206"},{"taxonomy":"product_cat","embeddable":true,"href":"https:\/\/www.instrumentbox.de\/index.php?rest_route=%2Fwp%2Fv2%2Fproduct_cat&post=3206"},{"taxonomy":"product_tag","embeddable":true,"href":"https:\/\/www.instrumentbox.de\/index.php?rest_route=%2Fwp%2Fv2%2Fproduct_tag&post=3206"}],"curies":[{"name":"wp","href":"https:\/\/api.w.org\/{rel}","templated":true}]}}