{"id":3220,"date":"2020-07-20T11:08:50","date_gmt":"2020-07-20T11:08:50","guid":{"rendered":"https:\/\/www.instrumentbox.de\/?product=rocktile-pro-l-200ohb-e-gitarre-orange-honey-burst"},"modified":"2025-01-23T00:18:32","modified_gmt":"2025-01-22T23:18:32","slug":"rocktile-pro-l-200ohb-e-gitarre-orange-honey-burst","status":"publish","type":"product","link":"https:\/\/www.instrumentbox.de\/?product=rocktile-pro-l-200ohb-e-gitarre-orange-honey-burst","title":{"rendered":"Rocktile Pro L-200OHB E-Gitarre &#8211; Korpus: Mahagoni &#8211; 2 Humbucker Tonabnehmer &#8211; geleimter Ahorn-Hals &#8211; Palisander Griffbrett &#8211; Tune-O-matic Bridge und Stop Bar Tailpiece &#8211; Orange Honey Burst"},"content":{"rendered":"<p><!-- show up to 2 reviews by default --> <\/p>\n<p><b>Rocktile Pro Series &#8211; Gitarrenfans aufgepasst!<\/b><\/p>\n<p><b>Die Rocktile E-Gitarren aus der Pro-Serie bestechen allesamt durch ihre wundersch\u00f6ne Optik und hervorragende<br \/> Verarbeitung. Dabei \u00e4hneln sie nicht nur von der Form her ihren gro\u00dfen Vorbildern der Rockgeschichte, sondern<br \/> k\u00f6nnen erst recht durch Technik vom Feinsten \u00fcberzeugen.<\/b><\/p>\n<p>Die edlen und akustisch hochwertigen Instrumente sind aus ausgesuchten H\u00f6lzern gefertigt und mit professioneller Hardware<br \/> versehen, so dass sie selbst hohen Anspr\u00fcchen gerecht werden. Die ausgesuchte Hardware garantiert erstklassigen Sound,<br \/> der bei Gitarren dieser Preisklasse seines gleichen sucht.<\/p>\n<p>Die L-200OHB \u00fcberzeugt durch den Mahagoni-Korpus in Orange Honey Burst-Lackierung mit goldfarbiger Hardware aber<br \/> auch optisch. Hier finden Sie ein absolut edles Instrument das in Sachen Sound aber auch nichts anbrennen l\u00e4sst.<\/p>\n<p>Auch Profis sind von den Qualit\u00e4ten der Rocktile Pro Gitarren begeistert &#8211; f\u00fcr Anf\u00e4nger ist gerade die leichte Bespielbarkeit<br \/> der Instrumente sehr hilfreich, da sie schnelle Lernerfolge garantiert. Der Kenner wei\u00df dies ohnehin zu sch\u00e4tzen!<\/p>\n<p><b>Ideal f\u00fcr Profis &amp; Anf\u00e4nger &#8211; Keep Calm and Play Guitar!<\/b><\/p>\n<\/p>\n<p>Geben Sie Ihr Modell ein, um sicherzustellen, dass dieser Artikel passt.<br \/>\nModell: LP-200HB, zwei Humbucker und 22 B\u00fcnde<br \/>\nMahagoni Korpus, Rosenholz Griffbrett und Ahorn Hals<br \/>\nZwei Volume- und zwei Tone-Poti, PickUp-Wahlschalter<br \/>\nSchwarzes Schlagbrett<br \/>\n<div class=\"main-cross-sell\" data-asin=\"B002TMNQXU\">\n\n\t<div class=\"WooZone-cross-sell-loader\">\n\t\t<div>\n\t\t\t<div id=\"floatingBarsG\">\n\t\t\t\t<div class=\"blockG\" id=\"rotateG_01\"><\/div>\n\t\t\t\t<div class=\"blockG\" id=\"rotateG_02\"><\/div>\n\t\t\t\t<div class=\"blockG\" id=\"rotateG_03\"><\/div>\n\t\t\t\t<div class=\"blockG\" id=\"rotateG_04\"><\/div>\n\t\t\t\t<div class=\"blockG\" id=\"rotateG_05\"><\/div>\n\t\t\t\t<div class=\"blockG\" id=\"rotateG_06\"><\/div>\n\t\t\t\t<div class=\"blockG\" id=\"rotateG_07\"><\/div>\n\t\t\t\t<div class=\"blockG\" id=\"rotateG_08\"><\/div>\n\t\t\t<\/div>\n\t\t\t<div class=\"WooZone-cross-sell-loader-text\"><\/div>\n\t\t<\/div>\n\t<\/div>\n\n\t\t\n<\/div>\n<div style=\"clear:both;\"><\/div>\n","protected":false},"excerpt":{"rendered":"<p>Geben Sie Ihr Modell ein, um sicherzustellen, dass dieser Artikel passt.<br \/>\nModell: LP-200HB, zwei Humbucker und 22 B\u00fcnde<br \/>\nMahagoni Korpus, Rosenholz Griffbrett und Ahorn Hals<\/p>\n","protected":false},"featured_media":3221,"comment_status":"open","ping_status":"closed","template":"","meta":{"_acf_changed":false,"rs_blank_template":"","rs_page_bg_color":"","slide_template_v7":""},"product_brand":[],"product_cat":[38,15],"product_tag":[],"class_list":{"0":"post-3220","1":"product","2":"type-product","3":"status-publish","4":"has-post-thumbnail","6":"product_cat-gitarre","7":"product_cat-shop","8":"pa_brand-rocktile","10":"first","11":"instock","12":"shipping-taxable","13":"purchasable","14":"product-type-simple"},"acf":[],"_links":{"self":[{"href":"https:\/\/www.instrumentbox.de\/index.php?rest_route=\/wp\/v2\/product\/3220","targetHints":{"allow":["GET"]}}],"collection":[{"href":"https:\/\/www.instrumentbox.de\/index.php?rest_route=\/wp\/v2\/product"}],"about":[{"href":"https:\/\/www.instrumentbox.de\/index.php?rest_route=\/wp\/v2\/types\/product"}],"replies":[{"embeddable":true,"href":"https:\/\/www.instrumentbox.de\/index.php?rest_route=%2Fwp%2Fv2%2Fcomments&post=3220"}],"wp:featuredmedia":[{"embeddable":true,"href":"https:\/\/www.instrumentbox.de\/index.php?rest_route=\/wp\/v2\/media\/3221"}],"wp:attachment":[{"href":"https:\/\/www.instrumentbox.de\/index.php?rest_route=%2Fwp%2Fv2%2Fmedia&parent=3220"}],"wp:term":[{"taxonomy":"product_brand","embeddable":true,"href":"https:\/\/www.instrumentbox.de\/index.php?rest_route=%2Fwp%2Fv2%2Fproduct_brand&post=3220"},{"taxonomy":"product_cat","embeddable":true,"href":"https:\/\/www.instrumentbox.de\/index.php?rest_route=%2Fwp%2Fv2%2Fproduct_cat&post=3220"},{"taxonomy":"product_tag","embeddable":true,"href":"https:\/\/www.instrumentbox.de\/index.php?rest_route=%2Fwp%2Fv2%2Fproduct_tag&post=3220"}],"curies":[{"name":"wp","href":"https:\/\/api.w.org\/{rel}","templated":true}]}}