{"id":3226,"date":"2020-07-20T11:11:00","date_gmt":"2020-07-20T11:11:00","guid":{"rendered":"https:\/\/www.instrumentbox.de\/?product=fender-squier-bullet-telecaster-brown-sunburst-lt-edition"},"modified":"2024-01-03T04:04:33","modified_gmt":"2024-01-03T03:04:33","slug":"fender-squier-bullet-telecaster-brown-sunburst-lt-edition","status":"publish","type":"product","link":"https:\/\/www.instrumentbox.de\/?product=fender-squier-bullet-telecaster-brown-sunburst-lt-edition","title":{"rendered":"Squier Bullet Telecaster SS E-Gitarre, Brown Sunburst, Laurel Fingerboard"},"content":{"rendered":"<p><!-- show up to 2 reviews by default --> <\/p>\n<p>Die Fender Squier Bullet Tele IL BSB E-Gitarre zeichnet sich durch ihren typischen Telecaster Sound, der von den beiden Standard Single-Coils hervorgerufen wird aus. Ein Highlight ist ist das &#8220;C&#8221;-f\u00f6rmige Halsprofil, welches sich hervorragend spielen l\u00e4sst. Die Chrom-Mechaniken sorgen f\u00fcr eine hohe Stimmstabilit\u00e4t.Features- Modell: Fender Squier Bullet Tele IL BSB- Bauform: Telecaster- Korpus: Pappel- Hals: Ahorn- Griffbrett: Indian Laurel- Sattel: PPS- Sattelbreite: 42 mm- Mensur: 648 mm- B\u00fcnde: 22- Halsprofil: &#8220;C&#8221;- Tonabnehmer: 2 x Standard Single-Coil Tele- Hardware: Chrom- Finish: Hochglanz- Schlagbrett: 1-Ply White <\/p>\n<p>Geben Sie Ihr Modell ein, um sicherzustellen, dass dieser Artikel passt.<br \/>\n1 St\u00fcck<br \/>\n<div class=\"main-cross-sell\" data-asin=\"B07TFR8XBR\">\n\n\t<div class=\"WooZone-cross-sell-loader\">\n\t\t<div>\n\t\t\t<div id=\"floatingBarsG\">\n\t\t\t\t<div class=\"blockG\" id=\"rotateG_01\"><\/div>\n\t\t\t\t<div class=\"blockG\" id=\"rotateG_02\"><\/div>\n\t\t\t\t<div class=\"blockG\" id=\"rotateG_03\"><\/div>\n\t\t\t\t<div class=\"blockG\" id=\"rotateG_04\"><\/div>\n\t\t\t\t<div class=\"blockG\" id=\"rotateG_05\"><\/div>\n\t\t\t\t<div class=\"blockG\" id=\"rotateG_06\"><\/div>\n\t\t\t\t<div class=\"blockG\" id=\"rotateG_07\"><\/div>\n\t\t\t\t<div class=\"blockG\" id=\"rotateG_08\"><\/div>\n\t\t\t<\/div>\n\t\t\t<div class=\"WooZone-cross-sell-loader-text\"><\/div>\n\t\t<\/div>\n\t<\/div>\n\n\t\t\n<\/div>\n<div style=\"clear:both;\"><\/div>\n","protected":false},"excerpt":{"rendered":"<p>Geben Sie Ihr Modell ein, um sicherzustellen, dass dieser Artikel passt.<br \/>\n1 St\u00fcck<\/p>\n","protected":false},"featured_media":3227,"comment_status":"open","ping_status":"closed","template":"","meta":{"_acf_changed":false,"rs_blank_template":"","rs_page_bg_color":"","slide_template_v7":""},"product_brand":[],"product_cat":[38,15],"product_tag":[],"class_list":{"0":"post-3226","1":"product","2":"type-product","3":"status-publish","4":"has-post-thumbnail","6":"product_cat-gitarre","7":"product_cat-shop","8":"pa_brand-fender","10":"first","11":"instock","12":"shipping-taxable","13":"purchasable","14":"product-type-simple"},"acf":[],"_links":{"self":[{"href":"https:\/\/www.instrumentbox.de\/index.php?rest_route=\/wp\/v2\/product\/3226","targetHints":{"allow":["GET"]}}],"collection":[{"href":"https:\/\/www.instrumentbox.de\/index.php?rest_route=\/wp\/v2\/product"}],"about":[{"href":"https:\/\/www.instrumentbox.de\/index.php?rest_route=\/wp\/v2\/types\/product"}],"replies":[{"embeddable":true,"href":"https:\/\/www.instrumentbox.de\/index.php?rest_route=%2Fwp%2Fv2%2Fcomments&post=3226"}],"wp:featuredmedia":[{"embeddable":true,"href":"https:\/\/www.instrumentbox.de\/index.php?rest_route=\/wp\/v2\/media\/3227"}],"wp:attachment":[{"href":"https:\/\/www.instrumentbox.de\/index.php?rest_route=%2Fwp%2Fv2%2Fmedia&parent=3226"}],"wp:term":[{"taxonomy":"product_brand","embeddable":true,"href":"https:\/\/www.instrumentbox.de\/index.php?rest_route=%2Fwp%2Fv2%2Fproduct_brand&post=3226"},{"taxonomy":"product_cat","embeddable":true,"href":"https:\/\/www.instrumentbox.de\/index.php?rest_route=%2Fwp%2Fv2%2Fproduct_cat&post=3226"},{"taxonomy":"product_tag","embeddable":true,"href":"https:\/\/www.instrumentbox.de\/index.php?rest_route=%2Fwp%2Fv2%2Fproduct_tag&post=3226"}],"curies":[{"name":"wp","href":"https:\/\/api.w.org\/{rel}","templated":true}]}}