{"id":3234,"date":"2020-07-20T11:11:03","date_gmt":"2020-07-20T11:11:03","guid":{"rendered":"https:\/\/www.instrumentbox.de\/?product=fender-squier-bullet-stratocaster-hss-black"},"modified":"2024-01-03T04:04:33","modified_gmt":"2024-01-03T03:04:33","slug":"fender-squier-bullet-stratocaster-hss-black","status":"publish","type":"product","link":"https:\/\/www.instrumentbox.de\/?product=fender-squier-bullet-stratocaster-hss-black","title":{"rendered":"Fender Bullet Stratocaster HSS, Lorbeer-Griffbrett, Schwarz, 370005506"},"content":{"rendered":"<p><!-- show up to 2 reviews by default --> <\/p>\n<p>&#8211; 6 Saiten- Modell Name: Bullet Strat mit Tremolo HSS, Lorbeergriffbrett, Schwarz- Serie: Bullet- Farbe: Schwarz- Korpus: Lindenholz- Korpus Finish: Polyurethane- Korpusform: Stratocaster- Hals: Ahornholz- Hals Finish: Polyurethane- Halsform: &#8220;C&#8221; Form- Mensur: 25.5&#8243; (648 mm)- Griffbrett: Indisches Lorbeerholz- Griffbrettradius: 9.5&#8243; (241 mm)- B\u00fcndeanzahl: 21- B\u00fcndelgr\u00f6\u00dfe: Medium Jumbo- Positionseinlagen: Perlmutt Dots- Traversenstangen: Standard- Steg Tonabnehmer: Standard Humbucking- Mittlerer Tonabnehmer: Standard Single-Coil Strat- Hals Tonabnehmer: Standard Single-Coil Strat- Regler: Master Lautst\u00e4rke, Ton 1. (Hals Tonabnehmer), Ton 2. (Mittlerer Tonabnehmer)- Tonabnehmer-Schaltung: 5-Positionen Klinge: Stellung 1. Br\u00fccken-Tonabnehmer, Position 2. Br\u00fccken- und Mitteltonabnehmer, Position 3. Mittlerer Tonabnehmer, Position 4. Mittel- und Halstonabnehmer, Position 5. Hals Tonabnehmer- Tonabnehmerkonfiguration: SSS- Steg: 6-Sattel Vintage-Style Synchronisiertes Tremolo- Hardware Fin <\/p>\n<p>Geben Sie Ihr Modell ein, um sicherzustellen, dass dieser Artikel passt.<br \/>\n1 St\u00fcck<br \/>\n<div class=\"main-cross-sell\" data-asin=\"B07CHMRNQH\">\n\n\t<div class=\"WooZone-cross-sell-loader\">\n\t\t<div>\n\t\t\t<div id=\"floatingBarsG\">\n\t\t\t\t<div class=\"blockG\" id=\"rotateG_01\"><\/div>\n\t\t\t\t<div class=\"blockG\" id=\"rotateG_02\"><\/div>\n\t\t\t\t<div class=\"blockG\" id=\"rotateG_03\"><\/div>\n\t\t\t\t<div class=\"blockG\" id=\"rotateG_04\"><\/div>\n\t\t\t\t<div class=\"blockG\" id=\"rotateG_05\"><\/div>\n\t\t\t\t<div class=\"blockG\" id=\"rotateG_06\"><\/div>\n\t\t\t\t<div class=\"blockG\" id=\"rotateG_07\"><\/div>\n\t\t\t\t<div class=\"blockG\" id=\"rotateG_08\"><\/div>\n\t\t\t<\/div>\n\t\t\t<div class=\"WooZone-cross-sell-loader-text\"><\/div>\n\t\t<\/div>\n\t<\/div>\n\n\t\t\n<\/div>\n<div style=\"clear:both;\"><\/div>\n","protected":false},"excerpt":{"rendered":"<p>Geben Sie Ihr Modell ein, um sicherzustellen, dass dieser Artikel passt.<br \/>\n1 St\u00fcck<\/p>\n","protected":false},"featured_media":3235,"comment_status":"open","ping_status":"closed","template":"","meta":{"_acf_changed":false,"rs_blank_template":"","rs_page_bg_color":"","slide_template_v7":""},"product_brand":[],"product_cat":[38,15],"product_tag":[],"class_list":{"0":"post-3234","1":"product","2":"type-product","3":"status-publish","4":"has-post-thumbnail","6":"product_cat-gitarre","7":"product_cat-shop","8":"pa_brand-fender","10":"first","11":"instock","12":"shipping-taxable","13":"purchasable","14":"product-type-simple"},"acf":[],"_links":{"self":[{"href":"https:\/\/www.instrumentbox.de\/index.php?rest_route=\/wp\/v2\/product\/3234","targetHints":{"allow":["GET"]}}],"collection":[{"href":"https:\/\/www.instrumentbox.de\/index.php?rest_route=\/wp\/v2\/product"}],"about":[{"href":"https:\/\/www.instrumentbox.de\/index.php?rest_route=\/wp\/v2\/types\/product"}],"replies":[{"embeddable":true,"href":"https:\/\/www.instrumentbox.de\/index.php?rest_route=%2Fwp%2Fv2%2Fcomments&post=3234"}],"wp:featuredmedia":[{"embeddable":true,"href":"https:\/\/www.instrumentbox.de\/index.php?rest_route=\/wp\/v2\/media\/3235"}],"wp:attachment":[{"href":"https:\/\/www.instrumentbox.de\/index.php?rest_route=%2Fwp%2Fv2%2Fmedia&parent=3234"}],"wp:term":[{"taxonomy":"product_brand","embeddable":true,"href":"https:\/\/www.instrumentbox.de\/index.php?rest_route=%2Fwp%2Fv2%2Fproduct_brand&post=3234"},{"taxonomy":"product_cat","embeddable":true,"href":"https:\/\/www.instrumentbox.de\/index.php?rest_route=%2Fwp%2Fv2%2Fproduct_cat&post=3234"},{"taxonomy":"product_tag","embeddable":true,"href":"https:\/\/www.instrumentbox.de\/index.php?rest_route=%2Fwp%2Fv2%2Fproduct_tag&post=3234"}],"curies":[{"name":"wp","href":"https:\/\/api.w.org\/{rel}","templated":true}]}}