{"id":3420,"date":"2020-07-20T11:23:31","date_gmt":"2020-07-20T11:23:31","guid":{"rendered":"https:\/\/www.instrumentbox.de\/?product=rocktile-blade-e-gitarre"},"modified":"2025-01-19T11:18:15","modified_gmt":"2025-01-19T10:18:15","slug":"rocktile-blade-e-gitarre","status":"publish","type":"product","link":"https:\/\/www.instrumentbox.de\/?product=rocktile-blade-e-gitarre","title":{"rendered":"Rocktile Blade E-Gitarre"},"content":{"rendered":"<p><!-- show up to 2 reviews by default --> <\/p>\n<div class=\"aplus\">\n<h4>Rocktile Blade E-Gitarre <\/h4>\n<div class=\"rightImage\"><img decoding=\"async\" src=\"https:\/\/images-eu.ssl-images-amazon.com\/images\/G\/03\/electronics\/aplus\/00010473_3.jpg\" alt=\"Farbe: Black\"><\/p>\n<div class=\"imageCaption\">Hochwertige Verarbeitung<\/div>\n<\/div>\n<div class=\"leftImage\"><img decoding=\"async\" src=\"https:\/\/images-eu.ssl-images-amazon.com\/images\/G\/03\/electronics\/aplus\/00010473_1.jpg\" alt=\"Rocktile Blade\"><\/div>\n<h5>Legend\u00e4re Gitarren &#8211; jetzt von Rocktile neu aufgelegt!<\/p>\n<p> Wundersch\u00f6ne Optik und hochwertige Verarbeitung<\/h5>\n<p>Die neuen Rocktile E-Gitarren bestechen allesamt durch wundersch\u00f6ne Optik und hervorragende Verarbeitung, wie sie in dieser Preisklasse bisher nicht zu erhalten waren.<\/p>\n<p><strong>Professionelle Hardware <\/strong><\/p>\n<p>Die edlen und akustisch hochwertigen Instrumente sind aus ausgesuchten H\u00f6lzern gefertigt und mit professioneller Hardware versehen, so dass sie selbst hohen Anspr\u00fcchen gerecht werden.<\/p>\n<p><strong>Ein Klangerlebnis zum Schn\u00e4ppchenpreis<\/strong><\/p>\n<p>Dabei eifern die einzelnen Modelle den gr\u00f6\u00dften Vorbildern der Rockgeschichte nach, m\u00fcssen sich aber trotz des enorm g\u00fcnstigen Preises nicht hinter ihren gro\u00dfen Br\u00fcdern verstecken.<\/p>\n<div class=\"rightImage\"><img decoding=\"async\" src=\"https:\/\/images-eu.ssl-images-amazon.com\/images\/G\/03\/electronics\/aplus\/00010473_4.jpg\" alt=\"Inklusive 2,5m Gitarrenkabel, Tremolohebel und Inbusschl\u00fcssel\"><\/p>\n<div class=\"imageCaption\">Inklusive 2,5m Gitarrenkabel, Tremolohebel und Inbusschl\u00fcssel<\/div>\n<\/div>\n<p><strong>Gro\u00dfe Soundvielfalt<\/strong><\/p>\n<div class=\"leftImage\"><img decoding=\"async\" src=\"https:\/\/images-eu.ssl-images-amazon.com\/images\/G\/03\/electronics\/aplus\/00010473_2.jpg\" alt=\"Korpus: Linde\"><\/p>\n<div class=\"imageCaption\">Professionelle Hardware<\/div>\n<\/div>\n<p>In Sachen Sound lassen die Rocktile E-Gitarren ebenfalls nichts anbrennen&#8230;<br \/> Sogar Profis sind von den Qualit\u00e4ten dieser Instrumente begeistert.<br \/> Der massive Korpus erzeugt zusammen mit dem geschraubten Hals ordentlich Druck und liefert ausreichend Sustain, was vor allem Fans von verzerrten Kl\u00e4ngen freuen wird.<\/p>\n<p><strong>Ideal f\u00fcr Anf\u00e4nger und Profis <\/strong><\/p>\n<p>F\u00fcr Anf\u00e4nger ist gerade die leichte Bespielbarkeit der Instrumente sehr hilfreich, da sie schnelle Lernerfolge garantiert.<br \/> Der Profi wei\u00df dies ohnehin zu sch\u00e4tzen&#8230;<\/p>\n<h5> <\/h5>\n<h5> <\/h5>\n<\/p>\n<h5> <\/h5>\n<div class=\"break\"> <\/div>\n<h4>Features<\/h4>\n<ul>\n<li>Modell: Blade<\/li>\n<li>Korpus: Linde<\/li>\n<li>Hals: Ahorn<\/li>\n<li>2x Humbucker Tonabnehmer<\/li>\n<li>22 B\u00fcnde<\/li>\n<li>Palisander Griffbrett<\/li>\n<li>Inlays: Dot<\/li>\n<li>FR-Style Tremolo<\/li>\n<li>Volume- und Tone-Poti<\/li>\n<li>3-Weg PickUp-Wahlschalter<\/li>\n<li>Mechaniken: Die-cast<\/li>\n<li>Sattelklemmen (f\u00fcr mehr Stimmstabilit\u00e4t)<\/li>\n<li>Saiten: 009-042 Nickel Wound<\/li>\n<li>Hardware: Chrom<\/li>\n<li>Farbe: Black<\/li>\n<li>Finish: High Gloss<\/li>\n<li>inklusive 2,5m Gitarrenkabel, Tremolohebel und Inbusschl\u00fcssel<\/li>\n<\/ul>\n<\/div>\n<p>Geben Sie Ihr Modell ein, um sicherzustellen, dass dieser Artikel passt.<br \/>\nModell: Blade und Sattelklemmen (f\u00fcr mehr Stimmstabilit\u00e4t)<br \/>\n2x Humbucker Tonabnehmer; 22 B\u00fcnde und Sattelbreite: 42 mm<br \/>\nPalisander Griffbrett und Tremolo-Bridge<br \/>\nVolume- und Tone-Poti; PickUp-Wahlschalter; Gewicht: 3,1 kg<br \/>\n<div class=\"main-cross-sell\" data-asin=\"B0010YXQ0Q\">\n\n\t<div class=\"WooZone-cross-sell-loader\">\n\t\t<div>\n\t\t\t<div id=\"floatingBarsG\">\n\t\t\t\t<div class=\"blockG\" id=\"rotateG_01\"><\/div>\n\t\t\t\t<div class=\"blockG\" id=\"rotateG_02\"><\/div>\n\t\t\t\t<div class=\"blockG\" id=\"rotateG_03\"><\/div>\n\t\t\t\t<div class=\"blockG\" id=\"rotateG_04\"><\/div>\n\t\t\t\t<div class=\"blockG\" id=\"rotateG_05\"><\/div>\n\t\t\t\t<div class=\"blockG\" id=\"rotateG_06\"><\/div>\n\t\t\t\t<div class=\"blockG\" id=\"rotateG_07\"><\/div>\n\t\t\t\t<div class=\"blockG\" id=\"rotateG_08\"><\/div>\n\t\t\t<\/div>\n\t\t\t<div class=\"WooZone-cross-sell-loader-text\"><\/div>\n\t\t<\/div>\n\t<\/div>\n\n\t\t\n<\/div>\n<div style=\"clear:both;\"><\/div>\n","protected":false},"excerpt":{"rendered":"<p>Geben Sie Ihr Modell ein, um sicherzustellen, dass dieser Artikel passt.<br \/>\nModell: Blade und Sattelklemmen (f\u00fcr mehr Stimmstabilit\u00e4t)<br \/>\n2x Humbucker Tonabnehmer; 22 B\u00fcnde und Sattelbreite: 42 mm<\/p>\n","protected":false},"featured_media":3421,"comment_status":"open","ping_status":"closed","template":"","meta":{"_acf_changed":false,"rs_blank_template":"","rs_page_bg_color":"","slide_template_v7":""},"product_brand":[],"product_cat":[38,15],"product_tag":[],"class_list":{"0":"post-3420","1":"product","2":"type-product","3":"status-publish","4":"has-post-thumbnail","6":"product_cat-gitarre","7":"product_cat-shop","8":"pa_brand-rocktile","10":"first","11":"instock","12":"shipping-taxable","13":"purchasable","14":"product-type-simple"},"acf":[],"_links":{"self":[{"href":"https:\/\/www.instrumentbox.de\/index.php?rest_route=\/wp\/v2\/product\/3420","targetHints":{"allow":["GET"]}}],"collection":[{"href":"https:\/\/www.instrumentbox.de\/index.php?rest_route=\/wp\/v2\/product"}],"about":[{"href":"https:\/\/www.instrumentbox.de\/index.php?rest_route=\/wp\/v2\/types\/product"}],"replies":[{"embeddable":true,"href":"https:\/\/www.instrumentbox.de\/index.php?rest_route=%2Fwp%2Fv2%2Fcomments&post=3420"}],"wp:featuredmedia":[{"embeddable":true,"href":"https:\/\/www.instrumentbox.de\/index.php?rest_route=\/wp\/v2\/media\/3421"}],"wp:attachment":[{"href":"https:\/\/www.instrumentbox.de\/index.php?rest_route=%2Fwp%2Fv2%2Fmedia&parent=3420"}],"wp:term":[{"taxonomy":"product_brand","embeddable":true,"href":"https:\/\/www.instrumentbox.de\/index.php?rest_route=%2Fwp%2Fv2%2Fproduct_brand&post=3420"},{"taxonomy":"product_cat","embeddable":true,"href":"https:\/\/www.instrumentbox.de\/index.php?rest_route=%2Fwp%2Fv2%2Fproduct_cat&post=3420"},{"taxonomy":"product_tag","embeddable":true,"href":"https:\/\/www.instrumentbox.de\/index.php?rest_route=%2Fwp%2Fv2%2Fproduct_tag&post=3420"}],"curies":[{"name":"wp","href":"https:\/\/api.w.org\/{rel}","templated":true}]}}