{"id":3432,"date":"2020-07-20T11:23:40","date_gmt":"2020-07-20T11:23:40","guid":{"rendered":"https:\/\/www.instrumentbox.de\/?product=rocktile-pro-jk150f-bsk-e-gitarre-skull"},"modified":"2025-01-24T04:03:09","modified_gmt":"2025-01-24T03:03:09","slug":"rocktile-pro-jk150f-bsk-e-gitarre-skull","status":"publish","type":"product","link":"https:\/\/www.instrumentbox.de\/?product=rocktile-pro-jk150f-bsk-e-gitarre-skull","title":{"rendered":"Rocktile Pro JK150-BSK E-Gitarre Skull"},"content":{"rendered":"<p><!-- show up to 2 reviews by default --> <\/p>\n<p><b>Rocktile Pro &#8211; vielseitige E-Gitarre mit 2 Singlecoil- und 1 Humbucker-Tonabnehmer!<\/b><\/p>\n<p>Die neuen Rocktile E-Gitarren aus der Pro-Serie bestechen durch Ihre wundersch\u00f6ne Optik und hervorragende<br \/>Verarbeitung. Dabei \u00e4hneln Sie nicht nur von der Form her ihren gro\u00dfen Vorbildern der Rockgeschichte, sondern k\u00f6nnen erst<br \/>recht durch Technik vom Feinsten \u00fcberzeugen.<\/p>\n<p>Die edlen und akustisch hochwertigen Instrumente sind aus ausgesuchten H\u00f6lzern gefertigt und mit professioneller<br \/>Hardware versehen, so dass sie selbst hohen Anspr\u00fcchen gerecht werden. Der Humbucker- und die zwei Singlecoil-Pickups der<br \/>JK150-BSK garantieren den vielseitig flexiblen Sound, der bei Gitarren dieser Bauform typisch ist.<\/p>\n<p>Die JK150-BSK \u00fcberzeugt durch ihre klassische Form mit dem Totenkopf-Design aber auch optisch. Hier finden Sie ein<br \/>absolut kultiges Instrument das in Sachen Sound aber auch nichts anbrennen l\u00e4sst.<\/p>\n<p>Sogar Profis sind von den Qualit\u00e4ten der Rocktile Gitarren begeistert &#8211; f\u00fcr Anf\u00e4nger ist gerade die leichte<br \/>Bespielbarkeit der Instrumente sehr hilfreich, da sie schnelle Lernerfolge garantiert. Der Kenner wei\u00df dies ohnehin zu<br \/>sch\u00e4tzen!<\/p>\n<\/p>\n<p>Geben Sie Ihr Modell ein, um sicherzustellen, dass dieser Artikel passt.<br \/>\nModell: JK150-BSK, Zwei Singlecoils, Ein Humbucker, 24 B\u00fcnde<br \/>\nLindenholz Korpus, Rosenholz Griffbrett, Ahorn Hals<br \/>\n1 Volume- und 1 Tone-Poti, PickUp-Wahlschalter, Sattelklemmen<br \/>\nMensur: 65 cm; Sattelbreite: 42 mm; Gewicht: 3,2 kg<br \/>\nInklusive Gitarrenkabel, Tremolohebel und Sechskantschl\u00fcssel<br \/>\n<div class=\"main-cross-sell\" data-asin=\"B005HXM1A2\">\n\n\t<div class=\"WooZone-cross-sell-loader\">\n\t\t<div>\n\t\t\t<div id=\"floatingBarsG\">\n\t\t\t\t<div class=\"blockG\" id=\"rotateG_01\"><\/div>\n\t\t\t\t<div class=\"blockG\" id=\"rotateG_02\"><\/div>\n\t\t\t\t<div class=\"blockG\" id=\"rotateG_03\"><\/div>\n\t\t\t\t<div class=\"blockG\" id=\"rotateG_04\"><\/div>\n\t\t\t\t<div class=\"blockG\" id=\"rotateG_05\"><\/div>\n\t\t\t\t<div class=\"blockG\" id=\"rotateG_06\"><\/div>\n\t\t\t\t<div class=\"blockG\" id=\"rotateG_07\"><\/div>\n\t\t\t\t<div class=\"blockG\" id=\"rotateG_08\"><\/div>\n\t\t\t<\/div>\n\t\t\t<div class=\"WooZone-cross-sell-loader-text\"><\/div>\n\t\t<\/div>\n\t<\/div>\n\n\t\t\n<\/div>\n<div style=\"clear:both;\"><\/div>\n","protected":false},"excerpt":{"rendered":"<p>Geben Sie Ihr Modell ein, um sicherzustellen, dass dieser Artikel passt.<br \/>\nModell: JK150-BSK, Zwei Singlecoils, Ein Humbucker, 24 B\u00fcnde<br \/>\nLindenholz Korpus, Rosenholz Griffbrett, Ahorn Hals<\/p>\n","protected":false},"featured_media":3433,"comment_status":"open","ping_status":"closed","template":"","meta":{"_acf_changed":false,"rs_blank_template":"","rs_page_bg_color":"","slide_template_v7":""},"product_brand":[],"product_cat":[38,15],"product_tag":[],"class_list":{"0":"post-3432","1":"product","2":"type-product","3":"status-publish","4":"has-post-thumbnail","6":"product_cat-gitarre","7":"product_cat-shop","8":"pa_brand-rocktile","10":"first","11":"instock","12":"shipping-taxable","13":"purchasable","14":"product-type-simple"},"acf":[],"_links":{"self":[{"href":"https:\/\/www.instrumentbox.de\/index.php?rest_route=\/wp\/v2\/product\/3432","targetHints":{"allow":["GET"]}}],"collection":[{"href":"https:\/\/www.instrumentbox.de\/index.php?rest_route=\/wp\/v2\/product"}],"about":[{"href":"https:\/\/www.instrumentbox.de\/index.php?rest_route=\/wp\/v2\/types\/product"}],"replies":[{"embeddable":true,"href":"https:\/\/www.instrumentbox.de\/index.php?rest_route=%2Fwp%2Fv2%2Fcomments&post=3432"}],"wp:featuredmedia":[{"embeddable":true,"href":"https:\/\/www.instrumentbox.de\/index.php?rest_route=\/wp\/v2\/media\/3433"}],"wp:attachment":[{"href":"https:\/\/www.instrumentbox.de\/index.php?rest_route=%2Fwp%2Fv2%2Fmedia&parent=3432"}],"wp:term":[{"taxonomy":"product_brand","embeddable":true,"href":"https:\/\/www.instrumentbox.de\/index.php?rest_route=%2Fwp%2Fv2%2Fproduct_brand&post=3432"},{"taxonomy":"product_cat","embeddable":true,"href":"https:\/\/www.instrumentbox.de\/index.php?rest_route=%2Fwp%2Fv2%2Fproduct_cat&post=3432"},{"taxonomy":"product_tag","embeddable":true,"href":"https:\/\/www.instrumentbox.de\/index.php?rest_route=%2Fwp%2Fv2%2Fproduct_tag&post=3432"}],"curies":[{"name":"wp","href":"https:\/\/api.w.org\/{rel}","templated":true}]}}