{"id":3448,"date":"2020-07-20T11:23:50","date_gmt":"2020-07-20T11:23:50","guid":{"rendered":"https:\/\/www.instrumentbox.de\/?product=rocktile-warhead-e-gitarre"},"modified":"2025-01-20T14:02:09","modified_gmt":"2025-01-20T13:02:09","slug":"rocktile-warhead-e-gitarre","status":"publish","type":"product","link":"https:\/\/www.instrumentbox.de\/?product=rocktile-warhead-e-gitarre","title":{"rendered":"Rocktile Warhead E-Gitarre &#8211; Rocktile Heavy-Series &#8211; Korpus: Linde &#8211; 2 Humbucker Tonabnehmer &#8211; 24 B\u00fcnde &#8211; Griffbrett aus selektiertem Hartholz &#8211; Vintage String Thru Tremolo &#8211; Black Gloss"},"content":{"rendered":"<p><!-- show up to 2 reviews by default --> <\/p>\n<p><b>Legend\u00e4re Gitarren &#8211; jetzt von Rocktile neu aufgelegt!<\/b><\/p>\n<p>Die neuen Rocktile E-Gitarren bestechen allesamt durch wundersch\u00f6ne Optik und hervorragende Verarbeitung, wie sie in<br \/>dieser Preisklasse bisher nicht zu erhalten waren.<\/p>\n<p>Die edlen und akustisch hochwertigen Instrumente sind aus ausgesuchten H\u00f6lzern gefertigt und mit professioneller<br \/>Hardware versehen, so dass sie selbst hohen Anspr\u00fcchen gerecht werden.<\/p>\n<p>Dabei eifern die einzelnen Modelle den gr\u00f6\u00dften Vorbildern der Rockgeschichte nach, m\u00fcssen sich aber trotz des enorm<br \/>g\u00fcnstigen Preises nicht hinter ihren gro\u00dfen Br\u00fcdern verstecken.<\/p>\n<p>In Sachen Sound lassen die Rocktile E-Gitarren ebenfalls nichts anbrennen&#8230; Sogar Profis sind von den Qualit\u00e4ten<br \/>dieser Instrumente begeistert. Der massive Korpus erzeugt zusammen mit dem geschraubten Hals ordentlich Druck und liefert<br \/>ausreichend Sustain, was vor allem Fans von verzerrten Kl\u00e4ngen freuen wird.<\/p>\n<\/p>\n<p>Geben Sie Ihr Modell ein, um sicherzustellen, dass dieser Artikel passt.<br \/>\nModell: Warhead<br \/>\n2x Humbucker Tonabnehmer und 24 B\u00fcnde<br \/>\nGriffbrett aus selektiertem Hartholz und Tremolo-Bridge<br \/>\nVolume- und zwei Tone-Poti; PickUp-Wahlschalter<br \/>\n<div class=\"main-cross-sell\" data-asin=\"B0016N3MVO\">\n\n\t<div class=\"WooZone-cross-sell-loader\">\n\t\t<div>\n\t\t\t<div id=\"floatingBarsG\">\n\t\t\t\t<div class=\"blockG\" id=\"rotateG_01\"><\/div>\n\t\t\t\t<div class=\"blockG\" id=\"rotateG_02\"><\/div>\n\t\t\t\t<div class=\"blockG\" id=\"rotateG_03\"><\/div>\n\t\t\t\t<div class=\"blockG\" id=\"rotateG_04\"><\/div>\n\t\t\t\t<div class=\"blockG\" id=\"rotateG_05\"><\/div>\n\t\t\t\t<div class=\"blockG\" id=\"rotateG_06\"><\/div>\n\t\t\t\t<div class=\"blockG\" id=\"rotateG_07\"><\/div>\n\t\t\t\t<div class=\"blockG\" id=\"rotateG_08\"><\/div>\n\t\t\t<\/div>\n\t\t\t<div class=\"WooZone-cross-sell-loader-text\"><\/div>\n\t\t<\/div>\n\t<\/div>\n\n\t\t\n<\/div>\n<div style=\"clear:both;\"><\/div>\n","protected":false},"excerpt":{"rendered":"<p>Geben Sie Ihr Modell ein, um sicherzustellen, dass dieser Artikel passt.<br \/>\nModell: Warhead<br \/>\n2x Humbucker Tonabnehmer und 24 B\u00fcnde<\/p>\n","protected":false},"featured_media":3449,"comment_status":"open","ping_status":"closed","template":"","meta":{"_acf_changed":false,"rs_blank_template":"","rs_page_bg_color":"","slide_template_v7":""},"product_brand":[],"product_cat":[38,15],"product_tag":[],"class_list":{"0":"post-3448","1":"product","2":"type-product","3":"status-publish","4":"has-post-thumbnail","6":"product_cat-gitarre","7":"product_cat-shop","8":"pa_brand-rocktile","10":"first","11":"instock","12":"shipping-taxable","13":"purchasable","14":"product-type-simple"},"acf":[],"_links":{"self":[{"href":"https:\/\/www.instrumentbox.de\/index.php?rest_route=\/wp\/v2\/product\/3448","targetHints":{"allow":["GET"]}}],"collection":[{"href":"https:\/\/www.instrumentbox.de\/index.php?rest_route=\/wp\/v2\/product"}],"about":[{"href":"https:\/\/www.instrumentbox.de\/index.php?rest_route=\/wp\/v2\/types\/product"}],"replies":[{"embeddable":true,"href":"https:\/\/www.instrumentbox.de\/index.php?rest_route=%2Fwp%2Fv2%2Fcomments&post=3448"}],"wp:featuredmedia":[{"embeddable":true,"href":"https:\/\/www.instrumentbox.de\/index.php?rest_route=\/wp\/v2\/media\/3449"}],"wp:attachment":[{"href":"https:\/\/www.instrumentbox.de\/index.php?rest_route=%2Fwp%2Fv2%2Fmedia&parent=3448"}],"wp:term":[{"taxonomy":"product_brand","embeddable":true,"href":"https:\/\/www.instrumentbox.de\/index.php?rest_route=%2Fwp%2Fv2%2Fproduct_brand&post=3448"},{"taxonomy":"product_cat","embeddable":true,"href":"https:\/\/www.instrumentbox.de\/index.php?rest_route=%2Fwp%2Fv2%2Fproduct_cat&post=3448"},{"taxonomy":"product_tag","embeddable":true,"href":"https:\/\/www.instrumentbox.de\/index.php?rest_route=%2Fwp%2Fv2%2Fproduct_tag&post=3448"}],"curies":[{"name":"wp","href":"https:\/\/api.w.org\/{rel}","templated":true}]}}