{"id":3466,"date":"2020-07-20T11:25:09","date_gmt":"2020-07-20T11:25:09","guid":{"rendered":"https:\/\/www.instrumentbox.de\/?product=rocktile-warhead-ripper-bundle"},"modified":"2024-01-03T05:27:52","modified_gmt":"2024-01-03T04:27:52","slug":"rocktile-warhead-ripper-bundle","status":"publish","type":"product","link":"https:\/\/www.instrumentbox.de\/?product=rocktile-warhead-ripper-bundle","title":{"rendered":"Rocktile Warhead\/Ripper Bundle"},"content":{"rendered":"<p><!-- show up to 2 reviews by default --> <\/p>\n<p><b>Let&#8217;s Rock: mit den amtlichen Rocktile Heavy-Sets!<\/b><\/p>\n<p><b>Dieses Heavy-Set beinhaltet alles, was man zum Rocken braucht:<br \/><\/b>Die Rocktile Warhead E-Gitarre, den Rocktile Ripper G.30 Amp im Skull-Design, ein Rocktile Gitarrenstimmger\u00e4t und<br \/>einen Catfish Nylongurt. Ein Kabel ist bei den Rocktile Gitarren standardm\u00e4\u00dfig nat\u00fcrlich auch dabei. Also nur noch<br \/>auspacken, anschlie\u00dfen und los geht\u00b4s!<\/p>\n<p>Die neuen<b>Rocktile E-Gitarren<\/b>bestechen allesamt durch wundersch\u00f6ne Optik und hervorragende Verarbeitung, wie sie<br \/>in dieser Preisklasse bisher nicht zu erhalten waren.<br \/>Die edlen und akustisch hochwertigen Instrumente sind aus ausgesuchten H\u00f6lzern gefertigt und mit professioneller Hardware<br \/>versehen, so dass sie selbst hohen Anspr\u00fcchen gerecht werden.<br \/>Der massive Korpus erzeugt zusammen mit dem geschraubten Hals ordentlich Druck und liefert ausreichend Sustain, was vor<br \/>allem Fans von verzerrten Kl\u00e4ngen freuen wird.<br \/>F\u00fcr Anf\u00e4nger ist gerade die leichte Bespielbarkeit der Instrumente sehr hilfreich, da sie schnelle Lernerfolge<br \/>garantiert. Der Profi wei\u00df dies ohnehin zu sch\u00e4tzen&#8230;<\/p>\n<p>Der<b>Ripper G.30<\/b>liefert ordentlich laute 30 Watt (RMS) Leistung, mit denen man auch im lautesten Proberaum<br \/>ordentlich einen aufmucken kann. Selbst auf kleinen B\u00fchnen, wo es noch ohne Mikrofon gehen muss, geht einem die<br \/>Lautst\u00e4rke nicht aus. Die 2 Kan\u00e4le des Amps (Clean\/Lead) liefern von fast schon R\u00f6hren-m\u00e4\u00dfigen, warmen Zucker-Sounds bis<br \/>hin zu brutalem Transistor-High-Gain alles, was das Headbanger-Herz zum Leben braucht.<\/p>\n<\/p>\n<p>Geben Sie Ihr Modell ein, um sicherzustellen, dass dieser Artikel passt.<br \/>\nE-Gitarre: Warhead, 2 x Humbucker Tonabnehmer, 22 B\u00fcnde, Palisander Griffbrett, Tremolo-Bridge<br \/>\nVolume- und 2 Tone Poti, PickUp-Wahlschalter, 2,5 m Gitarrenkabel + Sechskantschl\u00fcssel<br \/>\nRocktile RIPPER G.30 Gitarrencombo: 30 Watt RMS, 8&#8243; Speaker, 2 Kan\u00e4le \u00fcber Fu\u00dfschalter Optional<br \/>\n3 Band EQ, Lead: Gain &amp; Volume Regler, Reverb, Speaker Out, Stereo AUX IN, Headphone, Skelett Look<br \/>\nRocktile GT-1 Stimmger\u00e4t f\u00fcr Gitarre\/Bass bis zu 7-saitige Gitarren u 6-saitige B\u00e4sse; Gitarrengurt &amp; Gitarrenschule inkl. CD\/DVD<br \/>\n<div class=\"main-cross-sell\" data-asin=\"B008743CEM\">\n\n\t<div class=\"WooZone-cross-sell-loader\">\n\t\t<div>\n\t\t\t<div id=\"floatingBarsG\">\n\t\t\t\t<div class=\"blockG\" id=\"rotateG_01\"><\/div>\n\t\t\t\t<div class=\"blockG\" id=\"rotateG_02\"><\/div>\n\t\t\t\t<div class=\"blockG\" id=\"rotateG_03\"><\/div>\n\t\t\t\t<div class=\"blockG\" id=\"rotateG_04\"><\/div>\n\t\t\t\t<div class=\"blockG\" id=\"rotateG_05\"><\/div>\n\t\t\t\t<div class=\"blockG\" id=\"rotateG_06\"><\/div>\n\t\t\t\t<div class=\"blockG\" id=\"rotateG_07\"><\/div>\n\t\t\t\t<div class=\"blockG\" id=\"rotateG_08\"><\/div>\n\t\t\t<\/div>\n\t\t\t<div class=\"WooZone-cross-sell-loader-text\"><\/div>\n\t\t<\/div>\n\t<\/div>\n\n\t\t\n<\/div>\n<div style=\"clear:both;\"><\/div>\n","protected":false},"excerpt":{"rendered":"<p>Geben Sie Ihr Modell ein, um sicherzustellen, dass dieser Artikel passt.<br \/>\nE-Gitarre: Warhead, 2 x Humbucker Tonabnehmer, 22 B\u00fcnde, Palisander Griffbrett, Tremolo-Bridge<br \/>\nVolume- und 2 Tone Poti, PickUp-Wahlschalter, 2,5 m Gitarrenkabel + Sechskantschl\u00fcssel<\/p>\n","protected":false},"featured_media":3467,"comment_status":"open","ping_status":"closed","template":"","meta":{"_acf_changed":false,"rs_blank_template":"","rs_page_bg_color":"","slide_template_v7":""},"product_brand":[],"product_cat":[38,15],"product_tag":[],"class_list":{"0":"post-3466","1":"product","2":"type-product","3":"status-publish","4":"has-post-thumbnail","6":"product_cat-gitarre","7":"product_cat-shop","8":"pa_brand-rocktile","10":"first","11":"instock","12":"shipping-taxable","13":"purchasable","14":"product-type-simple"},"acf":[],"_links":{"self":[{"href":"https:\/\/www.instrumentbox.de\/index.php?rest_route=\/wp\/v2\/product\/3466","targetHints":{"allow":["GET"]}}],"collection":[{"href":"https:\/\/www.instrumentbox.de\/index.php?rest_route=\/wp\/v2\/product"}],"about":[{"href":"https:\/\/www.instrumentbox.de\/index.php?rest_route=\/wp\/v2\/types\/product"}],"replies":[{"embeddable":true,"href":"https:\/\/www.instrumentbox.de\/index.php?rest_route=%2Fwp%2Fv2%2Fcomments&post=3466"}],"wp:featuredmedia":[{"embeddable":true,"href":"https:\/\/www.instrumentbox.de\/index.php?rest_route=\/wp\/v2\/media\/3467"}],"wp:attachment":[{"href":"https:\/\/www.instrumentbox.de\/index.php?rest_route=%2Fwp%2Fv2%2Fmedia&parent=3466"}],"wp:term":[{"taxonomy":"product_brand","embeddable":true,"href":"https:\/\/www.instrumentbox.de\/index.php?rest_route=%2Fwp%2Fv2%2Fproduct_brand&post=3466"},{"taxonomy":"product_cat","embeddable":true,"href":"https:\/\/www.instrumentbox.de\/index.php?rest_route=%2Fwp%2Fv2%2Fproduct_cat&post=3466"},{"taxonomy":"product_tag","embeddable":true,"href":"https:\/\/www.instrumentbox.de\/index.php?rest_route=%2Fwp%2Fv2%2Fproduct_tag&post=3466"}],"curies":[{"name":"wp","href":"https:\/\/api.w.org\/{rel}","templated":true}]}}