{"id":3586,"date":"2020-07-20T11:30:04","date_gmt":"2020-07-20T11:30:04","guid":{"rendered":"https:\/\/www.instrumentbox.de\/?product=navarra-nv-31-westerngitarre-schwarz"},"modified":"2024-01-03T06:02:07","modified_gmt":"2024-01-03T05:02:07","slug":"navarra-nv-31-westerngitarre-schwarz","status":"publish","type":"product","link":"https:\/\/www.instrumentbox.de\/?product=navarra-nv-31-westerngitarre-schwarz","title":{"rendered":"Navarrez Westerngitarre schwarz"},"content":{"rendered":"<div class=\"disclaim\"> Farbe:<strong>schwarz<\/strong> <\/div>\n<p> <!-- show up to 2 reviews by default --> <\/p>\n<p><b>Navarra NV-1 Westerngitarre schwarz<\/b><\/p>\n<p> Ein Schlachtschiff stand einst Pate f\u00fcr die beliebteste Akustikgitarren-Form: die Dreadnought. Und so klingt diese Gitarre auch. Elegant, kraftvoll, dynamisch und m\u00e4chtig. Professionelle Features, wie der 2-Wege-Stahl-Halsstab garantieren eine hohe Stabilit\u00e4t des Halses und erm\u00f6glichen eine perfekte Bespielbarkeit. Mit dieser Gitarre ist man in jedem Genre zu Hause: sanfte Balladen, erdigen Blues, oder kraftvollen Acoustic-Rock bewerkstelligt sie mit Bravour.<\/p>\n<\/p>\n<ul>\n<li><b>Form:<\/b> Dreadnought<\/li>\n<p><\/p>\n<li><b>Lackierung:<\/b> Schwarz Hochglanz mit geschmackvoller, Einfassung in Creme<\/li>\n<p><\/p>\n<li><b>Zargen:<\/b> Linde<\/li>\n<p><\/p>\n<li><b>Boden:<\/b> Linde<\/li>\n<p><\/p>\n<li><b>Decke:<\/b> Linde<\/li>\n<p><\/p>\n<li><b>Griffbrett:<\/b> Pakkaholz<\/li>\n<p><\/p>\n<li><b>Steg:<\/b> Ahorn<\/li>\n<p><\/p>\n<li><b>Besonderheiten:<\/b> 2-Weg Stahl-Halstab f\u00fcr hohe Stabilit\u00e4t des Halses und perfekte Saitenlage, gepolsterte Transport-Tasche<\/li>\n<\/ul>\n<p><\/p>\n<\/p>\n<p>Geben Sie Ihr Modell ein, um sicherzustellen, dass dieser Artikel passt.<br \/>\nDreadnaught Form, schwarze Lackierung, cremefarbige Randeinlagen<br \/>\nNeusilber B\u00fcnde und Halseinstellstab, verchromte Mechaniken<br \/>\nMensur 648 mm<br \/>\nHalsbreite am Sattel: 43 mm, Die-Cast Stimmmechaniken<br \/>\nHochwertiger Linden-Korpus mit elfenbeinfarbigen Einfassungen an Decke, Boden und Griffbrett<br \/>\nAhorn-Steg und Pakkaholz-Griffbrett<br \/>\nProfessioneller 2-Weg Bi-Flex Halsspannstab aus Stahl<br \/>\nSchwarz-Hochglanz Finish<br \/>\ninkl. passender, gepolsterter Tasche mit Zubeh\u00f6rfach und praktischen Rucksacktrageriemen<br \/>\n<div class=\"main-cross-sell\" data-asin=\"B00CY9FMQ2\">\n\n\t<div class=\"WooZone-cross-sell-loader\">\n\t\t<div>\n\t\t\t<div id=\"floatingBarsG\">\n\t\t\t\t<div class=\"blockG\" id=\"rotateG_01\"><\/div>\n\t\t\t\t<div class=\"blockG\" id=\"rotateG_02\"><\/div>\n\t\t\t\t<div class=\"blockG\" id=\"rotateG_03\"><\/div>\n\t\t\t\t<div class=\"blockG\" id=\"rotateG_04\"><\/div>\n\t\t\t\t<div class=\"blockG\" id=\"rotateG_05\"><\/div>\n\t\t\t\t<div class=\"blockG\" id=\"rotateG_06\"><\/div>\n\t\t\t\t<div class=\"blockG\" id=\"rotateG_07\"><\/div>\n\t\t\t\t<div class=\"blockG\" id=\"rotateG_08\"><\/div>\n\t\t\t<\/div>\n\t\t\t<div class=\"WooZone-cross-sell-loader-text\"><\/div>\n\t\t<\/div>\n\t<\/div>\n\n\t\t\n<\/div>\n<div style=\"clear:both;\"><\/div>\n","protected":false},"excerpt":{"rendered":"<p>Geben Sie Ihr Modell ein, um sicherzustellen, dass dieser Artikel passt.<br \/>\nDreadnaught Form, schwarze Lackierung, cremefarbige Randeinlagen<br \/>\nNeusilber B\u00fcnde und Halseinstellstab, verchromte Mechaniken<\/p>\n","protected":false},"featured_media":3587,"comment_status":"open","ping_status":"closed","template":"","meta":{"_acf_changed":false,"rs_blank_template":"","rs_page_bg_color":"","slide_template_v7":""},"product_brand":[],"product_cat":[38,15],"product_tag":[],"class_list":{"0":"post-3586","1":"product","2":"type-product","3":"status-publish","4":"has-post-thumbnail","6":"product_cat-gitarre","7":"product_cat-shop","8":"pa_brand-navarra","10":"first","11":"instock","12":"shipping-taxable","13":"purchasable","14":"product-type-simple"},"acf":[],"_links":{"self":[{"href":"https:\/\/www.instrumentbox.de\/index.php?rest_route=\/wp\/v2\/product\/3586","targetHints":{"allow":["GET"]}}],"collection":[{"href":"https:\/\/www.instrumentbox.de\/index.php?rest_route=\/wp\/v2\/product"}],"about":[{"href":"https:\/\/www.instrumentbox.de\/index.php?rest_route=\/wp\/v2\/types\/product"}],"replies":[{"embeddable":true,"href":"https:\/\/www.instrumentbox.de\/index.php?rest_route=%2Fwp%2Fv2%2Fcomments&post=3586"}],"wp:featuredmedia":[{"embeddable":true,"href":"https:\/\/www.instrumentbox.de\/index.php?rest_route=\/wp\/v2\/media\/3587"}],"wp:attachment":[{"href":"https:\/\/www.instrumentbox.de\/index.php?rest_route=%2Fwp%2Fv2%2Fmedia&parent=3586"}],"wp:term":[{"taxonomy":"product_brand","embeddable":true,"href":"https:\/\/www.instrumentbox.de\/index.php?rest_route=%2Fwp%2Fv2%2Fproduct_brand&post=3586"},{"taxonomy":"product_cat","embeddable":true,"href":"https:\/\/www.instrumentbox.de\/index.php?rest_route=%2Fwp%2Fv2%2Fproduct_cat&post=3586"},{"taxonomy":"product_tag","embeddable":true,"href":"https:\/\/www.instrumentbox.de\/index.php?rest_route=%2Fwp%2Fv2%2Fproduct_tag&post=3586"}],"curies":[{"name":"wp","href":"https:\/\/api.w.org\/{rel}","templated":true}]}}