{"id":3594,"date":"2020-07-20T11:30:08","date_gmt":"2020-07-20T11:30:08","guid":{"rendered":"https:\/\/www.instrumentbox.de\/?product=navarra-special-dark-moon-nv122-konzertgitarre-3-4-schwarz"},"modified":"2024-01-03T06:02:07","modified_gmt":"2024-01-03T05:02:07","slug":"navarra-special-dark-moon-nv122-konzertgitarre-3-4-schwarz","status":"publish","type":"product","link":"https:\/\/www.instrumentbox.de\/?product=navarra-special-dark-moon-nv122-konzertgitarre-3-4-schwarz","title":{"rendered":"NAVARREZ special dark moon NV122, Konzertgitarre 3\/4, schwarz"},"content":{"rendered":"<div class=\"disclaim\"> Gr\u00f6\u00dfe:<strong>3\/4<\/strong> | Farbe:<strong>schwarz<\/strong> <\/div>\n<p> <!-- show up to 2 reviews by default --> <\/p>\n<p>Navarra Gitarren \u00fcberzeugen nicht nur durch ihr erstklassiges Preis-\/Leistungsverh\u00e4ltnis sondern sind auch optisch ein Hingucker. In unserem Sortiment bieten wir verschiedene Gr\u00f6\u00dfen, Farben und Sets an. Es ist f\u00fcr jeden Geschmack etwas dabei. Navarra Gitarren bieten einen warmen angenehmen Klang, sind gut verarbeitet und lassen sich einfach bespielen.<br \/>\u00dcbersicht Gr\u00f6\u00dfen : 1\/4 \u2013 Mensur 450mm, Sattelbreite 43mm, 1\/2 \u2013 Mensur 530mm, Sattelbreite 45mm, 3\/4 \u2013 Mensur 590mm, Sattelbreite 47mm, 4\/4 \u2013 Mensur 650mm, Sattelbreite 52mm<br \/>Bereits im 19. Jahrhundert hat die spanische Gitarrenbaulegende Antonio de Torres die klassische Konzertgitarre so weit perfektioniert, dass deren Bauform bis heute unver\u00e4ndert geblieben ist. Immer noch ist sie die erste Wahl, wenn es um den Einstieg in die Welt der Gitarrenmusik geht. Ihr vielseitiger Klang findet sich in allen Musikrichtungen. Ob Klassik, Liedbegleitung, Folk, Pop oder Rockballaden &#8211; diese Konzertgitarre ist ein echter Allrounder. Ideal f\u00fcr Anf\u00e4nger, Wiedereinsteiger oder Hobbygitarristen. <\/p>\n<p>Geben Sie Ihr Modell ein, um sicherzustellen, dass dieser Artikel passt.<br \/>\nhochwertige Klassikgitarre mit einer Decke aus Fichte, Altersempfehlung: ab 9 Jahre<br \/>\nGr\u00f6\u00dfe: 3\/4 Mensur 590mm, Sattelbreite 47mm<br \/>\nBoden, Zargen und Hals sind aus Gabun-Holz gefertigt<br \/>\nKorpusrand ABS, Griffbrett und Steg Blackwood<br \/>\nNeusilber-B\u00fcnde, Verchromte Mechaniken<br \/>\n<div class=\"main-cross-sell\" data-asin=\"B07S5LHZ5Y\">\n\n\t<div class=\"WooZone-cross-sell-loader\">\n\t\t<div>\n\t\t\t<div id=\"floatingBarsG\">\n\t\t\t\t<div class=\"blockG\" id=\"rotateG_01\"><\/div>\n\t\t\t\t<div class=\"blockG\" id=\"rotateG_02\"><\/div>\n\t\t\t\t<div class=\"blockG\" id=\"rotateG_03\"><\/div>\n\t\t\t\t<div class=\"blockG\" id=\"rotateG_04\"><\/div>\n\t\t\t\t<div class=\"blockG\" id=\"rotateG_05\"><\/div>\n\t\t\t\t<div class=\"blockG\" id=\"rotateG_06\"><\/div>\n\t\t\t\t<div class=\"blockG\" id=\"rotateG_07\"><\/div>\n\t\t\t\t<div class=\"blockG\" id=\"rotateG_08\"><\/div>\n\t\t\t<\/div>\n\t\t\t<div class=\"WooZone-cross-sell-loader-text\"><\/div>\n\t\t<\/div>\n\t<\/div>\n\n\t\t\n<\/div>\n<div style=\"clear:both;\"><\/div>\n","protected":false},"excerpt":{"rendered":"<p>Geben Sie Ihr Modell ein, um sicherzustellen, dass dieser Artikel passt.<br \/>\nhochwertige Klassikgitarre mit einer Decke aus Fichte, Altersempfehlung: ab 9 Jahre<br \/>\nGr\u00f6\u00dfe: 3\/4 Mensur 590mm, Sattelbreite 47mm<\/p>\n","protected":false},"featured_media":3595,"comment_status":"open","ping_status":"closed","template":"","meta":{"_acf_changed":false,"rs_blank_template":"","rs_page_bg_color":"","slide_template_v7":""},"product_brand":[],"product_cat":[38,15],"product_tag":[],"class_list":{"0":"post-3594","1":"product","2":"type-product","3":"status-publish","4":"has-post-thumbnail","6":"product_cat-gitarre","7":"product_cat-shop","8":"pa_brand-navarra","10":"first","11":"instock","12":"shipping-taxable","13":"purchasable","14":"product-type-simple"},"acf":[],"_links":{"self":[{"href":"https:\/\/www.instrumentbox.de\/index.php?rest_route=\/wp\/v2\/product\/3594","targetHints":{"allow":["GET"]}}],"collection":[{"href":"https:\/\/www.instrumentbox.de\/index.php?rest_route=\/wp\/v2\/product"}],"about":[{"href":"https:\/\/www.instrumentbox.de\/index.php?rest_route=\/wp\/v2\/types\/product"}],"replies":[{"embeddable":true,"href":"https:\/\/www.instrumentbox.de\/index.php?rest_route=%2Fwp%2Fv2%2Fcomments&post=3594"}],"wp:featuredmedia":[{"embeddable":true,"href":"https:\/\/www.instrumentbox.de\/index.php?rest_route=\/wp\/v2\/media\/3595"}],"wp:attachment":[{"href":"https:\/\/www.instrumentbox.de\/index.php?rest_route=%2Fwp%2Fv2%2Fmedia&parent=3594"}],"wp:term":[{"taxonomy":"product_brand","embeddable":true,"href":"https:\/\/www.instrumentbox.de\/index.php?rest_route=%2Fwp%2Fv2%2Fproduct_brand&post=3594"},{"taxonomy":"product_cat","embeddable":true,"href":"https:\/\/www.instrumentbox.de\/index.php?rest_route=%2Fwp%2Fv2%2Fproduct_cat&post=3594"},{"taxonomy":"product_tag","embeddable":true,"href":"https:\/\/www.instrumentbox.de\/index.php?rest_route=%2Fwp%2Fv2%2Fproduct_tag&post=3594"}],"curies":[{"name":"wp","href":"https:\/\/api.w.org\/{rel}","templated":true}]}}