{"id":3614,"date":"2020-07-20T11:36:45","date_gmt":"2020-07-20T11:36:45","guid":{"rendered":"https:\/\/www.instrumentbox.de\/?product=korg-monophoner-analogsynthesizer-ms-20-mini"},"modified":"2024-01-03T06:02:07","modified_gmt":"2024-01-03T05:02:07","slug":"korg-monophoner-analogsynthesizer-ms-20-mini","status":"publish","type":"product","link":"https:\/\/www.instrumentbox.de\/?product=korg-monophoner-analogsynthesizer-ms-20-mini","title":{"rendered":"MS20 Mini &#8211; Korg &#8211; 37 Mini-Key Analog Synthesizer"},"content":{"rendered":"<p><!-- show up to 2 reviews by default --> <\/p>\n<p>1978 vorgestellt, ist der monophone MS-20 Synthesizer dank seines fetten, robusten Sounds, seiner m\u00e4chtigen, ikonischen Analogfilter und den flexiblen Patching-Optionen bis heute hei\u00df begehrt. Die typischen MS-20 Sounds des Originals, des KORG MS-20 Plug-In Synthesizers der Legacy Collection und der iMS-20 App f\u00fcr das iPad, haben inzwischen mehr als 300.000 Nutzer begeistert.Jetzt sind die Sounds des MS-20 im MS-20 mini zu neuem Leben erwacht. Die selben Ingenieure, die 1978 den MS-20 entwickelten, haben heute dessen Schaltungen originalgetreu reproduziert und sein physisches Format dabei auf 86 % der Originalgr\u00f6\u00dfe reduziert, ohne den typischen und zeitlosen Look des Vorbilds zu ver\u00e4ndern oder auf Details zu verzichten!Der MS-20 mini fasziniert heute mit absolut authentischen analogen Synthesizer-Sounds seines Ahnen. &#8211; Das praktische Bundle aus MS-20mini und ma\u00dfangefertigtem Gigbag &#8211; Features: 1. Tragetasche, Ma\u00dfanfertigung f\u00fcr Korg MS-20 mini,2. Korg MS-20 mini mit:,37 Mini-Tasten,Reproduktion der urspr\u00fcnglichen MS-20 Analogschaltung,2VCO \/ 2VCA \/ 2VCF \/ 2EG \/ 1LFO Struktur,selbstoszillierende Hochpass\/ Tiefpass-Filter mit Distortion,externer Signalprozessor (ESP),flexibles Patching-System,Anschl\u00fcsse: MIDI-In, USB, Signal OUT, Phones OUT,inkl. Netzteil und 10 Patch-Kabel,Ma\u00dfe: 493 \u00d7 257 \u00d7 208 mm,Gewicht: 4.8 kg <\/p>\n<p>Geben Sie Ihr Modell ein, um sicherzustellen, dass dieser Artikel passt.<br \/>\n1. Tragetasche, Ma\u00dfanfertigung f\u00fcr Korg MS-20 mini<br \/>\n2. Korg MS-20 mini mit:<br \/>\n37 Mini-Tasten<br \/>\nReproduktion der urspr\u00fcnglichen MS-20 Analogschaltung<br \/>\n2VCO \/ 2VCA \/ 2VCF \/ 2EG \/ 1LFO Struktur<br \/>\n<div class=\"main-cross-sell\" data-asin=\"B00B5SKWBS\">\n\n\t<div class=\"WooZone-cross-sell-loader\">\n\t\t<div>\n\t\t\t<div id=\"floatingBarsG\">\n\t\t\t\t<div class=\"blockG\" id=\"rotateG_01\"><\/div>\n\t\t\t\t<div class=\"blockG\" id=\"rotateG_02\"><\/div>\n\t\t\t\t<div class=\"blockG\" id=\"rotateG_03\"><\/div>\n\t\t\t\t<div class=\"blockG\" id=\"rotateG_04\"><\/div>\n\t\t\t\t<div class=\"blockG\" id=\"rotateG_05\"><\/div>\n\t\t\t\t<div class=\"blockG\" id=\"rotateG_06\"><\/div>\n\t\t\t\t<div class=\"blockG\" id=\"rotateG_07\"><\/div>\n\t\t\t\t<div class=\"blockG\" id=\"rotateG_08\"><\/div>\n\t\t\t<\/div>\n\t\t\t<div class=\"WooZone-cross-sell-loader-text\"><\/div>\n\t\t<\/div>\n\t<\/div>\n\n\t\t\n<\/div>\n<div style=\"clear:both;\"><\/div>\n","protected":false},"excerpt":{"rendered":"<p>Geben Sie Ihr Modell ein, um sicherzustellen, dass dieser Artikel passt.<br \/>\n1. Tragetasche, Ma\u00dfanfertigung f\u00fcr Korg MS-20 mini<br \/>\n2. Korg MS-20 mini mit:<\/p>\n","protected":false},"featured_media":3615,"comment_status":"open","ping_status":"closed","template":"","meta":{"_acf_changed":false,"rs_blank_template":"","rs_page_bg_color":"","slide_template_v7":""},"product_brand":[],"product_cat":[15,48],"product_tag":[],"class_list":{"0":"post-3614","1":"product","2":"type-product","3":"status-publish","4":"has-post-thumbnail","6":"product_cat-shop","7":"product_cat-synthesizer","8":"pa_brand-korg","10":"first","11":"instock","12":"shipping-taxable","13":"purchasable","14":"product-type-simple"},"acf":[],"_links":{"self":[{"href":"https:\/\/www.instrumentbox.de\/index.php?rest_route=\/wp\/v2\/product\/3614","targetHints":{"allow":["GET"]}}],"collection":[{"href":"https:\/\/www.instrumentbox.de\/index.php?rest_route=\/wp\/v2\/product"}],"about":[{"href":"https:\/\/www.instrumentbox.de\/index.php?rest_route=\/wp\/v2\/types\/product"}],"replies":[{"embeddable":true,"href":"https:\/\/www.instrumentbox.de\/index.php?rest_route=%2Fwp%2Fv2%2Fcomments&post=3614"}],"wp:featuredmedia":[{"embeddable":true,"href":"https:\/\/www.instrumentbox.de\/index.php?rest_route=\/wp\/v2\/media\/3615"}],"wp:attachment":[{"href":"https:\/\/www.instrumentbox.de\/index.php?rest_route=%2Fwp%2Fv2%2Fmedia&parent=3614"}],"wp:term":[{"taxonomy":"product_brand","embeddable":true,"href":"https:\/\/www.instrumentbox.de\/index.php?rest_route=%2Fwp%2Fv2%2Fproduct_brand&post=3614"},{"taxonomy":"product_cat","embeddable":true,"href":"https:\/\/www.instrumentbox.de\/index.php?rest_route=%2Fwp%2Fv2%2Fproduct_cat&post=3614"},{"taxonomy":"product_tag","embeddable":true,"href":"https:\/\/www.instrumentbox.de\/index.php?rest_route=%2Fwp%2Fv2%2Fproduct_tag&post=3614"}],"curies":[{"name":"wp","href":"https:\/\/api.w.org\/{rel}","templated":true}]}}