{"id":3634,"date":"2020-07-20T11:36:54","date_gmt":"2020-07-20T11:36:54","guid":{"rendered":"https:\/\/www.instrumentbox.de\/?product=ik-multimedia-uno-drum-tragbare-analog-und-pcm-drum-maschine"},"modified":"2025-01-20T15:29:40","modified_gmt":"2025-01-20T14:29:40","slug":"ik-multimedia-uno-drum-tragbare-analog-und-pcm-drum-maschine","status":"publish","type":"product","link":"https:\/\/www.instrumentbox.de\/?product=ik-multimedia-uno-drum-tragbare-analog-und-pcm-drum-maschine","title":{"rendered":"IK Multimedia Uno Drum Tragbare Analog- und PCM-Drum-Maschine, IP-UNO-DRUM-IN"},"content":{"rendered":"<p><!-- show up to 2 reviews by default --> <\/p>\n<p>UNO Drum ist die ultimative Beat-Erstellungsstation f\u00fcr jedermann, um warme, druckvolle, hochwertige und inspirierende Grooves zu erstellen. UNO Drum wurde in Zusammenarbeit mit dem italienischen Analogspezialisten Soundmachines hergestellt und folgt dem anerkannten UNO Synth, der massiven analogen Klang mit digitaler Flexibilit\u00e4t und Bequemlichkeit kombiniert.<\/p>\n<p>UNO Drum erleichtert das Programmieren und Auff\u00fchren mit der breitesten Klangpalette, um Ihrer Musik professionelle Drum-Grooves hinzuzuf\u00fcgen.<\/p>\n<p>12 m\u00f6rderisch klingende Trommelelemente<\/p>\n<p>UNO Drum bietet 6 echte analoge Drum-Sounds f\u00fcr die w\u00e4rmsten, reichsten und dynamischsten Drum-Sounds, die m\u00f6glich sind. Dies beinhaltet 2 verschiedene Kick-Drums, Snares, Claps und Hi-Hats &#8211; das Core-Kit, das die kultigsten analogen Drum-Sounds aller Zeiten kennzeichnet.<\/p>\n<p>Dar\u00fcber hinaus sind zus\u00e4tzliche PCM-Elemente (mit 54 Samples zur Auswahl) f\u00fcr zus\u00e4tzliche Klangfarben erh\u00e4ltlich. Toms, Felgen, Kuhglocken, Rides und Crash-Becken helfen Ihnen dabei, komplexe, einzigartige und vollst\u00e4ndige Rhythmus-Tracks zu erstellen. Mit UNO Drum k\u00f6nnen Sie insgesamt bis zu 12 Elemente zwischen analogen und digitalen Kl\u00e4ngen verwenden (11-stimmige Polyphonie).<\/p>\n<p>Alle oben genannten Funktionen k\u00f6nnen mit 100 Drum-Kit-Presets gespeichert und sofort abgerufen werden. Alle Presets sind vorprogrammiert und k\u00f6nnen nach Belieben bearbeitet werden. Es ist ein Kinderspiel, ein IK-inspiriertes Kit zu finden, das sich an Ihr Ohr anpasst und an Ihren Geschmack anpasst, oder Ihre benutzerdefinierten Kits von Grund auf neu zu erstellen. Machen Sie etwas, das Ihnen gef\u00e4llt, und speichern Sie es, damit Sie es sp\u00e4ter verwenden k\u00f6nnen. UNO Drum ist jederzeit bereit, Ihre Beats abzurufen.<\/p>\n<p>UNO Drum bietet au\u00dferdem 3 Master-Effekte: Analog Drive und Compressor sowie einen Stotter-Effekt. Drehen Sie das Laufwerk auf, damit Ihre Grooves mit einer aggressiven Kante h\u00e4rter getroffen werden. F\u00fcgen Sie die Komprimierung hinzu, um Ihre Tracks straffer zu machen, und f\u00fcgen Sie Ihren Rhythmus mit einem dicken und schweren Schlag zusammen. Gef\u00e4llt dir was du h\u00f6rst? Gut. Ihre Einstellungen werden direkt mit Ihrem Kit f\u00fcr den sofortigen Abruf gespeichert. Das Stottern bietet eine einstellbare Tiefe, von subtilen Tremolos bis hin zu Full-On-Slices, um verschiedene Feeling-Sounds und Grooves zu erzeugen. <\/p>\n<p>Geben Sie Ihr Modell ein, um sicherzustellen, dass dieser Artikel passt.<br \/>\nKiller sounding 12 drum elements<br \/>\nWider sonic-palette<br \/>\nEasy-to-use and perform<br \/>\nFully programmable<br \/>\nIntegrates in any live, studio or mobile set-up<br \/>\n<div class=\"main-cross-sell\" data-asin=\"B07RGX23BT\">\n\n\t<div class=\"WooZone-cross-sell-loader\">\n\t\t<div>\n\t\t\t<div id=\"floatingBarsG\">\n\t\t\t\t<div class=\"blockG\" id=\"rotateG_01\"><\/div>\n\t\t\t\t<div class=\"blockG\" id=\"rotateG_02\"><\/div>\n\t\t\t\t<div class=\"blockG\" id=\"rotateG_03\"><\/div>\n\t\t\t\t<div class=\"blockG\" id=\"rotateG_04\"><\/div>\n\t\t\t\t<div class=\"blockG\" id=\"rotateG_05\"><\/div>\n\t\t\t\t<div class=\"blockG\" id=\"rotateG_06\"><\/div>\n\t\t\t\t<div class=\"blockG\" id=\"rotateG_07\"><\/div>\n\t\t\t\t<div class=\"blockG\" id=\"rotateG_08\"><\/div>\n\t\t\t<\/div>\n\t\t\t<div class=\"WooZone-cross-sell-loader-text\"><\/div>\n\t\t<\/div>\n\t<\/div>\n\n\t\t\n<\/div>\n<div style=\"clear:both;\"><\/div>\n","protected":false},"excerpt":{"rendered":"<p>Geben Sie Ihr Modell ein, um sicherzustellen, dass dieser Artikel passt.<br \/>\nKiller sounding 12 drum elements<br \/>\nWider sonic-palette<\/p>\n","protected":false},"featured_media":3635,"comment_status":"open","ping_status":"closed","template":"","meta":{"_acf_changed":false,"rs_blank_template":"","rs_page_bg_color":"","slide_template_v7":""},"product_brand":[],"product_cat":[15,48],"product_tag":[],"class_list":{"0":"post-3634","1":"product","2":"type-product","3":"status-publish","4":"has-post-thumbnail","6":"product_cat-shop","7":"product_cat-synthesizer","8":"pa_brand-ik-multimedia","10":"first","11":"instock","12":"shipping-taxable","13":"purchasable","14":"product-type-simple"},"acf":[],"_links":{"self":[{"href":"https:\/\/www.instrumentbox.de\/index.php?rest_route=\/wp\/v2\/product\/3634","targetHints":{"allow":["GET"]}}],"collection":[{"href":"https:\/\/www.instrumentbox.de\/index.php?rest_route=\/wp\/v2\/product"}],"about":[{"href":"https:\/\/www.instrumentbox.de\/index.php?rest_route=\/wp\/v2\/types\/product"}],"replies":[{"embeddable":true,"href":"https:\/\/www.instrumentbox.de\/index.php?rest_route=%2Fwp%2Fv2%2Fcomments&post=3634"}],"wp:featuredmedia":[{"embeddable":true,"href":"https:\/\/www.instrumentbox.de\/index.php?rest_route=\/wp\/v2\/media\/3635"}],"wp:attachment":[{"href":"https:\/\/www.instrumentbox.de\/index.php?rest_route=%2Fwp%2Fv2%2Fmedia&parent=3634"}],"wp:term":[{"taxonomy":"product_brand","embeddable":true,"href":"https:\/\/www.instrumentbox.de\/index.php?rest_route=%2Fwp%2Fv2%2Fproduct_brand&post=3634"},{"taxonomy":"product_cat","embeddable":true,"href":"https:\/\/www.instrumentbox.de\/index.php?rest_route=%2Fwp%2Fv2%2Fproduct_cat&post=3634"},{"taxonomy":"product_tag","embeddable":true,"href":"https:\/\/www.instrumentbox.de\/index.php?rest_route=%2Fwp%2Fv2%2Fproduct_tag&post=3634"}],"curies":[{"name":"wp","href":"https:\/\/api.w.org\/{rel}","templated":true}]}}