{"id":3654,"date":"2020-07-20T11:37:03","date_gmt":"2020-07-20T11:37:03","guid":{"rendered":"https:\/\/www.instrumentbox.de\/?product=arturia-microfreak-hybridsynthesizer"},"modified":"2025-01-17T14:57:03","modified_gmt":"2025-01-17T13:57:03","slug":"arturia-microfreak-hybridsynthesizer","status":"publish","type":"product","link":"https:\/\/www.instrumentbox.de\/?product=arturia-microfreak-hybridsynthesizer","title":{"rendered":"Arturia &#8211; MicroFreak Synthesizer Keyboard &#8211; 25-Key Hybrid Synth with PCB Keyboard, Wavetable &amp; Digital Oscillators, Analog Filters"},"content":{"rendered":"<p><!-- show up to 2 reviews by default --> <\/p>\n<p>&#8211; Synthesizer mit 192 Preset-Slots und 128 Factory-Presets- 11 Digitale Oszillatoren mit variablen Modi, einschlie\u00dflich der von Mutable Instruments- Analoger Zustandsvariablenfilter, 12 dB \/ Oktave, resonant, Tiefpass, Bandpass, Hochpass- ADSR-H\u00fcllkurve- Cycling H\u00fcllkurve mit zwei modi, H\u00fcllkurve oder LFO- LFO mit Sync: Sinus, Tri, S\u00e4ge, Viereck, Zufall, Slew Zufall- Modulationsmatrix mit 5 Quellen und 7 Zielen (3 benutzerdefinierbare Ziele)- Mono- oder Paraphonic-Modus &#8211; Bis zu 4 Stimmen- 25 Tasten kapazitive Tastatur mit polyphonem Aftertouch- Kapazitive Ber\u00fchrungsleiste- OLED-Anzeige zum Bearbeiten sowie zur Anzeige der Parameterwerte- Leistungsstarker Arpeggiator: Up, Order, Random, Pattern-Modi, Spice &amp; Dice Gate Randomizer- 64-Step Sequenzer, 2 patterns pro preset, 4 Automationsspuren pro Preset- CV \/ Gate \/ Mod-Ausg\u00e4nge- USB, Clock und MIDI in und out- 6,35 mm Master- und 3,5-mm-Kopfh\u00f6rerausgang- Abmessungen: 311 x 233 x 55mm- Gewicht: 1.02 Kg <\/p>\n<p>Geben Sie Ihr Modell ein, um sicherzustellen, dass dieser Artikel passt.<br \/>\n1 St\u00fcck<br \/>\n<div class=\"main-cross-sell\" data-asin=\"B07NC254QQ\">\n\n\t<div class=\"WooZone-cross-sell-loader\">\n\t\t<div>\n\t\t\t<div id=\"floatingBarsG\">\n\t\t\t\t<div class=\"blockG\" id=\"rotateG_01\"><\/div>\n\t\t\t\t<div class=\"blockG\" id=\"rotateG_02\"><\/div>\n\t\t\t\t<div class=\"blockG\" id=\"rotateG_03\"><\/div>\n\t\t\t\t<div class=\"blockG\" id=\"rotateG_04\"><\/div>\n\t\t\t\t<div class=\"blockG\" id=\"rotateG_05\"><\/div>\n\t\t\t\t<div class=\"blockG\" id=\"rotateG_06\"><\/div>\n\t\t\t\t<div class=\"blockG\" id=\"rotateG_07\"><\/div>\n\t\t\t\t<div class=\"blockG\" id=\"rotateG_08\"><\/div>\n\t\t\t<\/div>\n\t\t\t<div class=\"WooZone-cross-sell-loader-text\"><\/div>\n\t\t<\/div>\n\t<\/div>\n\n\t\t\n<\/div>\n<div style=\"clear:both;\"><\/div>\n","protected":false},"excerpt":{"rendered":"<p>Geben Sie Ihr Modell ein, um sicherzustellen, dass dieser Artikel passt.<br \/>\n1 St\u00fcck<\/p>\n","protected":false},"featured_media":3655,"comment_status":"open","ping_status":"closed","template":"","meta":{"_acf_changed":false,"rs_blank_template":"","rs_page_bg_color":"","slide_template_v7":""},"product_brand":[],"product_cat":[15,48],"product_tag":[],"class_list":{"0":"post-3654","1":"product","2":"type-product","3":"status-publish","4":"has-post-thumbnail","6":"product_cat-shop","7":"product_cat-synthesizer","8":"pa_brand-arturia","10":"first","11":"instock","12":"shipping-taxable","13":"purchasable","14":"product-type-simple"},"acf":[],"_links":{"self":[{"href":"https:\/\/www.instrumentbox.de\/index.php?rest_route=\/wp\/v2\/product\/3654","targetHints":{"allow":["GET"]}}],"collection":[{"href":"https:\/\/www.instrumentbox.de\/index.php?rest_route=\/wp\/v2\/product"}],"about":[{"href":"https:\/\/www.instrumentbox.de\/index.php?rest_route=\/wp\/v2\/types\/product"}],"replies":[{"embeddable":true,"href":"https:\/\/www.instrumentbox.de\/index.php?rest_route=%2Fwp%2Fv2%2Fcomments&post=3654"}],"wp:featuredmedia":[{"embeddable":true,"href":"https:\/\/www.instrumentbox.de\/index.php?rest_route=\/wp\/v2\/media\/3655"}],"wp:attachment":[{"href":"https:\/\/www.instrumentbox.de\/index.php?rest_route=%2Fwp%2Fv2%2Fmedia&parent=3654"}],"wp:term":[{"taxonomy":"product_brand","embeddable":true,"href":"https:\/\/www.instrumentbox.de\/index.php?rest_route=%2Fwp%2Fv2%2Fproduct_brand&post=3654"},{"taxonomy":"product_cat","embeddable":true,"href":"https:\/\/www.instrumentbox.de\/index.php?rest_route=%2Fwp%2Fv2%2Fproduct_cat&post=3654"},{"taxonomy":"product_tag","embeddable":true,"href":"https:\/\/www.instrumentbox.de\/index.php?rest_route=%2Fwp%2Fv2%2Fproduct_tag&post=3654"}],"curies":[{"name":"wp","href":"https:\/\/api.w.org\/{rel}","templated":true}]}}