{"id":3661,"date":"2020-07-20T11:37:06","date_gmt":"2020-07-20T11:37:06","guid":{"rendered":"https:\/\/www.instrumentbox.de\/?product=arturia-430201-step-sequencer-und-arpeggiator"},"modified":"2025-01-23T04:27:06","modified_gmt":"2025-01-23T03:27:06","slug":"arturia-430201-step-sequencer-und-arpeggiator","status":"publish","type":"product","link":"https:\/\/www.instrumentbox.de\/?product=arturia-430201-step-sequencer-und-arpeggiator","title":{"rendered":"Arturia &#8211; Keystep &#8211; Portabler MIDI Controller, Sequenzer und Arpeggiator &#8211; 32 Slimkey-Tasten, Polyphoner Step-Sequenzer it 8 Speicherpl\u00e4tzen, Arpeggiator mit 8 Modi, CV-kompatibel &#8211; Wei\u00df"},"content":{"rendered":"<p><!-- show up to 2 reviews by default --> <\/p>\n<p>Mit dem neuen KeyStep hat Arturia seine &#8220;Step&#8221; Produktlinie mit integrierten Stepsequenzern weiter ausgebaut. Der KeyStep bietet ungew\u00f6hnlich viel Leistung f\u00fcr kleines Geld. Die Neuerfindung des tragbaren Tastencontrollers. KeyStep bietet 32 hochwertige Slim-Key Tasten mit Aftertouch, sowie einen polyphonen Sequencer und Arpeggiator mit Chordplay-Funktion in kompaktem Format. Angesteuert werden MIDI-Ger\u00e4te \u00fcber USB \/ MIDI (5-Pol) und analoges Equipment \u00fcber CV\/Gate. Ebenfalls unterst\u00fctzt wird Clock\/DIN-Sync. Sie ben\u00f6tigen einen bequem tragbaren USB-MIDI-Controller, dessen Tastatur trotzdem musikalisch spielbar ist? Sie wollen mehrere Soundmodule ansteuern, aber haben eigentlich keinen Platz f\u00fcr ein gro\u00dfes Keyboard? Sie besitzen analoges Equipment, vielleicht sogar ein Modularsystem, das mit CV\/Gate angesteuert werden soll? Sie h\u00e4tten gerne einen Stepsequenzer mit polyfonen Features, der all Ihr Lieblingsequipment steuern kann, egal ob modern oder klassisch? Wenn es doch nur ein einzelnes Ger\u00e4t g\u00e4be, das all diese Funktionen in sich vereint&#8230; It&#8217;s the touch&#8230; KeyStep kann all das und noch mehr. Den Anfang machten wir mit der Entwicklung unserer eigenen \u201cSlim Key\u201d Tastatur, die den besten Kompromiss aus der Platzersparnis von Minitasten und der Musikalit\u00e4t einer Klaviatur in Originalgr\u00f6\u00dfe bietet. Die kompakte Gr\u00f6\u00dfe, feinf\u00fchlige Anschlagsdynamik und Aftertouchf\u00e4higkeit machen KeyStep ultraportabel, ohne dabei die gute Spielbarkeit zu opfern. Als n\u00e4chstes entwarfen wir einen neuen polyfonen Steqsequenzer mit 8 Speicherpl\u00e4tzen. Gate-Zeiten und Swing-Parameter lassen sich hier unmittelbar modulieren und halten so Ihre Sequenz immer frisch und abwechslungsreich. <\/p>\n<p>Geben Sie Ihr Modell ein, um sicherzustellen, dass dieser Artikel passt.<br \/>\nmit integrierten Stepsequenzern<br \/>\nDie Neuerfindung des tragbaren Tastencontrollers<br \/>\n32 hochwertige Slim-Key Tasten mit Aftertouch<br \/>\n<div class=\"main-cross-sell\" data-asin=\"B01BPSBU40\">\n\n\t<div class=\"WooZone-cross-sell-loader\">\n\t\t<div>\n\t\t\t<div id=\"floatingBarsG\">\n\t\t\t\t<div class=\"blockG\" id=\"rotateG_01\"><\/div>\n\t\t\t\t<div class=\"blockG\" id=\"rotateG_02\"><\/div>\n\t\t\t\t<div class=\"blockG\" id=\"rotateG_03\"><\/div>\n\t\t\t\t<div class=\"blockG\" id=\"rotateG_04\"><\/div>\n\t\t\t\t<div class=\"blockG\" id=\"rotateG_05\"><\/div>\n\t\t\t\t<div class=\"blockG\" id=\"rotateG_06\"><\/div>\n\t\t\t\t<div class=\"blockG\" id=\"rotateG_07\"><\/div>\n\t\t\t\t<div class=\"blockG\" id=\"rotateG_08\"><\/div>\n\t\t\t<\/div>\n\t\t\t<div class=\"WooZone-cross-sell-loader-text\"><\/div>\n\t\t<\/div>\n\t<\/div>\n\n\t\t\n<\/div>\n<div style=\"clear:both;\"><\/div>\n","protected":false},"excerpt":{"rendered":"<p>Geben Sie Ihr Modell ein, um sicherzustellen, dass dieser Artikel passt.<br \/>\nmit integrierten Stepsequenzern<br \/>\nDie Neuerfindung des tragbaren Tastencontrollers<\/p>\n","protected":false},"featured_media":3662,"comment_status":"open","ping_status":"closed","template":"","meta":{"_acf_changed":false,"rs_blank_template":"","rs_page_bg_color":"","slide_template_v7":""},"product_brand":[],"product_cat":[15,48],"product_tag":[],"class_list":{"0":"post-3661","1":"product","2":"type-product","3":"status-publish","4":"has-post-thumbnail","6":"product_cat-shop","7":"product_cat-synthesizer","8":"pa_brand-arturia","10":"first","11":"instock","12":"shipping-taxable","13":"purchasable","14":"product-type-simple"},"acf":[],"_links":{"self":[{"href":"https:\/\/www.instrumentbox.de\/index.php?rest_route=\/wp\/v2\/product\/3661","targetHints":{"allow":["GET"]}}],"collection":[{"href":"https:\/\/www.instrumentbox.de\/index.php?rest_route=\/wp\/v2\/product"}],"about":[{"href":"https:\/\/www.instrumentbox.de\/index.php?rest_route=\/wp\/v2\/types\/product"}],"replies":[{"embeddable":true,"href":"https:\/\/www.instrumentbox.de\/index.php?rest_route=%2Fwp%2Fv2%2Fcomments&post=3661"}],"wp:featuredmedia":[{"embeddable":true,"href":"https:\/\/www.instrumentbox.de\/index.php?rest_route=\/wp\/v2\/media\/3662"}],"wp:attachment":[{"href":"https:\/\/www.instrumentbox.de\/index.php?rest_route=%2Fwp%2Fv2%2Fmedia&parent=3661"}],"wp:term":[{"taxonomy":"product_brand","embeddable":true,"href":"https:\/\/www.instrumentbox.de\/index.php?rest_route=%2Fwp%2Fv2%2Fproduct_brand&post=3661"},{"taxonomy":"product_cat","embeddable":true,"href":"https:\/\/www.instrumentbox.de\/index.php?rest_route=%2Fwp%2Fv2%2Fproduct_cat&post=3661"},{"taxonomy":"product_tag","embeddable":true,"href":"https:\/\/www.instrumentbox.de\/index.php?rest_route=%2Fwp%2Fv2%2Fproduct_tag&post=3661"}],"curies":[{"name":"wp","href":"https:\/\/api.w.org\/{rel}","templated":true}]}}