{"id":3677,"date":"2020-07-20T11:37:13","date_gmt":"2020-07-20T11:37:13","guid":{"rendered":"https:\/\/www.instrumentbox.de\/?product=roland-boutique-se-02-analoger-synthesizer"},"modified":"2025-01-17T15:18:08","modified_gmt":"2025-01-17T14:18:08","slug":"roland-boutique-se-02-analoger-synthesizer","status":"publish","type":"product","link":"https:\/\/www.instrumentbox.de\/?product=roland-boutique-se-02-analoger-synthesizer","title":{"rendered":"Roland Boutique SE-02 Analoger Synthesizer"},"content":{"rendered":"<div class=\"disclaim\"> Stil:<strong>SE-02<\/strong> <\/div>\n<p> <!-- show up to 2 reviews by default --> <\/p>\n<p>Vintage-Sound. Ungeahnte Leistung. Entwickelt in Zusammenarbeit zwischen Roland und Studio Electronics, pr\u00e4sentiert sich der SE-02 als Deb\u00fct-Produkt der neuen Roland Boutique Designer Serie. Der SE-02 Synthesizer setzt auf ein authentisches, diskretes analoges Schaltungsdesign f\u00fcr einen ausgepr\u00e4gten Vintage-Sound bei umfassender Programmierbarkeit. Ausgestattet mit einer gro\u00dfen Anzahl an hochwertigen Reglern und Schaltern sowie einem einzigartig kreativen Onboard-Sequenzer bietet der SE-02 m\u00e4chtige Sounds und Texturen inklusive einer intuitiven Hands-on-Steuerung. <\/p>\n<p>Geben Sie Ihr Modell ein, um sicherzustellen, dass dieser Artikel passt.<br \/>\nEntwickelt in Zusammenarbeit zwischen Roland und Studio Electronics, setzt der SE-02 auf ein authentisches, diskretes analoges Schaltungsdesign f\u00fcr einen ausgepr\u00e4gten Vintage-Sound inklusive umfassender Programmierbarkeit<br \/>\nGro\u00dfer, m\u00e4chtiger Sound mit donnernden B\u00e4ssen und klaren, lebendigen H\u00f6hen Drei Arten der Cross-Modulation, Filter-Feedback-Loop, mehrere LFO-Modi mit neun unterschiedlichen Wellenformen, H\u00fcllkurven-Gestaltung, Oszillator-Synchronisierung, Rauschen und ein digitales Delay \u2013 der SE-02 geht weit \u00fcber die herk\u00f6mmliche analoge Sounderzeugung hinaus<br \/>\nMonosynth-Modul mit diskreter Analogschaltung f\u00fcr massive Vintage-Sounds auf Basis von drei spannungsgesteuerten Oszillatoren, einem spannungsgesteuerten 24 dB Tiefpass-Filter und einer zweistufigen Verst\u00e4rkerschaltung Die Oszillatoren arbeiten temperaturstabil und sorgen durch automatisches Tuning f\u00fcr einen unverf\u00e4lschten Sound<br \/>\nF\u00fcr einen ausdrucksstarke Hands-on-Kontrolle der kraftvollen Klangerzeugung verf\u00fcgt der Roland SE-02 \u00fcber eine Steuerungszentrale mit hochwertigen Reglern und Schaltern inklusive eines voll ausgestatteten 16-Step-Sequencers<br \/>\n384 professionelle Presets f\u00fcr eine breite Palette an klassischen und modernen Sounds 128 User-Speicherpl\u00e4tze f\u00fcr Custom-Patches<br \/>\nVoll ausgestatteter 16-Step-Sequencer f\u00fcr mehr Tiefe und Bewegung Patch-Nummer, Gate-Zeit pro Step, Glide und Tempo pro Sequenz speicherbar Kreative Performance-Funktionen zur Einstellung von Shuffle, Notenl\u00e4nge, Abspielrichtung und Festlegung des ersten und letzten Steps Integrierter Speicherplatz f\u00fcr 128 Sequencer-Patterns und 16 Songs, die jeweils aus bis zu 16 Parts bestehen<br \/>\nCV-Eing\u00e4nge f\u00fcr Tonh\u00f6he und Filterfrequenz sowie Trigger-Ein- und Ausg\u00e4nge, um den SE-02 problemlos im Verbund mit modularen Setups und weiterem Vintage-Equipment zu verwenden Routing externer Audiosignale durch die Filtersektion + USB-Audio und MIDI zur nahtlosen Integration des SE-02 in computerbasierte DAW-Setups<br \/>\nKompatibel mit den K-25m oder DK-01 Dock-Halterungen zur Erweiterung mit einem 25-Tasten-Mini-Keyboard oder diversen Winkelungen, um live oder im Studio alles im komfortablen Zugriff zu haben.<br \/>\nRobustes Metallgeh\u00e4use und hervorragende Verarbeitungsqualit\u00e4t<br \/>\n<div class=\"main-cross-sell\" data-asin=\"B073WJBPNF\">\n\n\t<div class=\"WooZone-cross-sell-loader\">\n\t\t<div>\n\t\t\t<div id=\"floatingBarsG\">\n\t\t\t\t<div class=\"blockG\" id=\"rotateG_01\"><\/div>\n\t\t\t\t<div class=\"blockG\" id=\"rotateG_02\"><\/div>\n\t\t\t\t<div class=\"blockG\" id=\"rotateG_03\"><\/div>\n\t\t\t\t<div class=\"blockG\" id=\"rotateG_04\"><\/div>\n\t\t\t\t<div class=\"blockG\" id=\"rotateG_05\"><\/div>\n\t\t\t\t<div class=\"blockG\" id=\"rotateG_06\"><\/div>\n\t\t\t\t<div class=\"blockG\" id=\"rotateG_07\"><\/div>\n\t\t\t\t<div class=\"blockG\" id=\"rotateG_08\"><\/div>\n\t\t\t<\/div>\n\t\t\t<div class=\"WooZone-cross-sell-loader-text\"><\/div>\n\t\t<\/div>\n\t<\/div>\n\n\t\t\n<\/div>\n<div style=\"clear:both;\"><\/div>\n","protected":false},"excerpt":{"rendered":"<p>Geben Sie Ihr Modell ein, um sicherzustellen, dass dieser Artikel passt.<br \/>\nEntwickelt in Zusammenarbeit zwischen Roland und Studio Electronics, setzt der SE-02 auf ein authentisches, diskretes analoges Schaltungsdesign f\u00fcr einen ausgepr\u00e4gten Vintage-Sound inklusive umfassender Programmierbarkeit<br \/>\nGro\u00dfer, m\u00e4chtiger Sound mit donnernden B\u00e4ssen und klaren, lebendigen H\u00f6hen Drei Arten der Cross-Modulation, Filter-Feedback-Loop, mehrere LFO-Modi mit neun unterschiedlichen Wellenformen, H\u00fcllkurven-Gestaltung, Oszillator-Synchronisierung, Rauschen und ein digitales Delay \u2013 der SE-02 geht weit \u00fcber die herk\u00f6mmliche analoge Sounderzeugung hinaus<\/p>\n","protected":false},"featured_media":3678,"comment_status":"open","ping_status":"closed","template":"","meta":{"_acf_changed":false,"rs_blank_template":"","rs_page_bg_color":"","slide_template_v7":""},"product_brand":[],"product_cat":[15,48],"product_tag":[],"class_list":{"0":"post-3677","1":"product","2":"type-product","3":"status-publish","4":"has-post-thumbnail","6":"product_cat-shop","7":"product_cat-synthesizer","8":"pa_brand-roland","10":"first","11":"instock","12":"shipping-taxable","13":"purchasable","14":"product-type-simple"},"acf":[],"_links":{"self":[{"href":"https:\/\/www.instrumentbox.de\/index.php?rest_route=\/wp\/v2\/product\/3677","targetHints":{"allow":["GET"]}}],"collection":[{"href":"https:\/\/www.instrumentbox.de\/index.php?rest_route=\/wp\/v2\/product"}],"about":[{"href":"https:\/\/www.instrumentbox.de\/index.php?rest_route=\/wp\/v2\/types\/product"}],"replies":[{"embeddable":true,"href":"https:\/\/www.instrumentbox.de\/index.php?rest_route=%2Fwp%2Fv2%2Fcomments&post=3677"}],"wp:featuredmedia":[{"embeddable":true,"href":"https:\/\/www.instrumentbox.de\/index.php?rest_route=\/wp\/v2\/media\/3678"}],"wp:attachment":[{"href":"https:\/\/www.instrumentbox.de\/index.php?rest_route=%2Fwp%2Fv2%2Fmedia&parent=3677"}],"wp:term":[{"taxonomy":"product_brand","embeddable":true,"href":"https:\/\/www.instrumentbox.de\/index.php?rest_route=%2Fwp%2Fv2%2Fproduct_brand&post=3677"},{"taxonomy":"product_cat","embeddable":true,"href":"https:\/\/www.instrumentbox.de\/index.php?rest_route=%2Fwp%2Fv2%2Fproduct_cat&post=3677"},{"taxonomy":"product_tag","embeddable":true,"href":"https:\/\/www.instrumentbox.de\/index.php?rest_route=%2Fwp%2Fv2%2Fproduct_tag&post=3677"}],"curies":[{"name":"wp","href":"https:\/\/api.w.org\/{rel}","templated":true}]}}