{"id":3685,"date":"2020-07-20T11:37:16","date_gmt":"2020-07-20T11:37:16","guid":{"rendered":"https:\/\/www.instrumentbox.de\/?product=roland-boutique-sh-01a-synthesizer"},"modified":"2025-01-24T05:54:03","modified_gmt":"2025-01-24T04:54:03","slug":"roland-boutique-sh-01a-synthesizer","status":"publish","type":"product","link":"https:\/\/www.instrumentbox.de\/?product=roland-boutique-sh-01a-synthesizer","title":{"rendered":"Roland Boutique SH-01A Synthesizer"},"content":{"rendered":"<p><!-- show up to 2 reviews by default --> <\/p>\n<p>Viermal mehr Sound in einem kompakten Geh\u00e4useDer SH-01A ist eine exakte Reproduktion des legend\u00e4ren Roland SH-101, einem der popul\u00e4rsten Synthesizer-Klassiker aller Zeiten Unsere Analog Circuit Behavior (ACB) Technologie reproduziert die einzigartigen Sounds des SH-101, durch exaktes Nachbilden des Verhaltens der originalen Analogschaltung bis hin zu feinsten Details und ungew\u00f6hnlichen klanglichen Eigenarten, die dem Synthesizer seit Jahrzehnten einen besonderen Platz im Herzen von Musikern und Produzenten sichert. Der SH-01A bietet den gro\u00dfartigen Sound und die kreative Direktheit des Originals im beliebten Roland Boutique-Format und verf\u00fcgt \u00fcber aufregende, neue polyphone M\u00f6glichkeiten, inspirierende neue Performance-Funktionen und einen Authentizit\u00e4tsgrad, den ausschlie\u00dflich Roland liefert. <\/p>\n<p>Geben Sie Ihr Modell ein, um sicherzustellen, dass dieser Artikel passt.<br \/>\nDer SH-01A ist eine akribische Reproduktion des legend\u00e4ren Roland SH-101, einem der popul\u00e4rsten Synthesizer-Klassiker \u00fcberhaupt<br \/>\nEr transportiert den herausragenden Sound und die kreative Direktheit des Originals in das beliebte Roland Boutique Format und bietet aufregende polyphone M\u00f6glichkeiten, inspirierende Performance-Funktionen und einen Authentizit\u00e4tsgrad, den ausschlie\u00dflich Roland liefert<br \/>\nBis zu 64 Sequencer-Pattern speichern und abspielen \u2013 ideal f\u00fcr jede Performance-Situation<br \/>\nLegend\u00e4rer Sequencer zur Steuerung eines modularen Rigs sowie von Hardware-Synthesizern und Software-Plug-Ins via CV\/Gate, MIDI und USB Der SH-01A ist der Mittelpunkt jedes elektronischen Instrumenten-Setups \u2013 auf der B\u00fchne wie im Studio<br \/>\nVier gewaltige Stimmen f\u00fcr diverse Modi und eine erweiterte Soundpalette im Vergleich zum monophonen Original: Mono, Unison, Chord und Poly<br \/>\n64 \u00fcberschreibbare Patches, die entweder als Presets f\u00fcr unterschiedliche Tracks oder als schneller Ausgangspunkt f\u00fcr Sounddesign-Experimente dienen und Inspiration auf Knopfdruck liefern<br \/>\nKompakt genug, um ihn \u00fcberall mit hinnehmen zu k\u00f6nnen. Stabile Regler, Metallwellen-Slider und robuste Buttons wie beim Original<br \/>\nBetrieb wahlweise \u00fcber Batterien oder USB. Integrierter Lautsprecher und Kopfh\u00f6reranschluss. Das perfekte Instrument f\u00fcr unterwegs<br \/>\nFungiert auch als mobiles Audio Interface mit niedriger Latenz<br \/>\nIn Kombination mit der optionalen K-25m Keyboard Unit wird der SH-01A zum kompakten All-in-One-Synthesizer mit 25 anschlagsdynamischen Tasten<br \/>\n<div class=\"main-cross-sell\" data-asin=\"B074T9BCHF\">\n\n\t<div class=\"WooZone-cross-sell-loader\">\n\t\t<div>\n\t\t\t<div id=\"floatingBarsG\">\n\t\t\t\t<div class=\"blockG\" id=\"rotateG_01\"><\/div>\n\t\t\t\t<div class=\"blockG\" id=\"rotateG_02\"><\/div>\n\t\t\t\t<div class=\"blockG\" id=\"rotateG_03\"><\/div>\n\t\t\t\t<div class=\"blockG\" id=\"rotateG_04\"><\/div>\n\t\t\t\t<div class=\"blockG\" id=\"rotateG_05\"><\/div>\n\t\t\t\t<div class=\"blockG\" id=\"rotateG_06\"><\/div>\n\t\t\t\t<div class=\"blockG\" id=\"rotateG_07\"><\/div>\n\t\t\t\t<div class=\"blockG\" id=\"rotateG_08\"><\/div>\n\t\t\t<\/div>\n\t\t\t<div class=\"WooZone-cross-sell-loader-text\"><\/div>\n\t\t<\/div>\n\t<\/div>\n\n\t\t\n<\/div>\n<div style=\"clear:both;\"><\/div>\n","protected":false},"excerpt":{"rendered":"<p>Geben Sie Ihr Modell ein, um sicherzustellen, dass dieser Artikel passt.<br \/>\nDer SH-01A ist eine akribische Reproduktion des legend\u00e4ren Roland SH-101, einem der popul\u00e4rsten Synthesizer-Klassiker \u00fcberhaupt<br \/>\nEr transportiert den herausragenden Sound und die kreative Direktheit des Originals in das beliebte Roland Boutique Format und bietet aufregende polyphone M\u00f6glichkeiten, inspirierende Performance-Funktionen und einen Authentizit\u00e4tsgrad, den ausschlie\u00dflich Roland liefert<\/p>\n","protected":false},"featured_media":3686,"comment_status":"open","ping_status":"closed","template":"","meta":{"_acf_changed":false,"rs_blank_template":"","rs_page_bg_color":"","slide_template_v7":""},"product_brand":[],"product_cat":[15,48],"product_tag":[],"class_list":{"0":"post-3685","1":"product","2":"type-product","3":"status-publish","4":"has-post-thumbnail","6":"product_cat-shop","7":"product_cat-synthesizer","8":"pa_brand-roland","10":"first","11":"instock","12":"shipping-taxable","13":"purchasable","14":"product-type-simple"},"acf":[],"_links":{"self":[{"href":"https:\/\/www.instrumentbox.de\/index.php?rest_route=\/wp\/v2\/product\/3685","targetHints":{"allow":["GET"]}}],"collection":[{"href":"https:\/\/www.instrumentbox.de\/index.php?rest_route=\/wp\/v2\/product"}],"about":[{"href":"https:\/\/www.instrumentbox.de\/index.php?rest_route=\/wp\/v2\/types\/product"}],"replies":[{"embeddable":true,"href":"https:\/\/www.instrumentbox.de\/index.php?rest_route=%2Fwp%2Fv2%2Fcomments&post=3685"}],"wp:featuredmedia":[{"embeddable":true,"href":"https:\/\/www.instrumentbox.de\/index.php?rest_route=\/wp\/v2\/media\/3686"}],"wp:attachment":[{"href":"https:\/\/www.instrumentbox.de\/index.php?rest_route=%2Fwp%2Fv2%2Fmedia&parent=3685"}],"wp:term":[{"taxonomy":"product_brand","embeddable":true,"href":"https:\/\/www.instrumentbox.de\/index.php?rest_route=%2Fwp%2Fv2%2Fproduct_brand&post=3685"},{"taxonomy":"product_cat","embeddable":true,"href":"https:\/\/www.instrumentbox.de\/index.php?rest_route=%2Fwp%2Fv2%2Fproduct_cat&post=3685"},{"taxonomy":"product_tag","embeddable":true,"href":"https:\/\/www.instrumentbox.de\/index.php?rest_route=%2Fwp%2Fv2%2Fproduct_tag&post=3685"}],"curies":[{"name":"wp","href":"https:\/\/api.w.org\/{rel}","templated":true}]}}