{"id":3693,"date":"2020-07-20T11:37:19","date_gmt":"2020-07-20T11:37:19","guid":{"rendered":"https:\/\/www.instrumentbox.de\/?product=roland-variabler-synthesizer-25-tasten-schluessel-m-schwarz"},"modified":"2024-01-03T06:02:29","modified_gmt":"2024-01-03T05:02:29","slug":"roland-variabler-synthesizer-25-tasten-schluessel-m-schwarz","status":"publish","type":"product","link":"https:\/\/www.instrumentbox.de\/?product=roland-variabler-synthesizer-25-tasten-schluessel-m-schwarz","title":{"rendered":"Roland Variabler Synthesizer 25 Tasten\/Schl\u00fcssel M Schwarz SYSTEM-1"},"content":{"rendered":"<div class=\"disclaim\"> Stil:<strong>25 Tasten\/Schl\u00fcssel<\/strong> <\/div>\n<p> <!-- show up to 2 reviews by default --> <\/p>\n<p>Plug-Out Synthesizer Mit dem System-1 bringt Roland den Vintage-Sound zur\u00fcck. Neben einer eigenen internen Klangerzeugung reproduziert das SYSTEM-1 den Sound der gro\u00dfen analogen Vorbilder wie SYSTEM-100, SYSTEM-100M, SH-101 oder dem Kultger\u00e4t SYSTEM-700. Die Synthesizer-Modelle lassen sich als Plug-Out in das System-1 laden, als auch im Rechner integrieren. In den 1970er-Jahren pr\u00e4sentierte Roland die Modular- Systeme SYSTEM 100, 100M und das legend\u00e4re SYSTEM 700. Diese Instrumente sind bis heute ber\u00fchmt f\u00fcr ihre flexible Soundgestaltung und ihren einzigartigen Klangcharakter. Das neue SYSTEM-1 ist die aktuelle Version der Modular- Systeme mit einer gro\u00dfen Anzahl von Synthesizer-Sounds und sehr vielseitigen Einstell-M\u00f6glichkeiten. Mithilfe der neuen Analog Circuit Behavior-Technologie (ACB) wurden alle Details der analogen Vorg\u00e4ngermodelle genauestens analysiert und im SYSTEM-1 integriert. Das SYSTEM-1 bildet damit eine gelungene Verbindung aus klassischen Sounds \u00e4lterer Analog-Synthesizer und modernen Synthesizer-Kl\u00e4ngen. Das SYSTEM-1 kann Plug-in-Versionen klassischer Roland- Synthesizer steuern bzw. diese sogar in seinen internen Speicher laden. Sie k\u00f6nnen dann am SYSTEM-1 durch Knopfdruck ausw\u00e4hlen, ob Sie die internen Kl\u00e4nge oder die Sounds des Plug-in-Synthesizers am SYSTEM-1 spielen m\u00f6chten. Dieses Funktionsweise wird als &#8220;PLUG-OUT&#8221; bezeichnet und bildet in Verbindung mit den internen Sounds des SYSTEM-1 eine geniale Kombination von zwei Klangerzeugungen in einem Instrument. Das erste Plug-Out Modul f\u00fcr das SYSTEM-1 wird der Software- Synthesizer des Roland SH-101 sein. Weitere Software-Synthesizer werden folgen und machen das SYSTEM-1 schon jetzt zu einem zukunftsweisenden Instrument.- Vier Oszillatoren garant&#8230; <\/p>\n<p>Geben Sie Ihr Modell ein, um sicherzustellen, dass dieser Artikel passt.<br \/>\nKomfortables Spielen, aber es ist der kompakteste Synthesizer von Roland.<br \/>\nInnovative Slim Tastatur mit 25 Tasten in Standardgr\u00f6\u00dfe<br \/>\n-12 dB und -24 dB Filtertypen mit separaten Hochpassfilter<br \/>\nAlle Parameter k\u00f6nnen mit Drehregler und Schiebet\u00fcren mit LED-Indikatoren gesteuert werden.<br \/>\nDas Streulaufrad bietet 10 verschiedene Phasenvariationen mit dynamischer Echtzeitsteuerung \u00fcber 10 Tiefenstufen<br \/>\n<div class=\"main-cross-sell\" data-asin=\"B00LBVIWO8\">\n\n\t<div class=\"WooZone-cross-sell-loader\">\n\t\t<div>\n\t\t\t<div id=\"floatingBarsG\">\n\t\t\t\t<div class=\"blockG\" id=\"rotateG_01\"><\/div>\n\t\t\t\t<div class=\"blockG\" id=\"rotateG_02\"><\/div>\n\t\t\t\t<div class=\"blockG\" id=\"rotateG_03\"><\/div>\n\t\t\t\t<div class=\"blockG\" id=\"rotateG_04\"><\/div>\n\t\t\t\t<div class=\"blockG\" id=\"rotateG_05\"><\/div>\n\t\t\t\t<div class=\"blockG\" id=\"rotateG_06\"><\/div>\n\t\t\t\t<div class=\"blockG\" id=\"rotateG_07\"><\/div>\n\t\t\t\t<div class=\"blockG\" id=\"rotateG_08\"><\/div>\n\t\t\t<\/div>\n\t\t\t<div class=\"WooZone-cross-sell-loader-text\"><\/div>\n\t\t<\/div>\n\t<\/div>\n\n\t\t\n<\/div>\n<div style=\"clear:both;\"><\/div>\n","protected":false},"excerpt":{"rendered":"<p>Geben Sie Ihr Modell ein, um sicherzustellen, dass dieser Artikel passt.<br \/>\nKomfortables Spielen, aber es ist der kompakteste Synthesizer von Roland.<br \/>\nInnovative Slim Tastatur mit 25 Tasten in Standardgr\u00f6\u00dfe<\/p>\n","protected":false},"featured_media":3694,"comment_status":"open","ping_status":"closed","template":"","meta":{"_acf_changed":false,"rs_blank_template":"","rs_page_bg_color":"","slide_template_v7":""},"product_brand":[],"product_cat":[15,48],"product_tag":[],"class_list":{"0":"post-3693","1":"product","2":"type-product","3":"status-publish","4":"has-post-thumbnail","6":"product_cat-shop","7":"product_cat-synthesizer","8":"pa_brand-roland","10":"first","11":"instock","12":"shipping-taxable","13":"purchasable","14":"product-type-simple"},"acf":[],"_links":{"self":[{"href":"https:\/\/www.instrumentbox.de\/index.php?rest_route=\/wp\/v2\/product\/3693","targetHints":{"allow":["GET"]}}],"collection":[{"href":"https:\/\/www.instrumentbox.de\/index.php?rest_route=\/wp\/v2\/product"}],"about":[{"href":"https:\/\/www.instrumentbox.de\/index.php?rest_route=\/wp\/v2\/types\/product"}],"replies":[{"embeddable":true,"href":"https:\/\/www.instrumentbox.de\/index.php?rest_route=%2Fwp%2Fv2%2Fcomments&post=3693"}],"wp:featuredmedia":[{"embeddable":true,"href":"https:\/\/www.instrumentbox.de\/index.php?rest_route=\/wp\/v2\/media\/3694"}],"wp:attachment":[{"href":"https:\/\/www.instrumentbox.de\/index.php?rest_route=%2Fwp%2Fv2%2Fmedia&parent=3693"}],"wp:term":[{"taxonomy":"product_brand","embeddable":true,"href":"https:\/\/www.instrumentbox.de\/index.php?rest_route=%2Fwp%2Fv2%2Fproduct_brand&post=3693"},{"taxonomy":"product_cat","embeddable":true,"href":"https:\/\/www.instrumentbox.de\/index.php?rest_route=%2Fwp%2Fv2%2Fproduct_cat&post=3693"},{"taxonomy":"product_tag","embeddable":true,"href":"https:\/\/www.instrumentbox.de\/index.php?rest_route=%2Fwp%2Fv2%2Fproduct_tag&post=3693"}],"curies":[{"name":"wp","href":"https:\/\/api.w.org\/{rel}","templated":true}]}}