{"id":3697,"date":"2020-07-20T11:37:21","date_gmt":"2020-07-20T11:37:21","guid":{"rendered":"https:\/\/www.instrumentbox.de\/?product=behringer-deepmind6-sythesizer-tastatur"},"modified":"2024-12-05T20:28:56","modified_gmt":"2024-12-05T19:28:56","slug":"behringer-deepmind6-sythesizer-tastatur","status":"publish","type":"product","link":"https:\/\/www.instrumentbox.de\/?product=behringer-deepmind6-sythesizer-tastatur","title":{"rendered":"Behringer deepmind6 &#8211; Sythesizer\/Tastatur"},"content":{"rendered":"<p><!-- show up to 2 reviews by default --> <\/p>\n<p>Professionelle Synthesizer-Tastatur mit 37 Tasten, kompatibel mit Geschwindigkeit und Aftertouch, breite Verwendung der Komponenten, analoger mehrstimmiger Synthesizer, monotimbral mit sechs Stimmen, 2 DCOs pro Stimme, Rauschgenerator, DCO-Synthesizer und Synergie-Optionen mit 256 Presets, 1024 Speicherpl\u00e4tze in 8 Banken von 128 2\/4-Polen, Tiefpassfilter, zus\u00e4tzlicher Hochpassfilter, 3 Sensoren: VCA, VCF und gemappter Mod, jede Stimme besitzt einen getrennten LFO. Mit der Detune-Regler-Matrix mit 8-Bus-Modulation und 4 integrierten digitalen Effektmotoren mit 4 Teilen und 30 verschiedenen FX-Typen. Hardwire-Bypass, Arpeggiator\/Sequenzer mit 32 Schritten und Zeitkontrolle. Alle Einstellungen k\u00f6nnen per WLAN, via PC- und Tablet-Anwendungen \u00fcber USB- und MIDI-Anschl\u00fcsse gesteuert werden. <\/p>\n<p>Geben Sie Ihr Modell ein, um sicherzustellen, dass dieser Artikel passt.<br \/>\nSynergiefunktion mit Detune-Regler.<br \/>\nHardwire-Bypass.<br \/>\nAnaloger mehrstimmiger Synthesizer, monotimbral mit sechs Stimmen.<br \/>\n<div class=\"main-cross-sell\" data-asin=\"B073QT9ZWN\">\n\n\t<div class=\"WooZone-cross-sell-loader\">\n\t\t<div>\n\t\t\t<div id=\"floatingBarsG\">\n\t\t\t\t<div class=\"blockG\" id=\"rotateG_01\"><\/div>\n\t\t\t\t<div class=\"blockG\" id=\"rotateG_02\"><\/div>\n\t\t\t\t<div class=\"blockG\" id=\"rotateG_03\"><\/div>\n\t\t\t\t<div class=\"blockG\" id=\"rotateG_04\"><\/div>\n\t\t\t\t<div class=\"blockG\" id=\"rotateG_05\"><\/div>\n\t\t\t\t<div class=\"blockG\" id=\"rotateG_06\"><\/div>\n\t\t\t\t<div class=\"blockG\" id=\"rotateG_07\"><\/div>\n\t\t\t\t<div class=\"blockG\" id=\"rotateG_08\"><\/div>\n\t\t\t<\/div>\n\t\t\t<div class=\"WooZone-cross-sell-loader-text\"><\/div>\n\t\t<\/div>\n\t<\/div>\n\n\t\t\n<\/div>\n<div style=\"clear:both;\"><\/div>\n","protected":false},"excerpt":{"rendered":"<p>Geben Sie Ihr Modell ein, um sicherzustellen, dass dieser Artikel passt.<br \/>\nSynergiefunktion mit Detune-Regler.<br \/>\nHardwire-Bypass.<\/p>\n","protected":false},"featured_media":3698,"comment_status":"open","ping_status":"closed","template":"","meta":{"_acf_changed":false,"rs_blank_template":"","rs_page_bg_color":"","slide_template_v7":""},"product_brand":[],"product_cat":[15,48],"product_tag":[],"class_list":{"0":"post-3697","1":"product","2":"type-product","3":"status-publish","4":"has-post-thumbnail","6":"product_cat-shop","7":"product_cat-synthesizer","8":"pa_brand-behringer","10":"first","11":"instock","12":"shipping-taxable","13":"purchasable","14":"product-type-simple"},"acf":[],"_links":{"self":[{"href":"https:\/\/www.instrumentbox.de\/index.php?rest_route=\/wp\/v2\/product\/3697","targetHints":{"allow":["GET"]}}],"collection":[{"href":"https:\/\/www.instrumentbox.de\/index.php?rest_route=\/wp\/v2\/product"}],"about":[{"href":"https:\/\/www.instrumentbox.de\/index.php?rest_route=\/wp\/v2\/types\/product"}],"replies":[{"embeddable":true,"href":"https:\/\/www.instrumentbox.de\/index.php?rest_route=%2Fwp%2Fv2%2Fcomments&post=3697"}],"wp:featuredmedia":[{"embeddable":true,"href":"https:\/\/www.instrumentbox.de\/index.php?rest_route=\/wp\/v2\/media\/3698"}],"wp:attachment":[{"href":"https:\/\/www.instrumentbox.de\/index.php?rest_route=%2Fwp%2Fv2%2Fmedia&parent=3697"}],"wp:term":[{"taxonomy":"product_brand","embeddable":true,"href":"https:\/\/www.instrumentbox.de\/index.php?rest_route=%2Fwp%2Fv2%2Fproduct_brand&post=3697"},{"taxonomy":"product_cat","embeddable":true,"href":"https:\/\/www.instrumentbox.de\/index.php?rest_route=%2Fwp%2Fv2%2Fproduct_cat&post=3697"},{"taxonomy":"product_tag","embeddable":true,"href":"https:\/\/www.instrumentbox.de\/index.php?rest_route=%2Fwp%2Fv2%2Fproduct_tag&post=3697"}],"curies":[{"name":"wp","href":"https:\/\/api.w.org\/{rel}","templated":true}]}}