{"id":3757,"date":"2020-07-20T11:48:15","date_gmt":"2020-07-20T11:48:15","guid":{"rendered":"https:\/\/www.instrumentbox.de\/?product=behringer-europower-pmp500mp3"},"modified":"2024-01-03T06:30:14","modified_gmt":"2024-01-03T05:30:14","slug":"behringer-europower-pmp500mp3","status":"publish","type":"product","link":"https:\/\/www.instrumentbox.de\/?product=behringer-europower-pmp500mp3","title":{"rendered":"Behringer EUROPWER PMP500MP3 Ultrakompakter 500-Watt-8-Kanal-Powermixer mit MP3-Player, Reverb und Wireless-Option"},"content":{"rendered":"<p><!-- show up to 2 reviews by default --> <\/p>\n<p>Auf der Suche nach den besten, All-in-One Portable PA-Mixer? Die EUROPORT pmp500mp3 artikulieren, High Fidelity Leistung \u2013 wiegt nur 3 kg\/6,6 kg. Dank seiner 8-Kanal, 500 Watt-Mixer mit integriertem MP3-Player, Reverb und Funk-Mikrofon-Konnektivit\u00e4t, die Kn\u00f6delhalter k\u00f6nnen pmp500mp3 ein gro\u00dfformatiges Raum mit kristallklarem, kr\u00e4ftigen Sound \u2013 wodurch sie der Star Ihrer Veranstaltung. Seit unserer Gr\u00fcndung im Jahr 1989, haben wir f\u00fcr die Herstellung einige der bestklingende Audio-Mixer und Verst\u00e4rker auf dem Planeten \u2013 so sollte es Sie nicht verwundern, dass die pmp500mp3 bietet \u00fcberragende Klangqualit\u00e4t als andere Produkte in dieser Klasse. Und mit 500 Watt Stereo-Ausgang, die pmp500mp3 hat die Macht, um Ihre Nachricht laut und klar \u2013 und halten Sie die Party geht die ganze Nacht. Kanal 1\u20134 Mit unseren hochwertigen XENYX Mikrofon-Vorverst\u00e4rker, die von Audio-Profis gelobt wurden f\u00fcr ihre Transparenz und Headroom. Was bedeutet das f\u00fcr Sie? Es bedeutet, dass Sie eine wirklich saubere Eingangssignal ohne unerw\u00fcnschten Coloration oder Verzerrung. Wir verwenden zur Verf\u00fcgung haben + 48 Phantomspannung, so k\u00f6nnen Sie sogar studiotauglicher Kondensator Mikrofone \u2013 und wir haben f\u00fcr jeden Eingangskanal unserer sehr musikalische 2-Band EQ (Bass und H\u00f6hen). W\u00e4hlen Sie die richtige Equalizer System Optimierung k\u00f6nnte nicht einfacher sein, nur dr\u00fccken Sie den Music\/Speech-Schalter zur Verf\u00fcgung. Wir haben zudem einen user-defeat voice-over-priority Funktion automatisch senkt die Stereokan\u00e4le, wenn Sie, dass Sie am Mikrofon k\u00f6nnen \u2013 so haben alle Ihre wichtigen Nachrichten geh\u00f6rt werden. Wenn Sie macht eine Rede, Chancen sind Sie m\u00fcssen, aber nicht, wenn Sie ein Musikinstrument spielen und\/oder singen, m\u00f6chten Sie vielleicht einige Effekte. Also, haben wir eine gut klingende Digital Reverb Prozessor, um Ihre Leistung zu vers\u00fc\u00dfen. Diese studiotauglicher Gesangseffektger\u00e4ten Sie klingen wie ein Profi, und es ist so einfach zu bedienen. <\/p>\n<p>Geben Sie Ihr Modell ein, um sicherzustellen, dass dieser Artikel passt.<br \/>\nUltra-kompakt 500 Watt 8-Kanal Powermischer<br \/>\nEnorme Power, unglaubliche akustische Leistung, und als superleichtes<br \/>\ninkl. Hochleistungs-MP3-Player, der Audio-Dateien via USB-Stick<br \/>\nStudiotauglicher Stereo Reverb letzten Schliff erg\u00e4nzt um die Sound &#8211;<br \/>\nKabelloser &#8216;f\u00fcr hochwertige Behringer Digital Wireless System (nicht im Lieferumfang enthalten)<br \/>\n<div class=\"main-cross-sell\" data-asin=\"B06XHN111Y\">\n\n\t<div class=\"WooZone-cross-sell-loader\">\n\t\t<div>\n\t\t\t<div id=\"floatingBarsG\">\n\t\t\t\t<div class=\"blockG\" id=\"rotateG_01\"><\/div>\n\t\t\t\t<div class=\"blockG\" id=\"rotateG_02\"><\/div>\n\t\t\t\t<div class=\"blockG\" id=\"rotateG_03\"><\/div>\n\t\t\t\t<div class=\"blockG\" id=\"rotateG_04\"><\/div>\n\t\t\t\t<div class=\"blockG\" id=\"rotateG_05\"><\/div>\n\t\t\t\t<div class=\"blockG\" id=\"rotateG_06\"><\/div>\n\t\t\t\t<div class=\"blockG\" id=\"rotateG_07\"><\/div>\n\t\t\t\t<div class=\"blockG\" id=\"rotateG_08\"><\/div>\n\t\t\t<\/div>\n\t\t\t<div class=\"WooZone-cross-sell-loader-text\"><\/div>\n\t\t<\/div>\n\t<\/div>\n\n\t\t\n<\/div>\n<div style=\"clear:both;\"><\/div>\n","protected":false},"excerpt":{"rendered":"<p>Geben Sie Ihr Modell ein, um sicherzustellen, dass dieser Artikel passt.<br \/>\nUltra-kompakt 500 Watt 8-Kanal Powermischer<br \/>\nEnorme Power, unglaubliche akustische Leistung, und als superleichtes<\/p>\n","protected":false},"featured_media":3758,"comment_status":"open","ping_status":"closed","template":"","meta":{"_acf_changed":false,"rs_blank_template":"","rs_page_bg_color":"","slide_template_v7":""},"product_brand":[],"product_cat":[15,48],"product_tag":[],"class_list":{"0":"post-3757","1":"product","2":"type-product","3":"status-publish","4":"has-post-thumbnail","6":"product_cat-shop","7":"product_cat-synthesizer","8":"pa_brand-behringer","10":"first","11":"instock","12":"shipping-taxable","13":"purchasable","14":"product-type-simple"},"acf":[],"_links":{"self":[{"href":"https:\/\/www.instrumentbox.de\/index.php?rest_route=\/wp\/v2\/product\/3757","targetHints":{"allow":["GET"]}}],"collection":[{"href":"https:\/\/www.instrumentbox.de\/index.php?rest_route=\/wp\/v2\/product"}],"about":[{"href":"https:\/\/www.instrumentbox.de\/index.php?rest_route=\/wp\/v2\/types\/product"}],"replies":[{"embeddable":true,"href":"https:\/\/www.instrumentbox.de\/index.php?rest_route=%2Fwp%2Fv2%2Fcomments&post=3757"}],"wp:featuredmedia":[{"embeddable":true,"href":"https:\/\/www.instrumentbox.de\/index.php?rest_route=\/wp\/v2\/media\/3758"}],"wp:attachment":[{"href":"https:\/\/www.instrumentbox.de\/index.php?rest_route=%2Fwp%2Fv2%2Fmedia&parent=3757"}],"wp:term":[{"taxonomy":"product_brand","embeddable":true,"href":"https:\/\/www.instrumentbox.de\/index.php?rest_route=%2Fwp%2Fv2%2Fproduct_brand&post=3757"},{"taxonomy":"product_cat","embeddable":true,"href":"https:\/\/www.instrumentbox.de\/index.php?rest_route=%2Fwp%2Fv2%2Fproduct_cat&post=3757"},{"taxonomy":"product_tag","embeddable":true,"href":"https:\/\/www.instrumentbox.de\/index.php?rest_route=%2Fwp%2Fv2%2Fproduct_tag&post=3757"}],"curies":[{"name":"wp","href":"https:\/\/api.w.org\/{rel}","templated":true}]}}