{"id":3800,"date":"2020-07-20T11:51:06","date_gmt":"2020-07-20T11:51:06","guid":{"rendered":"https:\/\/www.instrumentbox.de\/?product=korg-sq-1-step-sequenzer"},"modified":"2025-01-23T05:15:34","modified_gmt":"2025-01-23T04:15:34","slug":"korg-sq-1-step-sequenzer","status":"publish","type":"product","link":"https:\/\/www.instrumentbox.de\/?product=korg-sq-1-step-sequenzer","title":{"rendered":"Korg SQ-1 Tastaturen"},"content":{"rendered":"<p><!-- show up to 2 reviews by default --> <\/p>\n<p>1978 wurde der SQ-10 Step-Sequenzer zusammen mit dem klassischen MS-20 Analogsynthesizer vorgestellt. Nach 30 Jahren kehren beide in aktualisierter Form als MS-20 mini und SQ-1 zur\u00fcck.<\/p>\n<p>Der SQ-1 ist ein kompakter Step-Sequenzer mit 2 x 8 Steps. Dank seiner F\u00fclle von Anschl\u00fcssen kann man ihn nicht nur mit dem MS-20, sondern einer Vielzahl anderer Synthesizer verbinden. So lassen sich mit einem einzelnen Ger\u00e4t sowohl vintage Analogsynths als auch moderne Kompaktsynths steuern. Man kann zwischen verschiedenen Synthesizer-Modi umschalten und mit den Step-Tastern spontane Performances wie mit einem Instrument der Volca-Serie erzeugen. <\/p>\n<p>Befreien Sie sich vom Editieren numerischer Parameterwerte, wie dies f\u00fcr DAWs typisch ist. \u00d6ffnen Sie sich f\u00fcr echte musikalische Inspirationen, indem Sie Ihr Geh\u00f6r trainieren und sich auf &#8220;handgemachte&#8221; Einstellungen konzentrieren. Erleben Sie Musik, die von Ihrem Instinkt geleitet wird. <\/p>\n<p>Geben Sie Ihr Modell ein, um sicherzustellen, dass dieser Artikel passt.<br \/>\n2 x 8 Step Sequenzer zur flexiblen Ger\u00e4testeuerung<br \/>\nMS-20 und viele andere Ger\u00e4tetypen steuerbar<br \/>\nVerschiedene Sequenzer-Modi<br \/>\nStep Edit-Tasten im Volca-Stil f\u00fcr grenzenlose Improvisationsm\u00f6glichkeiten<br \/>\nStabiles, kompaktes Geh\u00e4use und Batteriebetrieb<br \/>\n<div class=\"main-cross-sell\" data-asin=\"B00SGY5CIW\">\n\n\t<div class=\"WooZone-cross-sell-loader\">\n\t\t<div>\n\t\t\t<div id=\"floatingBarsG\">\n\t\t\t\t<div class=\"blockG\" id=\"rotateG_01\"><\/div>\n\t\t\t\t<div class=\"blockG\" id=\"rotateG_02\"><\/div>\n\t\t\t\t<div class=\"blockG\" id=\"rotateG_03\"><\/div>\n\t\t\t\t<div class=\"blockG\" id=\"rotateG_04\"><\/div>\n\t\t\t\t<div class=\"blockG\" id=\"rotateG_05\"><\/div>\n\t\t\t\t<div class=\"blockG\" id=\"rotateG_06\"><\/div>\n\t\t\t\t<div class=\"blockG\" id=\"rotateG_07\"><\/div>\n\t\t\t\t<div class=\"blockG\" id=\"rotateG_08\"><\/div>\n\t\t\t<\/div>\n\t\t\t<div class=\"WooZone-cross-sell-loader-text\"><\/div>\n\t\t<\/div>\n\t<\/div>\n\n\t\t\n<\/div>\n<div style=\"clear:both;\"><\/div>\n","protected":false},"excerpt":{"rendered":"<p>Geben Sie Ihr Modell ein, um sicherzustellen, dass dieser Artikel passt.<br \/>\n2 x 8 Step Sequenzer zur flexiblen Ger\u00e4testeuerung<br \/>\nMS-20 und viele andere Ger\u00e4tetypen steuerbar<\/p>\n","protected":false},"featured_media":3801,"comment_status":"open","ping_status":"closed","template":"","meta":{"_acf_changed":false,"rs_blank_template":"","rs_page_bg_color":"","slide_template_v7":""},"product_brand":[],"product_cat":[15,48],"product_tag":[],"class_list":{"0":"post-3800","1":"product","2":"type-product","3":"status-publish","4":"has-post-thumbnail","6":"product_cat-shop","7":"product_cat-synthesizer","8":"pa_brand-korg","10":"first","11":"instock","12":"shipping-taxable","13":"purchasable","14":"product-type-simple"},"acf":[],"_links":{"self":[{"href":"https:\/\/www.instrumentbox.de\/index.php?rest_route=\/wp\/v2\/product\/3800","targetHints":{"allow":["GET"]}}],"collection":[{"href":"https:\/\/www.instrumentbox.de\/index.php?rest_route=\/wp\/v2\/product"}],"about":[{"href":"https:\/\/www.instrumentbox.de\/index.php?rest_route=\/wp\/v2\/types\/product"}],"replies":[{"embeddable":true,"href":"https:\/\/www.instrumentbox.de\/index.php?rest_route=%2Fwp%2Fv2%2Fcomments&post=3800"}],"wp:featuredmedia":[{"embeddable":true,"href":"https:\/\/www.instrumentbox.de\/index.php?rest_route=\/wp\/v2\/media\/3801"}],"wp:attachment":[{"href":"https:\/\/www.instrumentbox.de\/index.php?rest_route=%2Fwp%2Fv2%2Fmedia&parent=3800"}],"wp:term":[{"taxonomy":"product_brand","embeddable":true,"href":"https:\/\/www.instrumentbox.de\/index.php?rest_route=%2Fwp%2Fv2%2Fproduct_brand&post=3800"},{"taxonomy":"product_cat","embeddable":true,"href":"https:\/\/www.instrumentbox.de\/index.php?rest_route=%2Fwp%2Fv2%2Fproduct_cat&post=3800"},{"taxonomy":"product_tag","embeddable":true,"href":"https:\/\/www.instrumentbox.de\/index.php?rest_route=%2Fwp%2Fv2%2Fproduct_tag&post=3800"}],"curies":[{"name":"wp","href":"https:\/\/api.w.org\/{rel}","templated":true}]}}