{"id":3808,"date":"2020-07-20T11:51:09","date_gmt":"2020-07-20T11:51:09","guid":{"rendered":"https:\/\/www.instrumentbox.de\/?product=korg-volca-sampl-digital-sample-sequencer"},"modified":"2024-01-03T06:41:24","modified_gmt":"2024-01-03T05:41:24","slug":"korg-volca-sampl-digital-sample-sequencer","status":"publish","type":"product","link":"https:\/\/www.instrumentbox.de\/?product=korg-volca-sampl-digital-sample-sequencer","title":{"rendered":"KORG volca sample, digitaler Sample Sequenzer, Groove Sampler f\u00fcr elektronische Drum-Beats und -Rhythmen, wei\u00df"},"content":{"rendered":"<div class=\"disclaim\"> Stil:<strong>KORG volca sample<\/strong> <\/div>\n<p> <!-- show up to 2 reviews by default --> <\/p>\n<h3>Produktbeschreibung<\/h3>\n<p>KORG volca sample &#8211; \u00dcber 100 Werkssounds bringt der KORG volca sample Sequencer in seinem 4 MB gro\u00dfen Speicher mit. Diese k\u00f6nnen Sie auch durch eigene Sound-Aufnahmen ersetzen. Alle Sounds k\u00f6nnen Sie mit der Editierfunktion kreativ ver\u00e4ndern. So lassen Sie individuelle Groove-Ideen, Beats und Kl\u00e4nge entstehen. Dank integrierter Lautsprecher k\u00f6nnen Sie die Ergebnisse Ihrer Klang-Experimente direkt h\u00f6ren. Noch einmal mehr Spa\u00df bringen die vielf\u00e4ltigen Funktionen des volca sample. Mit Motion Sequencing k\u00f6nnen Sie zum Beispiel s\u00e4mtliche Tonh\u00f6henbewegungen w\u00e4hrend des Spielens aufnehmen und als Sound-Variation nutzen. Active Step und Step Jump erm\u00f6glichen es, Klang-Phrasen zu \u00fcberspringen oder loopen. Daneben gibt es viele weitere Funktionen, mit denen Sie Sounds und Grooves kreativ gestalten k\u00f6nnen. Wer also einen musikbegeisterten Technikfan, DJ oder T\u00fcftler begeistern m\u00f6chte, macht ihm mit dem KORG volca sample garantiert das richtige Geschenk. <\/p>\n<h3>Rechtliche Hinweise<\/h3>\n<p>Keine R\u00fccknahme und Gew\u00e4hrleistung <\/p>\n<p>Geben Sie Ihr Modell ein, um sicherzustellen, dass dieser Artikel passt.<br \/>\nKORG volca sample, Digitaler Sample Sequencer \u01c1 Farbe: wei\u00df \u01c1 Ma\u00dfe: 193 \u00d7 115 \u00d7 45 mm \u01c1 Gewicht: 0,37 kg \u01c1 Batteriebetrieb: 10 Std. mit 6 x AA-Alkalibatterien \u01c1 Ultrakompaktes Geh\u00e4useformat \u01c1 Tastatur: Multitouch \/ Step-Taster \u01c1 Sampler: PCM, max. Polyphonie: 8, 100 Samples, 4 MB Sample-Speicher, 31,25 kHz Samplingfrequenz, 4 Edit-Funktionen (Sample, Pitch, Amp, Reverse) \u01c1 Effekte: Reverb, Analog Isolator zum Modellieren von Samples \u01c1 Sequenzer: 10 Parts, 16 Steps, 10 Pattern \u01c1 Sequenzer-Funktionen: Motion Sequencing, Active Step, Step Jump, Swing \u01c1 Anschl\u00fcsse: Kopfh\u00f6rer-Ausgang (3.5 mm Mini-Klinke Stereo), Ein- und Ausgang f\u00fcr Sync-Klinke (3.5 mm Mini-Klinke), MIDI-Eingang \u01c1 Kann mit diesen Instrumenten synchronisiert werden: KORG volca Serie (alle) und KORG electribe2<br \/>\nLIEFERUMFANG &#8211; Sync-Kabel \u01c1 6 x AA-Alkalibatterien zum Antesten \u01c1 Kostenlose iOS AudioPocket App: Tool zum direkten Aufnehmen und Schneiden, iTunes File Sharing, zus\u00e4tzliche Sample Libraries \u01c1 Android Apps anderer Hersteller sind mit dem volca sample ebenfalls kompatibel<br \/>\nKORG volca sample &#8211; \u00dcber 100 Werkssounds bringt der KORG volca sample Sequencer in seinem 4 MB gro\u00dfen Speicher mit. Diese k\u00f6nnen Sie auch durch eigene Sound-Aufnahmen ersetzen. Alle Sounds k\u00f6nnen Sie mit der Editierfunktion kreativ ver\u00e4ndern. So lassen Sie individuelle Groove-Ideen, Beats und Kl\u00e4nge entstehen. Dank integrierter Lautsprecher k\u00f6nnen Sie die Ergebnisse Ihrer Klang-Experimente direkt h\u00f6ren. Noch einmal mehr Spa\u00df bringen die vielf\u00e4ltigen Funktionen des volca sample. Mit Motion Sequencing k\u00f6nnen Sie zum Beispiel s\u00e4mtliche Tonh\u00f6henbewegungen w\u00e4hrend des Spielens aufnehmen und als Sound-Variation nutzen. Active Step und Step Jump erm\u00f6glichen es, Klang-Phrasen zu \u00fcberspringen oder loopen. Daneben gibt es viele weitere Funktionen, mit denen Sie Sounds und Grooves kreativ gestalten k\u00f6nnen. Wer also einen musikbegeisterten Technikfan, DJ oder T\u00fcftler begeistern m\u00f6chte, macht ihm mit dem KORG volca sample garantiert das richtige Geschenk.<br \/>\nQUALIT\u00c4T &#8211; Seit \u00fcber 50 Jahren steht der Name KORG f\u00fcr innovative Instrumente. Neben Keyboards, Digitalpianos und Workstations konzentriert sich der Hersteller auch auf hochwertige Synthesizer und Sequencer wie den volca sample. \u00dcberzeugende Sounds, eine intuitive Bedienoberfl\u00e4che und das Rundum-Sorglos-Paket sind nur drei der Hauptmerkmale, an denen sich die hohe Qualit\u00e4t des KORG Digital-Sequencers festmachen l\u00e4sst. Die schier endlosen M\u00f6glichkeiten dieses Kompaktsynthies spiegeln den Ehrgeiz von KORG wieder, langlebige Instrumente herzustellen.<br \/>\nIHRE VORTEILE &#8211; Experimentieren, designen und direkt speichern &#8211; nutzen Sie den KORG volca sample kreativ, um eigene Song-Grooves zu entwickeln oder Filme und Videos mit passenden Rhythmen zu unterstreichen. Dank seiner kompakten Gr\u00f6\u00dfe, des Batteriebetriebs und Kopfh\u00f6rereingangs k\u00f6nnen Sie den volca sample \u00fcberall spielen: in der Wohnung, auf der B\u00fchne, im Studio, auf der Parkbank oder wo immer Sie m\u00f6chten. \u00dcber die Klinkenein- und -ausg\u00e4nge k\u00f6nnen Sie den Synthie mit anderen KORG Instrumenten, zum Beispiel aus der volca Serie, verbinden und so noch viel kreativer werden.<br \/>\n<div class=\"main-cross-sell\" data-asin=\"B00NKD1PUI\">\n\n\t<div class=\"WooZone-cross-sell-loader\">\n\t\t<div>\n\t\t\t<div id=\"floatingBarsG\">\n\t\t\t\t<div class=\"blockG\" id=\"rotateG_01\"><\/div>\n\t\t\t\t<div class=\"blockG\" id=\"rotateG_02\"><\/div>\n\t\t\t\t<div class=\"blockG\" id=\"rotateG_03\"><\/div>\n\t\t\t\t<div class=\"blockG\" id=\"rotateG_04\"><\/div>\n\t\t\t\t<div class=\"blockG\" id=\"rotateG_05\"><\/div>\n\t\t\t\t<div class=\"blockG\" id=\"rotateG_06\"><\/div>\n\t\t\t\t<div class=\"blockG\" id=\"rotateG_07\"><\/div>\n\t\t\t\t<div class=\"blockG\" id=\"rotateG_08\"><\/div>\n\t\t\t<\/div>\n\t\t\t<div class=\"WooZone-cross-sell-loader-text\"><\/div>\n\t\t<\/div>\n\t<\/div>\n\n\t\t\n<\/div>\n<div style=\"clear:both;\"><\/div>\n","protected":false},"excerpt":{"rendered":"<p>Geben Sie Ihr Modell ein, um sicherzustellen, dass dieser Artikel passt.<br \/>\nKORG volca sample, Digitaler Sample Sequencer \u01c1 Farbe: wei\u00df \u01c1 Ma\u00dfe: 193 \u00d7 115 \u00d7 45 mm \u01c1 Gewicht: 0,37 kg \u01c1 Batteriebetrieb: 10 Std. mit 6 x AA-Alkalibatterien \u01c1 Ultrakompaktes Geh\u00e4useformat \u01c1 Tastatur: Multitouch \/ Step-Taster \u01c1 Sampler: PCM, max. Polyphonie: 8, 100 Samples, 4 MB Sample-Speicher, 31,25 kHz Samplingfrequenz, 4 Edit-Funktionen (Sample, Pitch, Amp, Reverse) \u01c1 Effekte: Reverb, Analog Isolator zum Modellieren von Samples \u01c1 Sequenzer: 10 Parts, 16 Steps, 10 Pattern \u01c1 Sequenzer-Funktionen: Motion Sequencing, Active Step, Step Jump, Swing \u01c1 Anschl\u00fcsse: Kopfh\u00f6rer-Ausgang (3.5 mm Mini-Klinke Stereo), Ein- und Ausgang f\u00fcr Sync-Klinke (3.5 mm Mini-Klinke), MIDI-Eingang \u01c1 Kann mit diesen Instrumenten synchronisiert werden: KORG volca Serie (alle) und KORG electribe2<br \/>\nLIEFERUMFANG &#8211; Sync-Kabel \u01c1 6 x AA-Alkalibatterien zum Antesten \u01c1 Kostenlose iOS AudioPocket App: Tool zum direkten Aufnehmen und Schneiden, iTunes File Sharing, zus\u00e4tzliche Sample Libraries \u01c1 Android Apps anderer Hersteller sind mit dem volca sample ebenfalls kompatibel<\/p>\n","protected":false},"featured_media":3809,"comment_status":"open","ping_status":"closed","template":"","meta":{"_acf_changed":false,"rs_blank_template":"","rs_page_bg_color":"","slide_template_v7":""},"product_brand":[],"product_cat":[15,48],"product_tag":[],"class_list":{"0":"post-3808","1":"product","2":"type-product","3":"status-publish","4":"has-post-thumbnail","6":"product_cat-shop","7":"product_cat-synthesizer","8":"pa_brand-korg","10":"first","11":"instock","12":"shipping-taxable","13":"purchasable","14":"product-type-simple"},"acf":[],"_links":{"self":[{"href":"https:\/\/www.instrumentbox.de\/index.php?rest_route=\/wp\/v2\/product\/3808","targetHints":{"allow":["GET"]}}],"collection":[{"href":"https:\/\/www.instrumentbox.de\/index.php?rest_route=\/wp\/v2\/product"}],"about":[{"href":"https:\/\/www.instrumentbox.de\/index.php?rest_route=\/wp\/v2\/types\/product"}],"replies":[{"embeddable":true,"href":"https:\/\/www.instrumentbox.de\/index.php?rest_route=%2Fwp%2Fv2%2Fcomments&post=3808"}],"wp:featuredmedia":[{"embeddable":true,"href":"https:\/\/www.instrumentbox.de\/index.php?rest_route=\/wp\/v2\/media\/3809"}],"wp:attachment":[{"href":"https:\/\/www.instrumentbox.de\/index.php?rest_route=%2Fwp%2Fv2%2Fmedia&parent=3808"}],"wp:term":[{"taxonomy":"product_brand","embeddable":true,"href":"https:\/\/www.instrumentbox.de\/index.php?rest_route=%2Fwp%2Fv2%2Fproduct_brand&post=3808"},{"taxonomy":"product_cat","embeddable":true,"href":"https:\/\/www.instrumentbox.de\/index.php?rest_route=%2Fwp%2Fv2%2Fproduct_cat&post=3808"},{"taxonomy":"product_tag","embeddable":true,"href":"https:\/\/www.instrumentbox.de\/index.php?rest_route=%2Fwp%2Fv2%2Fproduct_tag&post=3808"}],"curies":[{"name":"wp","href":"https:\/\/api.w.org\/{rel}","templated":true}]}}