{"id":3812,"date":"2020-07-20T11:52:58","date_gmt":"2020-07-20T11:52:58","guid":{"rendered":"https:\/\/www.instrumentbox.de\/?product=korg-odyssey-synthesizer"},"modified":"2024-01-03T06:41:24","modified_gmt":"2024-01-03T05:41:24","slug":"korg-odyssey-synthesizer","status":"publish","type":"product","link":"https:\/\/www.instrumentbox.de\/?product=korg-odyssey-synthesizer","title":{"rendered":"KORG\u00a0\u2013\u00a0Odyssey Synthesizer"},"content":{"rendered":"<p><!-- show up to 2 reviews by default --> <\/p>\n<p>Der ARP Odyssey wurde ab 1972 von der amerikanischen Firma ARP Instruments, Inc. hergestellt und erfreute sich unter Musikern schnell einer stetig wachsenden Fangemeinde. Er war preiswert, lie\u00c3\u0178 sich einfach spielen und transportieren und wurde von seinen Entwicklern \u00c3\u00bcber die Jahre immer wieder verbessert. Trotz guter Verkaufszahlen musste die Produktion 1981 aufgrund wirtschaftlicher Probleme und dem Beginn der digitalen Revolution eingestellt werden. Der ARP Odyssey hat mit seinen Sounds zahllose Hitsongs seiner Zeit gepr\u00c3\u00a4gt und ist bei Musikern bis heute als Synthklassiker sehr beliebt.2015 bringt Korg den ARP Odyssey in die Gegenwart zur\u00c3\u00bcck. Dank fachkundiger Beratung durch David Friend, den Mitbegr\u00c3\u00bcnder von ARP Instruments, konnte KORG die Originalschaltung f\u00c3\u00bcr jene K\u00c3\u00bcnstler reproduzieren, die klassische Sounds wiederbeleben und neue erforschen m\u00c3chten. Gemeinsam gelang es den Korg- und Arp-Ingenieuren, Sound und Feel des Vorbilds vollst\u00c3\u00a4ndig zu rekonstruieren. Jedes Detail, bis hin zum Semi-Hardcase musste der Qualit\u00c3\u00a4t des Originals entsprechen.Fans des ARP Odyssey lieben seinen legend\u00c3\u00a4ren Sound noch immer. Es ist, als w\u00c3\u00a4re er nie weg gewesen. &#8211; Vollst\u00c3\u00a4ndige Rekonstruktion dreier Schaltungsgenerationen mit Unterst\u00c3\u00bctzung des Gr\u00c3\u00bcnders &#8211; Features: vollst\u00c3\u00a4ndige Rekonstruktion dreier Schaltungsgenerationen mit Unterst\u00c3\u00bctzung des Gr\u00c3\u00bcnders,die typische Synthese des ARP Odyssey wurde von Grund auf wiederhergestellt,die Filter aller drei Generationen sind verf\u00c3\u00bcgbar,das Portamento-Verhalten von Rev1 und Rev2\/3 ist nutzbar,optimierter ARP Odyssey mit Originaltechnik,kompaktes Format, leichtg\u00c3\u00a4ngige Slider und schlanke, leicht bespielbare Tastatur,neue DRIVE-Funktion mit separatem Schalter,zahlreiche Anschl\u00c3\u00bcsse inklusive MIDI- und Kopfh\u00c3rerausgang,Patchkabel inklusive,spezielles Semihardcase inklusive <\/p>\n<p>Geben Sie Ihr Modell ein, um sicherzustellen, dass dieser Artikel passt.<br \/>\nvollst\u00c3\u00a4ndige Rekonstruktion dreier Schaltungsgenerationen mit Unterst\u00c3\u00bctzung des Gr\u00c3\u00bcnders<br \/>\ndie typische Synthese des ARP Odyssey wurde von Grund auf wiederhergestellt<br \/>\ndie Filter aller drei Generationen sind verf\u00c3\u00bcgbar<br \/>\ndas Portamento-Verhalten von Rev1 und Rev2\/3 ist nutzbar<br \/>\noptimierter ARP Odyssey mit Originaltechnik<br \/>\n<div class=\"main-cross-sell\" data-asin=\"B00TPX4CRU\">\n\n\t<div class=\"WooZone-cross-sell-loader\">\n\t\t<div>\n\t\t\t<div id=\"floatingBarsG\">\n\t\t\t\t<div class=\"blockG\" id=\"rotateG_01\"><\/div>\n\t\t\t\t<div class=\"blockG\" id=\"rotateG_02\"><\/div>\n\t\t\t\t<div class=\"blockG\" id=\"rotateG_03\"><\/div>\n\t\t\t\t<div class=\"blockG\" id=\"rotateG_04\"><\/div>\n\t\t\t\t<div class=\"blockG\" id=\"rotateG_05\"><\/div>\n\t\t\t\t<div class=\"blockG\" id=\"rotateG_06\"><\/div>\n\t\t\t\t<div class=\"blockG\" id=\"rotateG_07\"><\/div>\n\t\t\t\t<div class=\"blockG\" id=\"rotateG_08\"><\/div>\n\t\t\t<\/div>\n\t\t\t<div class=\"WooZone-cross-sell-loader-text\"><\/div>\n\t\t<\/div>\n\t<\/div>\n\n\t\t\n<\/div>\n<div style=\"clear:both;\"><\/div>\n","protected":false},"excerpt":{"rendered":"<p>Geben Sie Ihr Modell ein, um sicherzustellen, dass dieser Artikel passt.<br \/>\nvollst\u00c3\u00a4ndige Rekonstruktion dreier Schaltungsgenerationen mit Unterst\u00c3\u00bctzung des Gr\u00c3\u00bcnders<br \/>\ndie typische Synthese des ARP Odyssey wurde von Grund auf wiederhergestellt<\/p>\n","protected":false},"featured_media":3813,"comment_status":"open","ping_status":"closed","template":"","meta":{"_acf_changed":false,"rs_blank_template":"","rs_page_bg_color":"","slide_template_v7":""},"product_brand":[],"product_cat":[15,48],"product_tag":[],"class_list":{"0":"post-3812","1":"product","2":"type-product","3":"status-publish","4":"has-post-thumbnail","6":"product_cat-shop","7":"product_cat-synthesizer","8":"pa_brand-korg","10":"first","11":"instock","12":"shipping-taxable","13":"purchasable","14":"product-type-simple"},"acf":[],"_links":{"self":[{"href":"https:\/\/www.instrumentbox.de\/index.php?rest_route=\/wp\/v2\/product\/3812","targetHints":{"allow":["GET"]}}],"collection":[{"href":"https:\/\/www.instrumentbox.de\/index.php?rest_route=\/wp\/v2\/product"}],"about":[{"href":"https:\/\/www.instrumentbox.de\/index.php?rest_route=\/wp\/v2\/types\/product"}],"replies":[{"embeddable":true,"href":"https:\/\/www.instrumentbox.de\/index.php?rest_route=%2Fwp%2Fv2%2Fcomments&post=3812"}],"wp:featuredmedia":[{"embeddable":true,"href":"https:\/\/www.instrumentbox.de\/index.php?rest_route=\/wp\/v2\/media\/3813"}],"wp:attachment":[{"href":"https:\/\/www.instrumentbox.de\/index.php?rest_route=%2Fwp%2Fv2%2Fmedia&parent=3812"}],"wp:term":[{"taxonomy":"product_brand","embeddable":true,"href":"https:\/\/www.instrumentbox.de\/index.php?rest_route=%2Fwp%2Fv2%2Fproduct_brand&post=3812"},{"taxonomy":"product_cat","embeddable":true,"href":"https:\/\/www.instrumentbox.de\/index.php?rest_route=%2Fwp%2Fv2%2Fproduct_cat&post=3812"},{"taxonomy":"product_tag","embeddable":true,"href":"https:\/\/www.instrumentbox.de\/index.php?rest_route=%2Fwp%2Fv2%2Fproduct_tag&post=3812"}],"curies":[{"name":"wp","href":"https:\/\/api.w.org\/{rel}","templated":true}]}}