{"id":3846,"date":"2020-07-20T11:53:31","date_gmt":"2020-07-20T11:53:31","guid":{"rendered":"https:\/\/www.instrumentbox.de\/?product=korg-nu-tekt-nts-1-digital-synth-kit"},"modified":"2025-01-15T18:13:34","modified_gmt":"2025-01-15T17:13:34","slug":"korg-nu-tekt-nts-1-digital-synth-kit","status":"publish","type":"product","link":"https:\/\/www.instrumentbox.de\/?product=korg-nu-tekt-nts-1-digital-synth-kit","title":{"rendered":"KORG Nu:Tekt NTS-1 Digital Synth Kit"},"content":{"rendered":"<p><!-- show up to 2 reviews by default --> <\/p>\n<p>Das Nu: Tekt NTS-1 von KORG ist ein digitales Synthesizer Kit, das ein einzigartiger, flexibler und einfacher programmierbarer Synthesizer ist, den Sie ganz einfach selbst ohne L\u00f6ten zusammenbauen k\u00f6nnen (welche Werkzeuge Sie brauchen sind im Lieferumfang enthalten). Das NTS-1 ist das erste seiner Art von KORG DIY-fokussierten Marke Nu: Tekt, NTS-1 packt eine leistungsstarke Synth- und Multi-Effekt-Engine in einer kompakten Box, die Sie \u00fcberall mitnehmen k\u00f6nnen (Stromversorgung durch Batterien oder USB). Seine DIY Natur bedeutet, dass es auch sehr anpassbar ist. Entdecken Sie die M\u00f6glichkeiten! <\/p>\n<p>Geben Sie Ihr Modell ein, um sicherzustellen, dass dieser Artikel passt.<br \/>\nDer KORG NTS-1 ist ein spannender Weg in elektronische Synthesizer &#8211; Baue es, optimieren, verbinden &#8211; eine Welt der Synthese steht Ihnen zur Verf\u00fcgung!<br \/>\nDas NTS-1 ist das erste seiner Art von KORG&#8217;s DIY-fokussierten Marke Nu: Tekt, das NTS-1 vereint eine leistungsstarke Synth- und Multieffekt-Engine in einer kompakten Einheit, die Sie \u00fcberall aufbauen, transportieren und verbinden k\u00f6nnen. Durch die DIY Natur ist es auch sehr anpassbar.<br \/>\nDas NTS-1 ist auch vollst\u00e4ndig kompatibel mit dem logue-SDK, so ist es m\u00f6glich, jeden benutzerdefinierten Oszillator- und Effekt-Inhalt auszuf\u00fchren, der f\u00fcr minilogue xd und prolog verf\u00fcgbar ist oder eigene<br \/>\nTrotz seiner geringen Gr\u00f6\u00dfe verf\u00fcgt das Nu: Tekt NTS-1 \u00fcber einen digitalen Oszillator, wie es auf dem ber\u00fchmten kORG Prologue und Minilogue zu finden ist, sowie einen lustigen und praktischen Arpeggiator mit verschiedenen Mustern. Waagen und zahlreiche Notizbestellungen inklusive Zufallsmodus sind ebenfalls verf\u00fcgbar, um sofort neue und originelle Ideen zu kreieren.<br \/>\nDas NTS-1 ist nicht nur ein gro\u00dfartiges Selbstbau-Projekt, es enth\u00e4lt ein B\u00fcndel von Musik-Software, darunter &#8216;Ozone Elements&#8217;, Software Synths von KORG, &#8216;Reason Lite&#8217; DAW-Software und &#8216;Skoove&#8217;, um Ihre Tastaturspiel-F\u00e4higkeiten zu verbessern.<br \/>\n<div class=\"main-cross-sell\" data-asin=\"B07XH591BH\">\n\n\t<div class=\"WooZone-cross-sell-loader\">\n\t\t<div>\n\t\t\t<div id=\"floatingBarsG\">\n\t\t\t\t<div class=\"blockG\" id=\"rotateG_01\"><\/div>\n\t\t\t\t<div class=\"blockG\" id=\"rotateG_02\"><\/div>\n\t\t\t\t<div class=\"blockG\" id=\"rotateG_03\"><\/div>\n\t\t\t\t<div class=\"blockG\" id=\"rotateG_04\"><\/div>\n\t\t\t\t<div class=\"blockG\" id=\"rotateG_05\"><\/div>\n\t\t\t\t<div class=\"blockG\" id=\"rotateG_06\"><\/div>\n\t\t\t\t<div class=\"blockG\" id=\"rotateG_07\"><\/div>\n\t\t\t\t<div class=\"blockG\" id=\"rotateG_08\"><\/div>\n\t\t\t<\/div>\n\t\t\t<div class=\"WooZone-cross-sell-loader-text\"><\/div>\n\t\t<\/div>\n\t<\/div>\n\n\t\t\n<\/div>\n<div style=\"clear:both;\"><\/div>\n","protected":false},"excerpt":{"rendered":"<p>Geben Sie Ihr Modell ein, um sicherzustellen, dass dieser Artikel passt.<br \/>\nDer KORG NTS-1 ist ein spannender Weg in elektronische Synthesizer &#8211; Baue es, optimieren, verbinden &#8211; eine Welt der Synthese steht Ihnen zur Verf\u00fcgung!<br \/>\nDas NTS-1 ist das erste seiner Art von KORG&#8217;s DIY-fokussierten Marke Nu: Tekt, das NTS-1 vereint eine leistungsstarke Synth- und Multieffekt-Engine in einer kompakten Einheit, die Sie \u00fcberall aufbauen, transportieren und verbinden k\u00f6nnen. Durch die DIY Natur ist es auch sehr anpassbar.<\/p>\n","protected":false},"featured_media":3847,"comment_status":"open","ping_status":"closed","template":"","meta":{"_acf_changed":false,"rs_blank_template":"","rs_page_bg_color":"","slide_template_v7":""},"product_brand":[],"product_cat":[15,48],"product_tag":[],"class_list":{"0":"post-3846","1":"product","2":"type-product","3":"status-publish","4":"has-post-thumbnail","6":"product_cat-shop","7":"product_cat-synthesizer","8":"pa_brand-korg","10":"first","11":"instock","12":"shipping-taxable","13":"purchasable","14":"product-type-simple"},"acf":[],"_links":{"self":[{"href":"https:\/\/www.instrumentbox.de\/index.php?rest_route=\/wp\/v2\/product\/3846","targetHints":{"allow":["GET"]}}],"collection":[{"href":"https:\/\/www.instrumentbox.de\/index.php?rest_route=\/wp\/v2\/product"}],"about":[{"href":"https:\/\/www.instrumentbox.de\/index.php?rest_route=\/wp\/v2\/types\/product"}],"replies":[{"embeddable":true,"href":"https:\/\/www.instrumentbox.de\/index.php?rest_route=%2Fwp%2Fv2%2Fcomments&post=3846"}],"wp:featuredmedia":[{"embeddable":true,"href":"https:\/\/www.instrumentbox.de\/index.php?rest_route=\/wp\/v2\/media\/3847"}],"wp:attachment":[{"href":"https:\/\/www.instrumentbox.de\/index.php?rest_route=%2Fwp%2Fv2%2Fmedia&parent=3846"}],"wp:term":[{"taxonomy":"product_brand","embeddable":true,"href":"https:\/\/www.instrumentbox.de\/index.php?rest_route=%2Fwp%2Fv2%2Fproduct_brand&post=3846"},{"taxonomy":"product_cat","embeddable":true,"href":"https:\/\/www.instrumentbox.de\/index.php?rest_route=%2Fwp%2Fv2%2Fproduct_cat&post=3846"},{"taxonomy":"product_tag","embeddable":true,"href":"https:\/\/www.instrumentbox.de\/index.php?rest_route=%2Fwp%2Fv2%2Fproduct_tag&post=3846"}],"curies":[{"name":"wp","href":"https:\/\/api.w.org\/{rel}","templated":true}]}}