{"id":3874,"date":"2020-07-20T11:55:30","date_gmt":"2020-07-20T11:55:30","guid":{"rendered":"https:\/\/www.instrumentbox.de\/?product=korg-nanokey-bk"},"modified":"2024-01-03T06:41:24","modified_gmt":"2024-01-03T05:41:24","slug":"korg-nanokey-bk","status":"publish","type":"product","link":"https:\/\/www.instrumentbox.de\/?product=korg-nanokey-bk","title":{"rendered":"KORG NANOKEY BK"},"content":{"rendered":"<p><!-- show up to 2 reviews by default --> <\/p>\n<p>Das nanoKEY2 ist mit 25 anschlagsempfindlichen Tasten ausgestattet und wartet mit einem fortschrittlichen Design auf, das Ihre Aufnahmen leichter gelingen l\u00e4sst. Das nanoKEY2 bietet eine au\u00dfergew\u00f6hnlich gute Tastaturansprache in seiner Klasse und Gr\u00f6\u00dfe. Das Design der Tastatur wurde so gehalten, dass es mit einer reichlich bemessenen Tastenbreite und genug Platz zwischen den Tasten die Chance erheblich verringert, beim Spielen die falsche Note zu treffen. Die Anschlagsempfindlichkeit der Tasten wurde noch feiner justiert, damit jede Ihrer ausdrucksstarken Performances akkurat zur Rechner-Software \u00fcbertragen wird. Die Octave-Shift-Funktion, die den KORG MIDI-Controllern entlehnt ist, erlaubt es, die Oktavlage der Tastatur bis zu vier Stufen nach oben oder unten in Oktav-Schritten zu verschieben. In Verbindung mit der Key-Transpose-Funktion hat man somit den Zugang zum gesamten MIDI-Notenumfang. Doch damit nicht genug: das nanoKEY2 besitzt ebenfalls Pitch- und Modulations-Taster sowie einen Sustain-Schalter, der unentbehrlich ist f\u00fcr das Spielen realistischer Piano- oder E-Piano-Parts. F\u00fcr jeden dieser Taster kann die Schaltgeschwindigkeit in vier Stufen \u00fcber den KORG Kontrol Editor eingestellt werden, was sanfte Ver\u00e4nderungen angepasst an die jeweilige Spielweise erm\u00f6glicht. Das nanoKEY2 arbeitet mit der KORG Kontrol-Editor-Software zusammen. Mit dieser Software kann man das nanoKEY2 nach seinen Bed\u00fcrfnissen anpassen. W\u00e4hlen Sie hier aus vier Velocity-Einstellungen (drei Velocity-Kurven oder fester Velocity-Wert) oder legen Sie die Control-Change-Befehle fest, die vom Modulations- oder Sustain-Taster \u00fcbertragen werden sollen. Verbinden Sie einfach Ihren Computer \u00fcber USB mit dem nanoKEY2 und Sie haben ein mobiles Musikstudio. Das nanoKEY2 wird dabei \u00fcber das USB-Kabel gleichzeitig mit Strom versorgt, was wiederum f\u00fcr ein Kabel weniger und damit f\u00fcr einen aufger\u00e4umten Arbeitsplatz sorgt. Die Ger\u00e4te der nanoSERIE2 beinhalten folgende Software-Lizenzen und Preis-Coupons, damit Sie sofort loslegen k\u00f6nnen, Musik zu machen. M1Le (Lizenz): Die Lizenz zur KORG M1Le, einer eingeschr\u00e4nkten Version des M1-Software-Synthesizers (Teil der KORG Legacy Collection \u2013 Digital Edition), bringt Ihnen alle Sounds der bahnbrechenden M1 Musicworkstation auf Ihren Computer. (Diese Software muss zur Nutzung heruntergeladen werden.) EzDrummer Lite (Lizenz): Die Lizenz f\u00fcr Toontracks Software Drum Sound Modul \u201eEzDrummer Lite\u201c gibt Ihnen zahllose hochwertige Schlagzeugkl\u00e4nge. Ableton \u201eLive\u201c Serie (Gutschein zum Preisnachlass): Dieser Gutschein gew\u00e4hrt einen Preisnachlass auf Abletons* Software \u201eLive\u201c, \u201eLive Suite\u201c und \u201eLive LE\u201c, die allesamt f\u00fcr ihre fortschrittliche Funktionalit\u00e4t ber\u00fchmt sind. Loung Lizard Session (Lizenz): Die Lizenz f\u00fcr \u201eLounge Lizard Session\u201c von Applied Accoustics System liefert Ihnen win Physical-Modeling Sound-Modul, das ger\u00fchmt wird f\u00fcr seine reichen, expressiven E-Pinao-Kl\u00e4nge. Enthalten ist eine Lizenz f\u00fcr &#8220;Ultra Analog Session&#8221;, dem analogen Modeling Synthesizer von Applied Acoustics Systems, das f\u00fcr seine fetten, druckvollen Sounds ber\u00fchmt ist. Enthalten ist eine Lizenz f\u00fcr &#8220;Strum Acoustic Session&#8221; von Applied Acoustics Systems. Mit diesem Physical Modeling Software Synthesizer k\u00f6nnen Sie Akustikgitarren-Parts so ausdrucksstark wie auf einem Akustikinstrument spielen. <\/p>\n<p>Geben Sie Ihr Modell ein, um sicherzustellen, dass dieser Artikel passt.<br \/>\n25 Tasten mit Geschwindigkeit und 4 Kurven<br \/>\nOctave Shift Up\/Down Kn\u00f6pfe<br \/>\nKn\u00f6pfe oben \/ unten und Modulation.<br \/>\nDC-Modus<br \/>\nEnth\u00e4lt eine kostenlose Download-Lizenz der M1 Le Software<br \/>\n<div class=\"main-cross-sell\" data-asin=\"B001J8INY2\">\n\n\t<div class=\"WooZone-cross-sell-loader\">\n\t\t<div>\n\t\t\t<div id=\"floatingBarsG\">\n\t\t\t\t<div class=\"blockG\" id=\"rotateG_01\"><\/div>\n\t\t\t\t<div class=\"blockG\" id=\"rotateG_02\"><\/div>\n\t\t\t\t<div class=\"blockG\" id=\"rotateG_03\"><\/div>\n\t\t\t\t<div class=\"blockG\" id=\"rotateG_04\"><\/div>\n\t\t\t\t<div class=\"blockG\" id=\"rotateG_05\"><\/div>\n\t\t\t\t<div class=\"blockG\" id=\"rotateG_06\"><\/div>\n\t\t\t\t<div class=\"blockG\" id=\"rotateG_07\"><\/div>\n\t\t\t\t<div class=\"blockG\" id=\"rotateG_08\"><\/div>\n\t\t\t<\/div>\n\t\t\t<div class=\"WooZone-cross-sell-loader-text\"><\/div>\n\t\t<\/div>\n\t<\/div>\n\n\t\t\n<\/div>\n<div style=\"clear:both;\"><\/div>\n","protected":false},"excerpt":{"rendered":"<p>Geben Sie Ihr Modell ein, um sicherzustellen, dass dieser Artikel passt.<br \/>\n25 Tasten mit Geschwindigkeit und 4 Kurven<br \/>\nOctave Shift Up\/Down Kn\u00f6pfe<\/p>\n","protected":false},"featured_media":3875,"comment_status":"open","ping_status":"closed","template":"","meta":{"_acf_changed":false,"rs_blank_template":"","rs_page_bg_color":"","slide_template_v7":""},"product_brand":[],"product_cat":[15,48],"product_tag":[],"class_list":{"0":"post-3874","1":"product","2":"type-product","3":"status-publish","4":"has-post-thumbnail","6":"product_cat-shop","7":"product_cat-synthesizer","8":"pa_brand-korg","10":"first","11":"instock","12":"shipping-taxable","13":"purchasable","14":"product-type-simple"},"acf":[],"_links":{"self":[{"href":"https:\/\/www.instrumentbox.de\/index.php?rest_route=\/wp\/v2\/product\/3874","targetHints":{"allow":["GET"]}}],"collection":[{"href":"https:\/\/www.instrumentbox.de\/index.php?rest_route=\/wp\/v2\/product"}],"about":[{"href":"https:\/\/www.instrumentbox.de\/index.php?rest_route=\/wp\/v2\/types\/product"}],"replies":[{"embeddable":true,"href":"https:\/\/www.instrumentbox.de\/index.php?rest_route=%2Fwp%2Fv2%2Fcomments&post=3874"}],"wp:featuredmedia":[{"embeddable":true,"href":"https:\/\/www.instrumentbox.de\/index.php?rest_route=\/wp\/v2\/media\/3875"}],"wp:attachment":[{"href":"https:\/\/www.instrumentbox.de\/index.php?rest_route=%2Fwp%2Fv2%2Fmedia&parent=3874"}],"wp:term":[{"taxonomy":"product_brand","embeddable":true,"href":"https:\/\/www.instrumentbox.de\/index.php?rest_route=%2Fwp%2Fv2%2Fproduct_brand&post=3874"},{"taxonomy":"product_cat","embeddable":true,"href":"https:\/\/www.instrumentbox.de\/index.php?rest_route=%2Fwp%2Fv2%2Fproduct_cat&post=3874"},{"taxonomy":"product_tag","embeddable":true,"href":"https:\/\/www.instrumentbox.de\/index.php?rest_route=%2Fwp%2Fv2%2Fproduct_tag&post=3874"}],"curies":[{"name":"wp","href":"https:\/\/api.w.org\/{rel}","templated":true}]}}