{"id":3880,"date":"2020-07-20T11:55:35","date_gmt":"2020-07-20T11:55:35","guid":{"rendered":"https:\/\/www.instrumentbox.de\/?product=krome-ex-88"},"modified":"2025-01-24T06:55:32","modified_gmt":"2025-01-24T05:55:32","slug":"krome-ex-88","status":"publish","type":"product","link":"https:\/\/www.instrumentbox.de\/?product=krome-ex-88","title":{"rendered":"Korg Krome 88EX Workstation Keyboard"},"content":{"rendered":"<p><!-- show up to 2 reviews by default --> <\/p>\n<p>Die Synth-Workstation Korg Krome hat bei Sweetwater seine Marke gemacht, indem sie die nutzbarsten Sounds in eine benutzerfreundliche Plattform packte. Jetzt hebt die Krome EX mit vielen aufregenden neuen Sounds und Features f\u00fcr zeitgen\u00f6ssische Musikproduktion in allen Genres auf. Neben den wesentlichen Klassikern bietet Krome EX zahlreiche neue Sounds, die speziell f\u00fcr die Krome EX Serie entwickelte Klavierprogramme enthalten. Dies sind qualitativ hochwertige und sofort nutzbare Sounds, die die Hochleistungsarchitektur des Instruments voll ausnutzen. Das aktualisierte Geh\u00e4use ist mit glatten, flie\u00dfenden Linien und einer gl\u00e4nzenden Aluminiumfront ausgestattet, die unter B\u00fchnenleuchten fantastisch aussehen wird. Der Krome EX 88 ist mit Korgs NH-Tastatur (Natural Weighted Hammer Action) von Korg ausgestattet, die jede Nuance Ihrer Spieldynamik beim Spielen von Klavierkl\u00e4ngen oder elektrischen Klavieren treu vermittelt. <\/p>\n<p>88-key Synth Workstation mit NH (Natural Weighted Hammer Action) Tastatur<br \/>\nZwei polyphonische Arpeggiatoren<br \/>\n512 Kombinations-Patches<br \/>\n16-spurige Sequenzer<br \/>\n896 Programme<br \/>\n<div class=\"main-cross-sell\" data-asin=\"B07MWHZNVG\">\n\n\t<div class=\"WooZone-cross-sell-loader\">\n\t\t<div>\n\t\t\t<div id=\"floatingBarsG\">\n\t\t\t\t<div class=\"blockG\" id=\"rotateG_01\"><\/div>\n\t\t\t\t<div class=\"blockG\" id=\"rotateG_02\"><\/div>\n\t\t\t\t<div class=\"blockG\" id=\"rotateG_03\"><\/div>\n\t\t\t\t<div class=\"blockG\" id=\"rotateG_04\"><\/div>\n\t\t\t\t<div class=\"blockG\" id=\"rotateG_05\"><\/div>\n\t\t\t\t<div class=\"blockG\" id=\"rotateG_06\"><\/div>\n\t\t\t\t<div class=\"blockG\" id=\"rotateG_07\"><\/div>\n\t\t\t\t<div class=\"blockG\" id=\"rotateG_08\"><\/div>\n\t\t\t<\/div>\n\t\t\t<div class=\"WooZone-cross-sell-loader-text\"><\/div>\n\t\t<\/div>\n\t<\/div>\n\n\t\t\n<\/div>\n<div style=\"clear:both;\"><\/div>\n","protected":false},"excerpt":{"rendered":"<p>88-key Synth Workstation mit NH (Natural Weighted Hammer Action) Tastatur<br \/>\nZwei polyphonische Arpeggiatoren<br \/>\n512 Kombinations-Patches<\/p>\n","protected":false},"featured_media":3881,"comment_status":"open","ping_status":"closed","template":"","meta":{"_acf_changed":false,"rs_blank_template":"","rs_page_bg_color":"","slide_template_v7":""},"product_brand":[],"product_cat":[15,48],"product_tag":[],"class_list":{"0":"post-3880","1":"product","2":"type-product","3":"status-publish","4":"has-post-thumbnail","6":"product_cat-shop","7":"product_cat-synthesizer","8":"pa_brand-korg","10":"first","11":"instock","12":"shipping-taxable","13":"purchasable","14":"product-type-simple"},"acf":[],"_links":{"self":[{"href":"https:\/\/www.instrumentbox.de\/index.php?rest_route=\/wp\/v2\/product\/3880","targetHints":{"allow":["GET"]}}],"collection":[{"href":"https:\/\/www.instrumentbox.de\/index.php?rest_route=\/wp\/v2\/product"}],"about":[{"href":"https:\/\/www.instrumentbox.de\/index.php?rest_route=\/wp\/v2\/types\/product"}],"replies":[{"embeddable":true,"href":"https:\/\/www.instrumentbox.de\/index.php?rest_route=%2Fwp%2Fv2%2Fcomments&post=3880"}],"wp:featuredmedia":[{"embeddable":true,"href":"https:\/\/www.instrumentbox.de\/index.php?rest_route=\/wp\/v2\/media\/3881"}],"wp:attachment":[{"href":"https:\/\/www.instrumentbox.de\/index.php?rest_route=%2Fwp%2Fv2%2Fmedia&parent=3880"}],"wp:term":[{"taxonomy":"product_brand","embeddable":true,"href":"https:\/\/www.instrumentbox.de\/index.php?rest_route=%2Fwp%2Fv2%2Fproduct_brand&post=3880"},{"taxonomy":"product_cat","embeddable":true,"href":"https:\/\/www.instrumentbox.de\/index.php?rest_route=%2Fwp%2Fv2%2Fproduct_cat&post=3880"},{"taxonomy":"product_tag","embeddable":true,"href":"https:\/\/www.instrumentbox.de\/index.php?rest_route=%2Fwp%2Fv2%2Fproduct_tag&post=3880"}],"curies":[{"name":"wp","href":"https:\/\/api.w.org\/{rel}","templated":true}]}}