{"id":3884,"date":"2020-07-20T11:55:35","date_gmt":"2020-07-20T11:55:35","guid":{"rendered":"https:\/\/www.instrumentbox.de\/?product=monologue-analoge-synthesizer-monophon-schwarz"},"modified":"2024-11-10T11:36:40","modified_gmt":"2024-11-10T10:36:40","slug":"monologue-analoge-synthesizer-monophon-schwarz","status":"publish","type":"product","link":"https:\/\/www.instrumentbox.de\/?product=monologue-analoge-synthesizer-monophon-schwarz","title":{"rendered":"Monolog Monolog schwarz Analogsynthesizer Monophon"},"content":{"rendered":"<p><!-- show up to 2 reviews by default --> <\/p>\n<p>Der Monologe ist ein monophonischer Synthesizer, dessen analoge Synthesekreisleitung auf dem Design des Minilogue beruht, einem beliebten Modell, das von Korg entwickelt wurde. <\/p>\n<p>Das ist genau das Instrument, das die aktuellen Musiker brauchen. Mit dem Monologe k\u00f6nnen Sie den fettigen und kraftvollen Klang erhalten, den nur ein Analoger liefern kann, und unendlich mit Funktionen wie z.B. <\/p>\n<p>Ein interner Sequenzer durch Hinzuf\u00fcgen von Abweichungen zu den Sequenzdaten w\u00e4hrend des Spiels. <br \/>Durch die Verzerrungskreisl\u00e4ufe werden zudem die Ger\u00e4usche bei\u00dfender und <br \/>Zwei spannungsgesteuerte Oszillatoren oder &gt; <br \/>Ein Oszilloskop in Echtzeit bietet visuelle Kontrolle \u00fcber Parameter\u00e4nderungen. <br \/>Sync In, Sync Out, MIDI IN und MIDI OUT Steckdosen bieten mehr Synchronisierungsm\u00f6glichkeiten. <br \/>Der Monologe ist kompakt und leicht und kann mit Batterien betrieben werden, f\u00fcr eine kreative Klangkraft, die Sie \u00fcberall hin mitnehmen k\u00f6nnen. <\/p>\n<p>All diese perfekt integrierten Eigenschaften machen den Monologen zu einem so lustigen und einfach zu bedienenden Synthetikstoff wie leistungsf\u00e4hig. Das ist der analoge Syntheseser der n\u00e4chsten Generation f\u00fcr alle Arten von Musikern. <\/p>\n<p>&#8211; Analoger Klang <br \/>&#8211; 80 WerksPresets + 20 Benutzerprogramme <br \/>&#8211; 16 Schritte f\u00fcr eine direkte Komposition <br \/>&#8211; Oszilloskop zur Anzeige Ihrer Aktivit\u00e4ten <br \/>&#8211; Hochwertiger Korpus mit 5 Frontfarben <\/p>\n<p>Ein tragbarer, einphasiger Analog-Synthese, der mit einem Step Sequencer versehen ist, ist in f\u00fcnf Farben erh\u00e4ltlich und erm\u00f6glicht es, sowohl Bass als auch Leads oder Schlagzeugsequenzen zu erzeugen. Das sind die Spezifikationen: <\/p>\n<p>Der Monologe wird bald von einem Softwarebuild begleitet, mit dem Sie alle Daten aus Ihren Programmen verwalten k\u00f6nnen. <br \/>Eigenschaften: <\/p>\n<p>&gt; Tastatur: 25-Noten (Slim, Fahrradanf\u00e4llig) <br \/>&gt; Generation s <\/p>\n<div class=\"main-cross-sell\" data-asin=\"B01MXVWGSW\">\n\n\t<div class=\"WooZone-cross-sell-loader\">\n\t\t<div>\n\t\t\t<div id=\"floatingBarsG\">\n\t\t\t\t<div class=\"blockG\" id=\"rotateG_01\"><\/div>\n\t\t\t\t<div class=\"blockG\" id=\"rotateG_02\"><\/div>\n\t\t\t\t<div class=\"blockG\" id=\"rotateG_03\"><\/div>\n\t\t\t\t<div class=\"blockG\" id=\"rotateG_04\"><\/div>\n\t\t\t\t<div class=\"blockG\" id=\"rotateG_05\"><\/div>\n\t\t\t\t<div class=\"blockG\" id=\"rotateG_06\"><\/div>\n\t\t\t\t<div class=\"blockG\" id=\"rotateG_07\"><\/div>\n\t\t\t\t<div class=\"blockG\" id=\"rotateG_08\"><\/div>\n\t\t\t<\/div>\n\t\t\t<div class=\"WooZone-cross-sell-loader-text\"><\/div>\n\t\t<\/div>\n\t<\/div>\n\n\t\t\n<\/div>\n<div style=\"clear:both;\"><\/div>\n","protected":false},"excerpt":{"rendered":"<p>Der Monologe ist ein monophonischer Synthesizer, dessen analoge Synthesekreisleitung auf dem Design des Minilogue beruht, einem beliebten Modell, das von Korg entwickelt wurde. Das ist genau das Instrument, das die aktuellen Musiker brauchen. Mit dem Monologe k\u00f6nnen Sie den fettigen und kraftvollen Klang erhalten, den nur ein Analoger liefern kann, und unendlich mit Funktionen wie [&hellip;]<\/p>\n","protected":false},"featured_media":3885,"comment_status":"open","ping_status":"closed","template":"","meta":{"_acf_changed":false,"rs_blank_template":"","rs_page_bg_color":"","slide_template_v7":""},"product_brand":[],"product_cat":[15,48],"product_tag":[],"class_list":{"0":"post-3884","1":"product","2":"type-product","3":"status-publish","4":"has-post-thumbnail","6":"product_cat-shop","7":"product_cat-synthesizer","8":"pa_brand-korg","10":"first","11":"instock","12":"shipping-taxable","13":"purchasable","14":"product-type-simple"},"acf":[],"_links":{"self":[{"href":"https:\/\/www.instrumentbox.de\/index.php?rest_route=\/wp\/v2\/product\/3884","targetHints":{"allow":["GET"]}}],"collection":[{"href":"https:\/\/www.instrumentbox.de\/index.php?rest_route=\/wp\/v2\/product"}],"about":[{"href":"https:\/\/www.instrumentbox.de\/index.php?rest_route=\/wp\/v2\/types\/product"}],"replies":[{"embeddable":true,"href":"https:\/\/www.instrumentbox.de\/index.php?rest_route=%2Fwp%2Fv2%2Fcomments&post=3884"}],"wp:featuredmedia":[{"embeddable":true,"href":"https:\/\/www.instrumentbox.de\/index.php?rest_route=\/wp\/v2\/media\/3885"}],"wp:attachment":[{"href":"https:\/\/www.instrumentbox.de\/index.php?rest_route=%2Fwp%2Fv2%2Fmedia&parent=3884"}],"wp:term":[{"taxonomy":"product_brand","embeddable":true,"href":"https:\/\/www.instrumentbox.de\/index.php?rest_route=%2Fwp%2Fv2%2Fproduct_brand&post=3884"},{"taxonomy":"product_cat","embeddable":true,"href":"https:\/\/www.instrumentbox.de\/index.php?rest_route=%2Fwp%2Fv2%2Fproduct_cat&post=3884"},{"taxonomy":"product_tag","embeddable":true,"href":"https:\/\/www.instrumentbox.de\/index.php?rest_route=%2Fwp%2Fv2%2Fproduct_tag&post=3884"}],"curies":[{"name":"wp","href":"https:\/\/api.w.org\/{rel}","templated":true}]}}