{"id":3894,"date":"2020-07-20T11:55:44","date_gmt":"2020-07-20T11:55:44","guid":{"rendered":"https:\/\/www.instrumentbox.de\/?product=krome-ex-73"},"modified":"2025-01-17T18:33:02","modified_gmt":"2025-01-17T17:33:02","slug":"krome-ex-73","status":"publish","type":"product","link":"https:\/\/www.instrumentbox.de\/?product=krome-ex-73","title":{"rendered":"KORG Krome 73EX Workstation Keyboard"},"content":{"rendered":"<p><!-- show up to 2 reviews by default --> <\/p>\n<p>Der Korg Krome Synth Arbeitsplatz hat bei GearNuts seine Marke, indem er die nutzbarsten Sounds in eine benutzerfreundliche Plattform packt. Jetzt bringt Krome EX die Ante mit unz\u00e4hligen neuen Kl\u00e4ngen und Funktionen, die auf moderne Musikproduktion in allen Genres ausgerichtet sind. Neben den wesentlichen Klassikern bietet Krome EX zahlreiche neue Sounds, die speziell f\u00fcr die Krome EX Serie entwickelten Piano-Programme enthalten. Es handelt sich um hochwertige und sofort einsetzbare Sounds die die Hochleistungsarchitektur des Instruments voll ausnutzen. Um die neuen Sounds zu begleiten, verf\u00fcgt das aktualisierte Chassis \u00fcber glatte, flie\u00dfende Linien und eine gl\u00e4nzende Aluminium-Frontplatte, die unter B\u00fchnenlichtern toll aussieht. Die Krome EX 73 verf\u00fcgt \u00fcber eine reaktionsschnelle halbgewichtete Tastatur mit 73 Noten, die sich ideal f\u00fcr jeden Klavierstil sowie dynamische Organ Performance und Synth Solos eignet. <\/p>\n<\/p>\n<p>73 Tasten Synth Workstation mit halbgewichteten Tasten<br \/>\nZwei polyphonische Arpeggiatoren.<br \/>\n512 Kombinations-Flicken.<br \/>\n16-Spur-Sequenzer.<br \/>\n896 Programme<br \/>\n<div class=\"main-cross-sell\" data-asin=\"B07N1CMGRM\">\n\n\t<div class=\"WooZone-cross-sell-loader\">\n\t\t<div>\n\t\t\t<div id=\"floatingBarsG\">\n\t\t\t\t<div class=\"blockG\" id=\"rotateG_01\"><\/div>\n\t\t\t\t<div class=\"blockG\" id=\"rotateG_02\"><\/div>\n\t\t\t\t<div class=\"blockG\" id=\"rotateG_03\"><\/div>\n\t\t\t\t<div class=\"blockG\" id=\"rotateG_04\"><\/div>\n\t\t\t\t<div class=\"blockG\" id=\"rotateG_05\"><\/div>\n\t\t\t\t<div class=\"blockG\" id=\"rotateG_06\"><\/div>\n\t\t\t\t<div class=\"blockG\" id=\"rotateG_07\"><\/div>\n\t\t\t\t<div class=\"blockG\" id=\"rotateG_08\"><\/div>\n\t\t\t<\/div>\n\t\t\t<div class=\"WooZone-cross-sell-loader-text\"><\/div>\n\t\t<\/div>\n\t<\/div>\n\n\t\t\n<\/div>\n<div style=\"clear:both;\"><\/div>\n","protected":false},"excerpt":{"rendered":"<p>73 Tasten Synth Workstation mit halbgewichteten Tasten<br \/>\nZwei polyphonische Arpeggiatoren.<br \/>\n512 Kombinations-Flicken.<\/p>\n","protected":false},"featured_media":3895,"comment_status":"open","ping_status":"closed","template":"","meta":{"_acf_changed":false,"rs_blank_template":"","rs_page_bg_color":"","slide_template_v7":""},"product_brand":[],"product_cat":[15,48],"product_tag":[],"class_list":{"0":"post-3894","1":"product","2":"type-product","3":"status-publish","4":"has-post-thumbnail","6":"product_cat-shop","7":"product_cat-synthesizer","8":"pa_brand-korg","10":"first","11":"instock","12":"shipping-taxable","13":"purchasable","14":"product-type-simple"},"acf":[],"_links":{"self":[{"href":"https:\/\/www.instrumentbox.de\/index.php?rest_route=\/wp\/v2\/product\/3894","targetHints":{"allow":["GET"]}}],"collection":[{"href":"https:\/\/www.instrumentbox.de\/index.php?rest_route=\/wp\/v2\/product"}],"about":[{"href":"https:\/\/www.instrumentbox.de\/index.php?rest_route=\/wp\/v2\/types\/product"}],"replies":[{"embeddable":true,"href":"https:\/\/www.instrumentbox.de\/index.php?rest_route=%2Fwp%2Fv2%2Fcomments&post=3894"}],"wp:featuredmedia":[{"embeddable":true,"href":"https:\/\/www.instrumentbox.de\/index.php?rest_route=\/wp\/v2\/media\/3895"}],"wp:attachment":[{"href":"https:\/\/www.instrumentbox.de\/index.php?rest_route=%2Fwp%2Fv2%2Fmedia&parent=3894"}],"wp:term":[{"taxonomy":"product_brand","embeddable":true,"href":"https:\/\/www.instrumentbox.de\/index.php?rest_route=%2Fwp%2Fv2%2Fproduct_brand&post=3894"},{"taxonomy":"product_cat","embeddable":true,"href":"https:\/\/www.instrumentbox.de\/index.php?rest_route=%2Fwp%2Fv2%2Fproduct_cat&post=3894"},{"taxonomy":"product_tag","embeddable":true,"href":"https:\/\/www.instrumentbox.de\/index.php?rest_route=%2Fwp%2Fv2%2Fproduct_tag&post=3894"}],"curies":[{"name":"wp","href":"https:\/\/api.w.org\/{rel}","templated":true}]}}