{"id":3898,"date":"2020-07-20T11:55:45","date_gmt":"2020-07-20T11:55:45","guid":{"rendered":"https:\/\/www.instrumentbox.de\/?product=korg-triton-taktile-49"},"modified":"2024-01-03T06:48:00","modified_gmt":"2024-01-03T05:48:00","slug":"korg-triton-taktile-49","status":"publish","type":"product","link":"https:\/\/www.instrumentbox.de\/?product=korg-triton-taktile-49","title":{"rendered":"Korg Triton taktile-49"},"content":{"rendered":"<p><!-- show up to 2 reviews by default --> <\/p>\n<p>Das stilvolle Design des TRITON taktile wird perfekt erg\u00e4nzt durch eine grandios bespielbare, leicht gewichtete Tastatur, die schon Synthesizer und Music Workstations wie den KingKORG und KROME auszeichneten. Dank einer beeindruckenden Funktionsvielfalt wird die Arbeit mit den Controllern zum puren Vergn\u00fcgen: Ein vom Kaossilator \u00fcbernommenes Touchpad, auf dem man mit nur einem Finger Melodien spielen kann, oder mehrere Triggerpads, mit denen man Akkorde in einer frei w\u00e4hlbaren Tonart und Skala erzeugt, oder ein Arpeggiator, der auch Rhythmus-Pattern umfasst.Nat\u00fcrlich bietet TRITON taktile auch die Funktionalit\u00e4t, die man von einem professionellen MIDI Controller erwartet. Alle standard Spielhilfen wie Schieberegler und Schalter sind vorhanden, damit Sie nach einer kurzen Einrichtungsphase sofort Ihre Musik produzieren k\u00f6nnen. Komfortable Funktionen sind jedoch nicht die einzigen Vorz\u00fcge des taktile. Sie sind ausgewachsene MIDI Controller, vollgepackt mit Features, die Ihre Kreativit\u00e4t befl\u00fcgeln werden.F\u00fcr den perfekten Sound des TRITON taktile sorgt die integrierte Soundengine mit den 512 Sounds des legend\u00e4ren TRITON Classic, der von internationalen Top-Musikern hoch gesch\u00e4tzt wird. So ist dieser USB MIDI Controller in jeder Situation einsetzbar \u2013 vom Projektstudio bis hin zur Live Performance. &#8211; incl. allen 512 Programms des Triton Classic, 49 anschlagdynamische Tasten &#8211; Features: 512 Preset-Sounds der TRITON Classic Workstation,49 leicht gewichtete anschlagdynamische Tasten,PCM Soundgenerator,max. 80fach polyphon,Arpeggiator mit 6 Typen,50 Rhythmus-Pattern,16 anschlagdynamische Triggerpads,8 Potis,8 Taster,8 Fader,DAW-Transport Taster,Pitchbend-Rad und ein frei zuweisbares Rad,Touchpad,OEL Display,Anschl\u00fcsse: USB, Fu\u00df-Pedal und Fu\u00df-Schalter Eingang, MIDI-Out, Line-Out Miniklinke Stereo,Abma\u00dfe (BxTxH): 750 x 290 x 83 mm,Gewicht: 3,8 kg <\/p>\n<p>Geben Sie Ihr Modell ein, um sicherzustellen, dass dieser Artikel passt.<br \/>\n512 Preset-Sounds der TRITON Classic Workstation<br \/>\n49 leicht gewichtete anschlagdynamische Tasten<br \/>\nPCM Soundgenerator<br \/>\nmax. 80fach polyphon<br \/>\nArpeggiator mit 6 Typen<br \/>\n<div class=\"main-cross-sell\" data-asin=\"B00IBIVBAG\">\n\n\t<div class=\"WooZone-cross-sell-loader\">\n\t\t<div>\n\t\t\t<div id=\"floatingBarsG\">\n\t\t\t\t<div class=\"blockG\" id=\"rotateG_01\"><\/div>\n\t\t\t\t<div class=\"blockG\" id=\"rotateG_02\"><\/div>\n\t\t\t\t<div class=\"blockG\" id=\"rotateG_03\"><\/div>\n\t\t\t\t<div class=\"blockG\" id=\"rotateG_04\"><\/div>\n\t\t\t\t<div class=\"blockG\" id=\"rotateG_05\"><\/div>\n\t\t\t\t<div class=\"blockG\" id=\"rotateG_06\"><\/div>\n\t\t\t\t<div class=\"blockG\" id=\"rotateG_07\"><\/div>\n\t\t\t\t<div class=\"blockG\" id=\"rotateG_08\"><\/div>\n\t\t\t<\/div>\n\t\t\t<div class=\"WooZone-cross-sell-loader-text\"><\/div>\n\t\t<\/div>\n\t<\/div>\n\n\t\t\n<\/div>\n<div style=\"clear:both;\"><\/div>\n","protected":false},"excerpt":{"rendered":"<p>Geben Sie Ihr Modell ein, um sicherzustellen, dass dieser Artikel passt.<br \/>\n512 Preset-Sounds der TRITON Classic Workstation<br \/>\n49 leicht gewichtete anschlagdynamische Tasten<\/p>\n","protected":false},"featured_media":3899,"comment_status":"open","ping_status":"closed","template":"","meta":{"_acf_changed":false,"rs_blank_template":"","rs_page_bg_color":"","slide_template_v7":""},"product_brand":[],"product_cat":[15,48],"product_tag":[],"class_list":{"0":"post-3898","1":"product","2":"type-product","3":"status-publish","4":"has-post-thumbnail","6":"product_cat-shop","7":"product_cat-synthesizer","8":"pa_brand-korg","10":"first","11":"instock","12":"shipping-taxable","13":"purchasable","14":"product-type-simple"},"acf":[],"_links":{"self":[{"href":"https:\/\/www.instrumentbox.de\/index.php?rest_route=\/wp\/v2\/product\/3898","targetHints":{"allow":["GET"]}}],"collection":[{"href":"https:\/\/www.instrumentbox.de\/index.php?rest_route=\/wp\/v2\/product"}],"about":[{"href":"https:\/\/www.instrumentbox.de\/index.php?rest_route=\/wp\/v2\/types\/product"}],"replies":[{"embeddable":true,"href":"https:\/\/www.instrumentbox.de\/index.php?rest_route=%2Fwp%2Fv2%2Fcomments&post=3898"}],"wp:featuredmedia":[{"embeddable":true,"href":"https:\/\/www.instrumentbox.de\/index.php?rest_route=\/wp\/v2\/media\/3899"}],"wp:attachment":[{"href":"https:\/\/www.instrumentbox.de\/index.php?rest_route=%2Fwp%2Fv2%2Fmedia&parent=3898"}],"wp:term":[{"taxonomy":"product_brand","embeddable":true,"href":"https:\/\/www.instrumentbox.de\/index.php?rest_route=%2Fwp%2Fv2%2Fproduct_brand&post=3898"},{"taxonomy":"product_cat","embeddable":true,"href":"https:\/\/www.instrumentbox.de\/index.php?rest_route=%2Fwp%2Fv2%2Fproduct_cat&post=3898"},{"taxonomy":"product_tag","embeddable":true,"href":"https:\/\/www.instrumentbox.de\/index.php?rest_route=%2Fwp%2Fv2%2Fproduct_tag&post=3898"}],"curies":[{"name":"wp","href":"https:\/\/api.w.org\/{rel}","templated":true}]}}