{"id":3906,"date":"2020-07-20T11:56:14","date_gmt":"2020-07-20T11:56:14","guid":{"rendered":"https:\/\/www.instrumentbox.de\/?product=korg-kross-88-keys"},"modified":"2024-11-17T17:08:17","modified_gmt":"2024-11-17T16:08:17","slug":"korg-kross-88-keys","status":"publish","type":"product","link":"https:\/\/www.instrumentbox.de\/?product=korg-kross-88-keys","title":{"rendered":"KORG KROSS 88 KEYS"},"content":{"rendered":"<p><!-- show up to 2 reviews by default --> <\/p>\n<p>Mit einem KROSS kann man sein vertrautes Kreativsystem mit allen erstellten Sounds und Songs \u00c3\u00bcberall nutzen &#8211; ob auf der B\u00c3\u00bchne oder Stra\u00c3\u0178e! Als praxisnahes, mobiles Performance-Instrument \u00c3\u00bcberrascht er mit einer F\u00c3\u00bclle \u00c3\u00bcberragender Sounds und Features. Mit an Bord sind ein vielseitiger Mikrofoneingang, ein Audio-Recorder und sechs AA-Batterien f\u00c3\u00bcr den Betrieb unterwegs. Technisch und stilistisch perfekt konzipiert setzt der KROSS einen neuen Standard f\u00c3\u00bcr Music Workstations. &#8211; Synthesizer-Workstation, 2 Arpeggiatoren, USB-Anschluss, Audio-Rekorder, KRKROSS88 &#8211; Features: 88 Tasten mit Hammermechanik,80-fache Polyphonie,640 Programme,384 Combinations,48 Drum Kits,256 GM2 Programme + 9 GM2 Drum-Kits,64 User-Favoriten,integrierte Effekte,polyphoner Arpeggiator,Step-Sequencer,Drum Track mit 700 Pattern,16-Spur MIDI Sequenzer mit max. 128 Songs,eingebauter SD-Card Audio Recorder 16-Bit mit 44.1\/48 kHz WAV Import- \/Export-Funktion,Pitch Bend- und Modulationsrad,LCD-Display,Anschl\u00c3\u00bcsse: 6.3mm Klinke Line-Ausgang (L\/R), 3.5mm Miniklinke Stereo Line-Eingang, 6.3mm Klinke Mikrofon-Eingang, MIDI I\/O, USB, Pedal-Eing\u00c3\u00a4nge f\u00c3\u00bcr Dampler, frei zuweisbares Pedal und frei zuweisbaren Schalter, SD Card Slot,Stromversorgung \u00c3\u00bcber 6x AA Batterie oder 9V Netzteil (enthalten),Ma\u00c3\u0178e (BxHxT): 1448 \u00c3\u2014 383 \u00c3\u2014 135 mm,Gewicht: 12,4 kg <\/p>\n<p>Geben Sie Ihr Modell ein, um sicherzustellen, dass dieser Artikel passt.<br \/>\n88 Tasten mit Hammermechanik<br \/>\n80-fache Polyphonie<br \/>\n640 Programme<br \/>\n384 Combinations<br \/>\n48 Drum Kits<br \/>\n<div class=\"main-cross-sell\" data-asin=\"B00CAKMJ8Y\">\n\n\t<div class=\"WooZone-cross-sell-loader\">\n\t\t<div>\n\t\t\t<div id=\"floatingBarsG\">\n\t\t\t\t<div class=\"blockG\" id=\"rotateG_01\"><\/div>\n\t\t\t\t<div class=\"blockG\" id=\"rotateG_02\"><\/div>\n\t\t\t\t<div class=\"blockG\" id=\"rotateG_03\"><\/div>\n\t\t\t\t<div class=\"blockG\" id=\"rotateG_04\"><\/div>\n\t\t\t\t<div class=\"blockG\" id=\"rotateG_05\"><\/div>\n\t\t\t\t<div class=\"blockG\" id=\"rotateG_06\"><\/div>\n\t\t\t\t<div class=\"blockG\" id=\"rotateG_07\"><\/div>\n\t\t\t\t<div class=\"blockG\" id=\"rotateG_08\"><\/div>\n\t\t\t<\/div>\n\t\t\t<div class=\"WooZone-cross-sell-loader-text\"><\/div>\n\t\t<\/div>\n\t<\/div>\n\n\t\t\n<\/div>\n<div style=\"clear:both;\"><\/div>\n","protected":false},"excerpt":{"rendered":"<p>Geben Sie Ihr Modell ein, um sicherzustellen, dass dieser Artikel passt.<br \/>\n88 Tasten mit Hammermechanik<br \/>\n80-fache Polyphonie<\/p>\n","protected":false},"featured_media":3907,"comment_status":"open","ping_status":"closed","template":"","meta":{"_acf_changed":false,"rs_blank_template":"","rs_page_bg_color":"","slide_template_v7":""},"product_brand":[],"product_cat":[15,48],"product_tag":[],"class_list":{"0":"post-3906","1":"product","2":"type-product","3":"status-publish","4":"has-post-thumbnail","6":"product_cat-shop","7":"product_cat-synthesizer","8":"pa_brand-korg","10":"first","11":"instock","12":"shipping-taxable","13":"purchasable","14":"product-type-simple"},"acf":[],"_links":{"self":[{"href":"https:\/\/www.instrumentbox.de\/index.php?rest_route=\/wp\/v2\/product\/3906","targetHints":{"allow":["GET"]}}],"collection":[{"href":"https:\/\/www.instrumentbox.de\/index.php?rest_route=\/wp\/v2\/product"}],"about":[{"href":"https:\/\/www.instrumentbox.de\/index.php?rest_route=\/wp\/v2\/types\/product"}],"replies":[{"embeddable":true,"href":"https:\/\/www.instrumentbox.de\/index.php?rest_route=%2Fwp%2Fv2%2Fcomments&post=3906"}],"wp:featuredmedia":[{"embeddable":true,"href":"https:\/\/www.instrumentbox.de\/index.php?rest_route=\/wp\/v2\/media\/3907"}],"wp:attachment":[{"href":"https:\/\/www.instrumentbox.de\/index.php?rest_route=%2Fwp%2Fv2%2Fmedia&parent=3906"}],"wp:term":[{"taxonomy":"product_brand","embeddable":true,"href":"https:\/\/www.instrumentbox.de\/index.php?rest_route=%2Fwp%2Fv2%2Fproduct_brand&post=3906"},{"taxonomy":"product_cat","embeddable":true,"href":"https:\/\/www.instrumentbox.de\/index.php?rest_route=%2Fwp%2Fv2%2Fproduct_cat&post=3906"},{"taxonomy":"product_tag","embeddable":true,"href":"https:\/\/www.instrumentbox.de\/index.php?rest_route=%2Fwp%2Fv2%2Fproduct_tag&post=3906"}],"curies":[{"name":"wp","href":"https:\/\/api.w.org\/{rel}","templated":true}]}}