{"id":3914,"date":"2020-07-20T11:58:08","date_gmt":"2020-07-20T11:58:08","guid":{"rendered":"https:\/\/www.instrumentbox.de\/?product=arturia-daw-controller-230513"},"modified":"2025-01-24T07:03:28","modified_gmt":"2025-01-24T06:03:28","slug":"arturia-daw-controller-230513","status":"publish","type":"product","link":"https:\/\/www.instrumentbox.de\/?product=arturia-daw-controller-230513","title":{"rendered":"Arturia MicroLab Orange \u2013 Kompakte 25er USB-Controller-Tastatur"},"content":{"rendered":"<p><!-- show up to 2 reviews by default --> <\/p>\n<p>Microlab ist ein kleiner, intelligenter 25-Tasten-Controller, der alle Boxen tickt. Sie m\u00fcssen nicht komplexe Treiber installieren. Es kommt mit einer gro\u00dfartigen Software f\u00fcr den Einstieg, hat eine tolle Tastatur und hat viele intelligente Design-Funktionen. Entfesseln Sie Ihre Software, die Sie mit Ihrer Music-Software spielen wollen. Microlab gibt Ihnen sofortige, effektive Kontrolle, mit der Sie alle Ihre Soft-Synths und virtuellen Instrumente spielen k\u00f6nnen, wo auch immer, wo auch immer Sie wollen. Hochwertige Tasten im Gegensatz zu anderen Mini-Key-Controllern werden Sie es wirklich genie\u00dfen, Mikrofon zu spielen. Es verf\u00fcgt \u00fcber das gleiche Schl\u00fcsselbett wie unser preisgekr\u00f6ntes MiniLab MKII, es ist reaktionsschnell und geschwindigkeitsempfindlich. Intelligente Steuerung mit nur 4 Tasten und 2 Touchstreifen, Microlab bietet Ihnen immer noch eine tolle Kontrolle. Erhalten Sie Notizen mit einer Taste, spielen Sie Akkorde mit einer Note, wischen Sie durch die Voreinstellungen und tippen Sie zur Auswahl. Eigenschaften: Industriell gelobte 25 schlanke Tasten, Schl\u00fcsselbett-integrierte Kabelaussparung, um eine ordentliche Einrichtung zu halten, und machen Sie Storageflashy gummierte H\u00fclle, die den Controller sch\u00fctzt, wenn Sie unterwegs sind. Kapazitive Tonh\u00f6he und Modulation Touch Strip, analog. Die Box enth\u00e4lt auch Bitwig 8 Track und UV I Grand Piano inklusive USB-Kabel. <\/p>\n<p>Geben Sie Ihr Modell ein, um sicherzustellen, dass dieser Artikel passt.<br \/>\nVon der Industrie anerkannte 25 schlanke Tasten.<br \/>\nIntegrierte Kabelaussparung zur ordentlichen Aufbewahrung<br \/>\nGummierte H\u00fclle, die den Controller sch\u00fctzt, wenn Sie unterwegs sind.<br \/>\nKapazitive Tonh\u00f6he und Modulations-Touchstreifen<br \/>\nInklusive USB-Kabel<br \/>\n<div class=\"main-cross-sell\" data-asin=\"B07WPWQX6T\">\n\n\t<div class=\"WooZone-cross-sell-loader\">\n\t\t<div>\n\t\t\t<div id=\"floatingBarsG\">\n\t\t\t\t<div class=\"blockG\" id=\"rotateG_01\"><\/div>\n\t\t\t\t<div class=\"blockG\" id=\"rotateG_02\"><\/div>\n\t\t\t\t<div class=\"blockG\" id=\"rotateG_03\"><\/div>\n\t\t\t\t<div class=\"blockG\" id=\"rotateG_04\"><\/div>\n\t\t\t\t<div class=\"blockG\" id=\"rotateG_05\"><\/div>\n\t\t\t\t<div class=\"blockG\" id=\"rotateG_06\"><\/div>\n\t\t\t\t<div class=\"blockG\" id=\"rotateG_07\"><\/div>\n\t\t\t\t<div class=\"blockG\" id=\"rotateG_08\"><\/div>\n\t\t\t<\/div>\n\t\t\t<div class=\"WooZone-cross-sell-loader-text\"><\/div>\n\t\t<\/div>\n\t<\/div>\n\n\t\t\n<\/div>\n<div style=\"clear:both;\"><\/div>\n","protected":false},"excerpt":{"rendered":"<p>Geben Sie Ihr Modell ein, um sicherzustellen, dass dieser Artikel passt.<br \/>\nVon der Industrie anerkannte 25 schlanke Tasten.<br \/>\nIntegrierte Kabelaussparung zur ordentlichen Aufbewahrung<\/p>\n","protected":false},"featured_media":3915,"comment_status":"open","ping_status":"closed","template":"","meta":{"_acf_changed":false,"rs_blank_template":"","rs_page_bg_color":"","slide_template_v7":""},"product_brand":[],"product_cat":[15,48],"product_tag":[],"class_list":{"0":"post-3914","1":"product","2":"type-product","3":"status-publish","4":"has-post-thumbnail","6":"product_cat-shop","7":"product_cat-synthesizer","8":"pa_brand-arturia","10":"first","11":"instock","12":"shipping-taxable","13":"purchasable","14":"product-type-simple"},"acf":[],"_links":{"self":[{"href":"https:\/\/www.instrumentbox.de\/index.php?rest_route=\/wp\/v2\/product\/3914","targetHints":{"allow":["GET"]}}],"collection":[{"href":"https:\/\/www.instrumentbox.de\/index.php?rest_route=\/wp\/v2\/product"}],"about":[{"href":"https:\/\/www.instrumentbox.de\/index.php?rest_route=\/wp\/v2\/types\/product"}],"replies":[{"embeddable":true,"href":"https:\/\/www.instrumentbox.de\/index.php?rest_route=%2Fwp%2Fv2%2Fcomments&post=3914"}],"wp:featuredmedia":[{"embeddable":true,"href":"https:\/\/www.instrumentbox.de\/index.php?rest_route=\/wp\/v2\/media\/3915"}],"wp:attachment":[{"href":"https:\/\/www.instrumentbox.de\/index.php?rest_route=%2Fwp%2Fv2%2Fmedia&parent=3914"}],"wp:term":[{"taxonomy":"product_brand","embeddable":true,"href":"https:\/\/www.instrumentbox.de\/index.php?rest_route=%2Fwp%2Fv2%2Fproduct_brand&post=3914"},{"taxonomy":"product_cat","embeddable":true,"href":"https:\/\/www.instrumentbox.de\/index.php?rest_route=%2Fwp%2Fv2%2Fproduct_cat&post=3914"},{"taxonomy":"product_tag","embeddable":true,"href":"https:\/\/www.instrumentbox.de\/index.php?rest_route=%2Fwp%2Fv2%2Fproduct_tag&post=3914"}],"curies":[{"name":"wp","href":"https:\/\/api.w.org\/{rel}","templated":true}]}}