{"id":3924,"date":"2020-07-20T11:58:15","date_gmt":"2020-07-20T11:58:15","guid":{"rendered":"https:\/\/www.instrumentbox.de\/?product=arturia-230511-daw-controller"},"modified":"2025-01-20T18:39:12","modified_gmt":"2025-01-20T17:39:12","slug":"arturia-230511-daw-controller","status":"publish","type":"product","link":"https:\/\/www.instrumentbox.de\/?product=arturia-230511-daw-controller","title":{"rendered":"Arturia MicroLab Blau \u2013 Kompakte 25er USB-Controller-Tastatur"},"content":{"rendered":"<p><!-- show up to 2 reviews by default --> <\/p>\n<p>Microlab ist ein kleiner, intelligenter 25-Tasten-Controller, der alle Boxen markiert. Sie brauchen keine komplexen Treiber zu installieren, es kommt mit gro\u00dfartiger Software, um den Einstieg zu erleichtern, hat eine tolle Tastatur und hat viele intelligente Design-Funktionen. Entfesseln Sie Ihre Software mit Ihrer Musik-Software? Microlab bietet Ihnen sofortige und effektive Kontrolle, damit Sie alle Ihre Soft-Synths und virtuellen Instrumente spielen k\u00f6nnen, wo auch immer und wann. Hochwertige Tasten im Gegensatz zu anderen Mini-Key-Controllern, werden Sie wirklich Spa\u00df beim Spielen von Microlab. Es verf\u00fcgt \u00fcber das gleiche Keybed wie unser preisgekr\u00f6ntes MiniLab MKII, es ist reaktionsschnell und geschwindigkeitssensitiv. Intelligente Steuerungen mit nur 4 Tasten und 2 Touch-Streifen, Mikrolab gibt Ihnen immer noch eine fantastische Kontrolle. Sustain Noten mit einer Taste, spielen Akkorde mit einer Note, wischen durch Presets und tippen zur Auswahl. Eigenschaften: 25 Geschwindigkeitsempfindliche Slim-Tasten Keybedintegrierte Kabelaufwicklung f\u00fcr eine ordentliche Einrichtung und ein Speicherblitzes, gummiertes Geh\u00e4use, das den Controller sch\u00fctzt, wenn Sie unterwegs sind, kapazitive Tonh\u00f6he und Modulations-Touch-Streifen analog. <\/p>\n<p>Geben Sie Ihr Modell ein, um sicherzustellen, dass dieser Artikel passt.<br \/>\nBranchenweit gefeierte 25 schnelle Schlankstasten Keybed<br \/>\nIntegrierte Kabelaussparung f\u00fcr Ordnung und Stauraum<br \/>\nGummierte H\u00fclle sch\u00fctzt den Controller unterwegs<br \/>\nKapazitiver Pitch und Modulations-Touchstrip<br \/>\ninkl. USB-Kabel<br \/>\n<div class=\"main-cross-sell\" data-asin=\"B07X2LPWFT\">\n\n\t<div class=\"WooZone-cross-sell-loader\">\n\t\t<div>\n\t\t\t<div id=\"floatingBarsG\">\n\t\t\t\t<div class=\"blockG\" id=\"rotateG_01\"><\/div>\n\t\t\t\t<div class=\"blockG\" id=\"rotateG_02\"><\/div>\n\t\t\t\t<div class=\"blockG\" id=\"rotateG_03\"><\/div>\n\t\t\t\t<div class=\"blockG\" id=\"rotateG_04\"><\/div>\n\t\t\t\t<div class=\"blockG\" id=\"rotateG_05\"><\/div>\n\t\t\t\t<div class=\"blockG\" id=\"rotateG_06\"><\/div>\n\t\t\t\t<div class=\"blockG\" id=\"rotateG_07\"><\/div>\n\t\t\t\t<div class=\"blockG\" id=\"rotateG_08\"><\/div>\n\t\t\t<\/div>\n\t\t\t<div class=\"WooZone-cross-sell-loader-text\"><\/div>\n\t\t<\/div>\n\t<\/div>\n\n\t\t\n<\/div>\n<div style=\"clear:both;\"><\/div>\n","protected":false},"excerpt":{"rendered":"<p>Geben Sie Ihr Modell ein, um sicherzustellen, dass dieser Artikel passt.<br \/>\nBranchenweit gefeierte 25 schnelle Schlankstasten Keybed<br \/>\nIntegrierte Kabelaussparung f\u00fcr Ordnung und Stauraum<\/p>\n","protected":false},"featured_media":3925,"comment_status":"open","ping_status":"closed","template":"","meta":{"_acf_changed":false,"rs_blank_template":"","rs_page_bg_color":"","slide_template_v7":""},"product_brand":[],"product_cat":[15,48],"product_tag":[],"class_list":{"0":"post-3924","1":"product","2":"type-product","3":"status-publish","4":"has-post-thumbnail","6":"product_cat-shop","7":"product_cat-synthesizer","8":"pa_brand-arturia","10":"first","11":"instock","12":"shipping-taxable","13":"purchasable","14":"product-type-simple"},"acf":[],"_links":{"self":[{"href":"https:\/\/www.instrumentbox.de\/index.php?rest_route=\/wp\/v2\/product\/3924","targetHints":{"allow":["GET"]}}],"collection":[{"href":"https:\/\/www.instrumentbox.de\/index.php?rest_route=\/wp\/v2\/product"}],"about":[{"href":"https:\/\/www.instrumentbox.de\/index.php?rest_route=\/wp\/v2\/types\/product"}],"replies":[{"embeddable":true,"href":"https:\/\/www.instrumentbox.de\/index.php?rest_route=%2Fwp%2Fv2%2Fcomments&post=3924"}],"wp:featuredmedia":[{"embeddable":true,"href":"https:\/\/www.instrumentbox.de\/index.php?rest_route=\/wp\/v2\/media\/3925"}],"wp:attachment":[{"href":"https:\/\/www.instrumentbox.de\/index.php?rest_route=%2Fwp%2Fv2%2Fmedia&parent=3924"}],"wp:term":[{"taxonomy":"product_brand","embeddable":true,"href":"https:\/\/www.instrumentbox.de\/index.php?rest_route=%2Fwp%2Fv2%2Fproduct_brand&post=3924"},{"taxonomy":"product_cat","embeddable":true,"href":"https:\/\/www.instrumentbox.de\/index.php?rest_route=%2Fwp%2Fv2%2Fproduct_cat&post=3924"},{"taxonomy":"product_tag","embeddable":true,"href":"https:\/\/www.instrumentbox.de\/index.php?rest_route=%2Fwp%2Fv2%2Fproduct_tag&post=3924"}],"curies":[{"name":"wp","href":"https:\/\/api.w.org\/{rel}","templated":true}]}}