{"id":3935,"date":"2020-07-20T11:58:21","date_gmt":"2020-07-20T11:58:21","guid":{"rendered":"https:\/\/www.instrumentbox.de\/?product=arturia-550101-matrixbrute"},"modified":"2025-01-17T19:00:11","modified_gmt":"2025-01-17T18:00:11","slug":"arturia-550101-matrixbrute","status":"publish","type":"product","link":"https:\/\/www.instrumentbox.de\/?product=arturia-550101-matrixbrute","title":{"rendered":"Arturia 550101 MatrixBrute"},"content":{"rendered":"<p><!-- show up to 2 reviews by default --> <\/p>\n<p>Analoge Avantgarde Mit dem MatrixBrute hat Arturia die Messlatte f\u00fcr analoge Synthesizer erneut nach oben verschoben. Kein anderer Synthesizer bietet diese Funktionalit\u00e4t mit zum Teil weltweit einzigartigen Features. Der MatrixBrute verf\u00fcgt \u00fcber zwei komplexe, exponentielle Brute Oszillatoren und einen dritten linearen VCO\/LFO f\u00fcr Modulationen im Audiobereich und analoge Frequenzmodulation. Als einziger Synthesizer bietet der MatrixBrute sowohl ein Steiner-Parker Multimode-Filter (12\/24 dB), als auch ein Ladder Mutlimode-Filter (12\/24 dB), welche seriell und parallel betrieben werden k\u00f6nnen. Neben den drei schnellen H\u00fcllkurven und den zwei flexiblen LFOs sorgt vor allem die 16&#215;16 Modulationsmatrix f\u00fcr viel Freiraum, auch f\u00fcr extremste Soundexperimente. Abgerundet wird dieses klangliche Kraftpaket durch einen 64-step Sequenzer, analoge Effekte, 256 Speicherpl\u00e4tze, Split\/Parafonic Mode, umfangreiche CV\/Gate In\/Outputs und vielem mehr. <\/p>\n<p>Geben Sie Ihr Modell ein, um sicherzustellen, dass dieser Artikel passt.<br \/>\nAnalog Matrix Synthesizer<br \/>\n5 input Audio Mixer with Filter routing<br \/>\n256 Preset memory locations<br \/>\n<div class=\"main-cross-sell\" data-asin=\"B01IFFC2YI\">\n\n\t<div class=\"WooZone-cross-sell-loader\">\n\t\t<div>\n\t\t\t<div id=\"floatingBarsG\">\n\t\t\t\t<div class=\"blockG\" id=\"rotateG_01\"><\/div>\n\t\t\t\t<div class=\"blockG\" id=\"rotateG_02\"><\/div>\n\t\t\t\t<div class=\"blockG\" id=\"rotateG_03\"><\/div>\n\t\t\t\t<div class=\"blockG\" id=\"rotateG_04\"><\/div>\n\t\t\t\t<div class=\"blockG\" id=\"rotateG_05\"><\/div>\n\t\t\t\t<div class=\"blockG\" id=\"rotateG_06\"><\/div>\n\t\t\t\t<div class=\"blockG\" id=\"rotateG_07\"><\/div>\n\t\t\t\t<div class=\"blockG\" id=\"rotateG_08\"><\/div>\n\t\t\t<\/div>\n\t\t\t<div class=\"WooZone-cross-sell-loader-text\"><\/div>\n\t\t<\/div>\n\t<\/div>\n\n\t\t\n<\/div>\n<div style=\"clear:both;\"><\/div>\n","protected":false},"excerpt":{"rendered":"<p>Geben Sie Ihr Modell ein, um sicherzustellen, dass dieser Artikel passt.<br \/>\nAnalog Matrix Synthesizer<br \/>\n5 input Audio Mixer with Filter routing<\/p>\n","protected":false},"featured_media":3936,"comment_status":"open","ping_status":"closed","template":"","meta":{"_acf_changed":false,"rs_blank_template":"","rs_page_bg_color":"","slide_template_v7":""},"product_brand":[],"product_cat":[15,48],"product_tag":[],"class_list":{"0":"post-3935","1":"product","2":"type-product","3":"status-publish","4":"has-post-thumbnail","6":"product_cat-shop","7":"product_cat-synthesizer","8":"pa_brand-arturia","10":"first","11":"instock","12":"shipping-taxable","13":"purchasable","14":"product-type-simple"},"acf":[],"_links":{"self":[{"href":"https:\/\/www.instrumentbox.de\/index.php?rest_route=\/wp\/v2\/product\/3935","targetHints":{"allow":["GET"]}}],"collection":[{"href":"https:\/\/www.instrumentbox.de\/index.php?rest_route=\/wp\/v2\/product"}],"about":[{"href":"https:\/\/www.instrumentbox.de\/index.php?rest_route=\/wp\/v2\/types\/product"}],"replies":[{"embeddable":true,"href":"https:\/\/www.instrumentbox.de\/index.php?rest_route=%2Fwp%2Fv2%2Fcomments&post=3935"}],"wp:featuredmedia":[{"embeddable":true,"href":"https:\/\/www.instrumentbox.de\/index.php?rest_route=\/wp\/v2\/media\/3936"}],"wp:attachment":[{"href":"https:\/\/www.instrumentbox.de\/index.php?rest_route=%2Fwp%2Fv2%2Fmedia&parent=3935"}],"wp:term":[{"taxonomy":"product_brand","embeddable":true,"href":"https:\/\/www.instrumentbox.de\/index.php?rest_route=%2Fwp%2Fv2%2Fproduct_brand&post=3935"},{"taxonomy":"product_cat","embeddable":true,"href":"https:\/\/www.instrumentbox.de\/index.php?rest_route=%2Fwp%2Fv2%2Fproduct_cat&post=3935"},{"taxonomy":"product_tag","embeddable":true,"href":"https:\/\/www.instrumentbox.de\/index.php?rest_route=%2Fwp%2Fv2%2Fproduct_tag&post=3935"}],"curies":[{"name":"wp","href":"https:\/\/api.w.org\/{rel}","templated":true}]}}