{"id":3949,"date":"2020-07-20T11:58:28","date_gmt":"2020-07-20T11:58:28","guid":{"rendered":"https:\/\/www.instrumentbox.de\/?product=arturia-56102-drumbrute-creation-special-graphics-edition-mit-schwarzen-seitenteilen"},"modified":"2025-01-24T07:14:41","modified_gmt":"2025-01-24T06:14:41","slug":"arturia-56102-drumbrute-creation-special-graphics-edition-mit-schwarzen-seitenteilen","status":"publish","type":"product","link":"https:\/\/www.instrumentbox.de\/?product=arturia-56102-drumbrute-creation-special-graphics-edition-mit-schwarzen-seitenteilen","title":{"rendered":"ARTURIA 56102 &#8211; DrumBrute Creation, Special Graphics Edition mit schwarzen Seitenteilen"},"content":{"rendered":"<p><!-- show up to 2 reviews by default --> <\/p>\n<p>Die Drum Brute Creation von Arturia ist eine au\u00dfergew\u00f6hnlich leistungsstarke Drum-Maschine, mit einem vielseitigen Soundset, einer erstaunlichen Konnektivit\u00e4t, einer freudigen Performance-Steuerung, und einem k\u00fchnen, neuen limitierten Look, dem Sie kaum wiederstehen k\u00f6nnen. Das auff\u00e4llig stilisierte Snippet von The Creation of Adam von Michelangelo, einem der besten Kunstwerke der Menschheit, wurde \u00fcber der Vorderseite angebracht, und das gesamte Instrument wurde mit metallischen Verzierungen versehen. Das ist nicht die Drum-Machine Deiner Eltern. <\/p>\n<p>Geben Sie Ihr Modell ein, um sicherzustellen, dass dieser Artikel passt.<br \/>\n17 &#8211; 100% analoge Drum-Machine-Sounds, mit jeweils eigenem Ausgang.<br \/>\nLimitierte Auflage: mit auff\u00e4lligen Metallic-Details und einer stark stilisierten Hommage an eines der gr\u00f6\u00dften Kunstwerke aller Zeiten, wurde Drum Brute Creation entworfen, um zu inspirieren.<br \/>\nAnaloge Drum-Sounds: 2 Geschmacksrichtungen von Kick, Snare, 2 H\u00fcte, Hi &amp; Low Conga, Hi &amp; Low Tom, Maracas, Felgenschuss, Clave, Tamburin, Cymbal, Reverse-Becken und Zap Kl\u00e4nge, alle mit tweakbaren Parametern.<br \/>\nRiesige Musterm\u00f6glichkeiten: Erstellen Sie Beats bis zu 64 Schritte lang und teilen Sie Ihr Muster mit der fortschrittlichen Polyrhythmus-Funktion, um Bewegung hinzuzuf\u00fcgen.<br \/>\nTiefe Leistungssteuerung: F\u00fcgen Sie Swing, Akzente, Beat-Repeat, Stummschaltung, Solo-Trommeln hinzu, und spielen Sie die Drum Brute als Instrument.<br \/>\nStein-Parker Filter: Leistungsstarker Analogausgabefilter mit Hochpass-, Tiefpass- und Bypass.<br \/>\nSongmodus: Machen Sie sich bereit f\u00fcr Ihre Live-Performance durch Erstellen von bis zu 16 Songs, die jeweils bis zu 16 Kettenmuster enthalten.<br \/>\nKopfh\u00f6rer-Ausgangs-Optionen: Vergessen Sie die Suche nach Kopfh\u00f6rer-Adaptern, da Drum Brute sowohl 3,5 mm als auch 6,35 mm Anschl\u00fcsse hat.<br \/>\nSynchronisieren Sie mit allem: In perfekter Synchronisation mit Ihrem DAW-Projekt, Synths, Sequenzern und Modulgetriebe mit MIDI und 1PPS, 2PPQ, DIN24 und DIN48 Uhr.<br \/>\nMIDI-I\/O, Uhr-E\/A, USB.<br \/>\n<div class=\"main-cross-sell\" data-asin=\"B07F7LWC39\">\n\n\t<div class=\"WooZone-cross-sell-loader\">\n\t\t<div>\n\t\t\t<div id=\"floatingBarsG\">\n\t\t\t\t<div class=\"blockG\" id=\"rotateG_01\"><\/div>\n\t\t\t\t<div class=\"blockG\" id=\"rotateG_02\"><\/div>\n\t\t\t\t<div class=\"blockG\" id=\"rotateG_03\"><\/div>\n\t\t\t\t<div class=\"blockG\" id=\"rotateG_04\"><\/div>\n\t\t\t\t<div class=\"blockG\" id=\"rotateG_05\"><\/div>\n\t\t\t\t<div class=\"blockG\" id=\"rotateG_06\"><\/div>\n\t\t\t\t<div class=\"blockG\" id=\"rotateG_07\"><\/div>\n\t\t\t\t<div class=\"blockG\" id=\"rotateG_08\"><\/div>\n\t\t\t<\/div>\n\t\t\t<div class=\"WooZone-cross-sell-loader-text\"><\/div>\n\t\t<\/div>\n\t<\/div>\n\n\t\t\n<\/div>\n<div style=\"clear:both;\"><\/div>\n","protected":false},"excerpt":{"rendered":"<p>Geben Sie Ihr Modell ein, um sicherzustellen, dass dieser Artikel passt.<br \/>\n17 &#8211; 100% analoge Drum-Machine-Sounds, mit jeweils eigenem Ausgang.<br \/>\nLimitierte Auflage: mit auff\u00e4lligen Metallic-Details und einer stark stilisierten Hommage an eines der gr\u00f6\u00dften Kunstwerke aller Zeiten, wurde Drum Brute Creation entworfen, um zu inspirieren.<\/p>\n","protected":false},"featured_media":3950,"comment_status":"open","ping_status":"closed","template":"","meta":{"_acf_changed":false,"rs_blank_template":"","rs_page_bg_color":"","slide_template_v7":""},"product_brand":[],"product_cat":[15,48],"product_tag":[],"class_list":{"0":"post-3949","1":"product","2":"type-product","3":"status-publish","4":"has-post-thumbnail","6":"product_cat-shop","7":"product_cat-synthesizer","8":"pa_brand-arturia","10":"first","11":"instock","12":"shipping-taxable","13":"purchasable","14":"product-type-simple"},"acf":[],"_links":{"self":[{"href":"https:\/\/www.instrumentbox.de\/index.php?rest_route=\/wp\/v2\/product\/3949","targetHints":{"allow":["GET"]}}],"collection":[{"href":"https:\/\/www.instrumentbox.de\/index.php?rest_route=\/wp\/v2\/product"}],"about":[{"href":"https:\/\/www.instrumentbox.de\/index.php?rest_route=\/wp\/v2\/types\/product"}],"replies":[{"embeddable":true,"href":"https:\/\/www.instrumentbox.de\/index.php?rest_route=%2Fwp%2Fv2%2Fcomments&post=3949"}],"wp:featuredmedia":[{"embeddable":true,"href":"https:\/\/www.instrumentbox.de\/index.php?rest_route=\/wp\/v2\/media\/3950"}],"wp:attachment":[{"href":"https:\/\/www.instrumentbox.de\/index.php?rest_route=%2Fwp%2Fv2%2Fmedia&parent=3949"}],"wp:term":[{"taxonomy":"product_brand","embeddable":true,"href":"https:\/\/www.instrumentbox.de\/index.php?rest_route=%2Fwp%2Fv2%2Fproduct_brand&post=3949"},{"taxonomy":"product_cat","embeddable":true,"href":"https:\/\/www.instrumentbox.de\/index.php?rest_route=%2Fwp%2Fv2%2Fproduct_cat&post=3949"},{"taxonomy":"product_tag","embeddable":true,"href":"https:\/\/www.instrumentbox.de\/index.php?rest_route=%2Fwp%2Fv2%2Fproduct_tag&post=3949"}],"curies":[{"name":"wp","href":"https:\/\/api.w.org\/{rel}","templated":true}]}}