{"id":3953,"date":"2020-07-20T11:58:28","date_gmt":"2020-07-20T11:58:28","guid":{"rendered":"https:\/\/www.instrumentbox.de\/?product=arturia-keylab-49-mkii-schwarz"},"modified":"2025-01-23T06:06:56","modified_gmt":"2025-01-23T05:06:56","slug":"arturia-keylab-49-mkii-schwarz","status":"publish","type":"product","link":"https:\/\/www.instrumentbox.de\/?product=arturia-keylab-49-mkii-schwarz","title":{"rendered":"Arturia KeyLab MkII 49 Schwarz"},"content":{"rendered":"<p><!-- show up to 2 reviews by default --> <\/p>\n<p>&#8211; Software-Spezifikationen:- Inklusive Analog Lab Software mit 6500 Synthie-Sounds- Enth\u00e4lt Ableton Live Lite- Inklusive Piano V- Hardware-Spezifikationen:- 49er Tastatur hochwertig, anschlagdynamisch- 16 RGB-Hintergrundbeleuchtete Performance-Pads- Steuerbank mit 9 Fadern und 9 Drehkn\u00f6pfen- 4 CV\/Gate-Ausg\u00e4ngen zur Steuerung von Pitch, Gate und Modulation- Nahtlose Integration mit allen Arturia Software-Instrumenten- Presets f\u00fcr mehrere DAWs- Riesige Anschlussm\u00f6glichkeiten, einschlie\u00dflich Expression, Sustain, CV\/Gate, MIDI, USB und 3 zuweisbare Pedaleing\u00e4nge- Perfekte Analog Lab Integration:- Sounds ausw\u00e4hlen, Presets durchsuchen, Part wechsel, Smart-Zuweisungen vornehmen- Standalone- oder Plugin-Betrieb: VST, VST3, AU, AAX- \u00dcber 6500 TAE-Preset-Sounds aus Arturias preisgekr\u00f6nter V-Collection- Ableton Live Lite &#8211; Nehmen Sie Ihre Sounds auf, legen Sie sie \u00fcbereinander und bearbeiten Sie sie, um so einen fertigen Song zu erstellen- Piano V &#8211; Zw\u00f6lf verschiedene Weltklasse-Klaviere, die m <\/p>\n<p>Geben Sie Ihr Modell ein, um sicherzustellen, dass dieser Artikel passt.<br \/>\n1 St\u00fcck<br \/>\n<div class=\"main-cross-sell\" data-asin=\"B07FNYZX98\">\n\n\t<div class=\"WooZone-cross-sell-loader\">\n\t\t<div>\n\t\t\t<div id=\"floatingBarsG\">\n\t\t\t\t<div class=\"blockG\" id=\"rotateG_01\"><\/div>\n\t\t\t\t<div class=\"blockG\" id=\"rotateG_02\"><\/div>\n\t\t\t\t<div class=\"blockG\" id=\"rotateG_03\"><\/div>\n\t\t\t\t<div class=\"blockG\" id=\"rotateG_04\"><\/div>\n\t\t\t\t<div class=\"blockG\" id=\"rotateG_05\"><\/div>\n\t\t\t\t<div class=\"blockG\" id=\"rotateG_06\"><\/div>\n\t\t\t\t<div class=\"blockG\" id=\"rotateG_07\"><\/div>\n\t\t\t\t<div class=\"blockG\" id=\"rotateG_08\"><\/div>\n\t\t\t<\/div>\n\t\t\t<div class=\"WooZone-cross-sell-loader-text\"><\/div>\n\t\t<\/div>\n\t<\/div>\n\n\t\t\n<\/div>\n<div style=\"clear:both;\"><\/div>\n","protected":false},"excerpt":{"rendered":"<p>Geben Sie Ihr Modell ein, um sicherzustellen, dass dieser Artikel passt.<br \/>\n1 St\u00fcck<\/p>\n","protected":false},"featured_media":3954,"comment_status":"open","ping_status":"closed","template":"","meta":{"_acf_changed":false,"rs_blank_template":"","rs_page_bg_color":"","slide_template_v7":""},"product_brand":[],"product_cat":[15,48],"product_tag":[],"class_list":{"0":"post-3953","1":"product","2":"type-product","3":"status-publish","4":"has-post-thumbnail","6":"product_cat-shop","7":"product_cat-synthesizer","8":"pa_brand-arturia","10":"first","11":"instock","12":"shipping-taxable","13":"purchasable","14":"product-type-simple"},"acf":[],"_links":{"self":[{"href":"https:\/\/www.instrumentbox.de\/index.php?rest_route=\/wp\/v2\/product\/3953","targetHints":{"allow":["GET"]}}],"collection":[{"href":"https:\/\/www.instrumentbox.de\/index.php?rest_route=\/wp\/v2\/product"}],"about":[{"href":"https:\/\/www.instrumentbox.de\/index.php?rest_route=\/wp\/v2\/types\/product"}],"replies":[{"embeddable":true,"href":"https:\/\/www.instrumentbox.de\/index.php?rest_route=%2Fwp%2Fv2%2Fcomments&post=3953"}],"wp:featuredmedia":[{"embeddable":true,"href":"https:\/\/www.instrumentbox.de\/index.php?rest_route=\/wp\/v2\/media\/3954"}],"wp:attachment":[{"href":"https:\/\/www.instrumentbox.de\/index.php?rest_route=%2Fwp%2Fv2%2Fmedia&parent=3953"}],"wp:term":[{"taxonomy":"product_brand","embeddable":true,"href":"https:\/\/www.instrumentbox.de\/index.php?rest_route=%2Fwp%2Fv2%2Fproduct_brand&post=3953"},{"taxonomy":"product_cat","embeddable":true,"href":"https:\/\/www.instrumentbox.de\/index.php?rest_route=%2Fwp%2Fv2%2Fproduct_cat&post=3953"},{"taxonomy":"product_tag","embeddable":true,"href":"https:\/\/www.instrumentbox.de\/index.php?rest_route=%2Fwp%2Fv2%2Fproduct_tag&post=3953"}],"curies":[{"name":"wp","href":"https:\/\/api.w.org\/{rel}","templated":true}]}}