{"id":3957,"date":"2020-07-20T11:58:32","date_gmt":"2020-07-20T11:58:32","guid":{"rendered":"https:\/\/www.instrumentbox.de\/?product=arturia-keylab-essential-49-tastatur"},"modified":"2024-01-03T07:10:32","modified_gmt":"2024-01-03T06:10:32","slug":"arturia-keylab-essential-49-tastatur","status":"publish","type":"product","link":"https:\/\/www.instrumentbox.de\/?product=arturia-keylab-essential-49-tastatur","title":{"rendered":"Arturia Keylab Essential 49 &#8211; 49er MIDI-Contoller-Tastatur"},"content":{"rendered":"<p><!-- show up to 2 reviews by default --> <\/p>\n<p>Bereit f\u00fcr&#8217;s n\u00e4chste Level &#8211; USB-MIDI-Masterkeyboard mit Softwarebundle und 49 Tasten KeyLab Essential 49 ist ein hochwertiger, flexibler MIDI Controller, der Ihre Kreativit\u00e4t mit seiner intuitiven Bedienbarkeit befl\u00fcgelt. Das schlau abgestimmte Paket aus Tastatur, Dreh- und Schiebereglern sowie Performance-Pads bietet aber noch mehr: KeyLab Essential wird mit einem leistungsf\u00e4higen Bundle professioneller Software ausgeliefert, sodass Sie direkt mit dem Musikmachen loslegen k\u00f6nnen. Die Idee im Mittelpunkt KeyLab Essential bietet Musikern und Produzenten alle Tools, die sie ben\u00f6tigen, um ihre eigene Musik zu schaffen &#8211; und das zu einem fairen Preis. Sie sind es leid, ihre Tracks umst\u00e4ndlich mit Maus und Tastatur zusammenzuklicken? Unsere MIDI-Controller stellen alles bereit, um Ihren Workflow und Ihre Musik auf die n\u00e4chste Stufe zu heben. Eine gut spielbare Tastatur in Standardgr\u00f6\u00dfe, Pads, Control Knobs, Fader, clevere Funktionstasten uvm. Ein Controller, unz\u00e4hlige Instrumente Warum sollten Sie sich f\u00fcr einen einzigen Synth entscheiden, wenn Sie mit KeyLab Essential Zugriff auf ein ganzes Studio legend\u00e4rer Tasteninstrumente haben k\u00f6nnen? Die mitgelieferte Analog Lab Software beinhaltet ikonische Mono- und Polysynths, Vintage Orgeln, elektromechanische und akustische Pianos sowie digitale Kraftpakete, die alle \u00fcber ein intuitives Interface zug\u00e4nglich sind. <\/p>\n<p>Geben Sie Ihr Modell ein, um sicherzustellen, dass dieser Artikel passt.<br \/>\nUSB-MIDI-Masterkeyboard mit Softwarebundle und 61 Tasten<br \/>\nhochwertiger, flexibler MIDI Controller<br \/>\nEin Controller, unz\u00e4hlige Instrumente<br \/>\n<div class=\"main-cross-sell\" data-asin=\"B06ZY18Z89\">\n\n\t<div class=\"WooZone-cross-sell-loader\">\n\t\t<div>\n\t\t\t<div id=\"floatingBarsG\">\n\t\t\t\t<div class=\"blockG\" id=\"rotateG_01\"><\/div>\n\t\t\t\t<div class=\"blockG\" id=\"rotateG_02\"><\/div>\n\t\t\t\t<div class=\"blockG\" id=\"rotateG_03\"><\/div>\n\t\t\t\t<div class=\"blockG\" id=\"rotateG_04\"><\/div>\n\t\t\t\t<div class=\"blockG\" id=\"rotateG_05\"><\/div>\n\t\t\t\t<div class=\"blockG\" id=\"rotateG_06\"><\/div>\n\t\t\t\t<div class=\"blockG\" id=\"rotateG_07\"><\/div>\n\t\t\t\t<div class=\"blockG\" id=\"rotateG_08\"><\/div>\n\t\t\t<\/div>\n\t\t\t<div class=\"WooZone-cross-sell-loader-text\"><\/div>\n\t\t<\/div>\n\t<\/div>\n\n\t\t\n<\/div>\n<div style=\"clear:both;\"><\/div>\n","protected":false},"excerpt":{"rendered":"<p>Geben Sie Ihr Modell ein, um sicherzustellen, dass dieser Artikel passt.<br \/>\nUSB-MIDI-Masterkeyboard mit Softwarebundle und 61 Tasten<br \/>\nhochwertiger, flexibler MIDI Controller<\/p>\n","protected":false},"featured_media":3958,"comment_status":"open","ping_status":"closed","template":"","meta":{"_acf_changed":false,"rs_blank_template":"","rs_page_bg_color":"","slide_template_v7":""},"product_brand":[],"product_cat":[15,48],"product_tag":[],"class_list":{"0":"post-3957","1":"product","2":"type-product","3":"status-publish","4":"has-post-thumbnail","6":"product_cat-shop","7":"product_cat-synthesizer","8":"pa_brand-arturia","10":"first","11":"instock","12":"shipping-taxable","13":"purchasable","14":"product-type-simple"},"acf":[],"_links":{"self":[{"href":"https:\/\/www.instrumentbox.de\/index.php?rest_route=\/wp\/v2\/product\/3957","targetHints":{"allow":["GET"]}}],"collection":[{"href":"https:\/\/www.instrumentbox.de\/index.php?rest_route=\/wp\/v2\/product"}],"about":[{"href":"https:\/\/www.instrumentbox.de\/index.php?rest_route=\/wp\/v2\/types\/product"}],"replies":[{"embeddable":true,"href":"https:\/\/www.instrumentbox.de\/index.php?rest_route=%2Fwp%2Fv2%2Fcomments&post=3957"}],"wp:featuredmedia":[{"embeddable":true,"href":"https:\/\/www.instrumentbox.de\/index.php?rest_route=\/wp\/v2\/media\/3958"}],"wp:attachment":[{"href":"https:\/\/www.instrumentbox.de\/index.php?rest_route=%2Fwp%2Fv2%2Fmedia&parent=3957"}],"wp:term":[{"taxonomy":"product_brand","embeddable":true,"href":"https:\/\/www.instrumentbox.de\/index.php?rest_route=%2Fwp%2Fv2%2Fproduct_brand&post=3957"},{"taxonomy":"product_cat","embeddable":true,"href":"https:\/\/www.instrumentbox.de\/index.php?rest_route=%2Fwp%2Fv2%2Fproduct_cat&post=3957"},{"taxonomy":"product_tag","embeddable":true,"href":"https:\/\/www.instrumentbox.de\/index.php?rest_route=%2Fwp%2Fv2%2Fproduct_tag&post=3957"}],"curies":[{"name":"wp","href":"https:\/\/api.w.org\/{rel}","templated":true}]}}