{"id":3982,"date":"2020-07-20T11:58:43","date_gmt":"2020-07-20T11:58:43","guid":{"rendered":"https:\/\/www.instrumentbox.de\/?product=arturia-560101-syntheziser"},"modified":"2024-01-03T07:10:32","modified_gmt":"2024-01-03T06:10:32","slug":"arturia-560101-syntheziser","status":"publish","type":"product","link":"https:\/\/www.instrumentbox.de\/?product=arturia-560101-syntheziser","title":{"rendered":"Arturia 560101 Syntheziser"},"content":{"rendered":"<p><!-- show up to 2 reviews by default --> <\/p>\n<p>DrumBrute ist die professionelle, vollanaloge Drum Machine, die Sie schon immer wollten \u2013 und das zu einem Hammerpreis. Verwurzelt in der langen Tradition klassischer Drum Machines baut DrumBrute auf dem Style und Sound der Brute-Familie auf. DrumBrute verf\u00fcgt \u00fcber ganze 17 echt analoge Sounds, einzigartige Performance-Effekte, einen modernen Stepsequenzer, hervorragende Konnektivit\u00e4t \u2013 und l\u00e4sst sich dabei trotzdem wunderbar intuitiv bedienen. In den letzten 5 Jahren hat Arturia die User immer wieder gefragt: Welches Instrument sollten wir als n\u00e4chstes ver\u00f6ffentlichen? Die am h\u00e4ufigsten genannte Antwort war stets: \u201eMacht doch mal eine analoge Drum Machine!\u201c Nun, Arturia hat zugeh\u00f6rt und wir freuen uns, nun endlich die Geburt eines neuen modernen Klassikers verk\u00fcnden zu k\u00f6nnen. Der DrumBrute ist da, und ER KNALLT GEWALTIG! Analoges Kraftpaket: 17 vollanaloge Drumsounds bestehend aus zwei separaten Kicks, Snare, Clap, HiHat 1, HiHat 2, Conga Hi, Conga Lo, Tom Hi, Tom Lo, Maracas, Rimshot, Clave, Tambourine, Cymbal, Zap und sogar einem Reverse Cymbal. Spannende Synthfeatures: Das beliebte Steiner-Parker Filter mit zwei Modi (Highpass und Lowpass) und direktem Bypass-Taster sorgt auf dem Masterausgang f\u00fcr geschmackvolle Filter-Sweeps und punktgenaue Bass-Drops. Jedes der 17 Druminstrumente hat \u00fcberdies Regler f\u00fcr das individuelle Sounddesign, sodass f\u00fcr jede Performance das perfekt abgestimmte Kit zusammengestellt werden kann. Gro\u00df gedacht: Schn\u00f6rkellose Programmierung von jeweils bis zu 64 Steps in 64 Pattern, Songmodus zum Aneinanderketten von Pattern (Chaining). <\/p>\n<p>Geben Sie Ihr Modell ein, um sicherzustellen, dass dieser Artikel passt.<br \/>\neinzigartige Performance-Effekte<br \/>\nsorgt auf dem Masterausgang f\u00fcr geschmackvolle Filter-Sweeps und punktgenaue Bass-Drops<br \/>\nSchn\u00f6rkellose Programmierung von jeweils bis zu 64 Steps in 64 Pattern<br \/>\n<div class=\"main-cross-sell\" data-asin=\"B01M2WGTMV\">\n\n\t<div class=\"WooZone-cross-sell-loader\">\n\t\t<div>\n\t\t\t<div id=\"floatingBarsG\">\n\t\t\t\t<div class=\"blockG\" id=\"rotateG_01\"><\/div>\n\t\t\t\t<div class=\"blockG\" id=\"rotateG_02\"><\/div>\n\t\t\t\t<div class=\"blockG\" id=\"rotateG_03\"><\/div>\n\t\t\t\t<div class=\"blockG\" id=\"rotateG_04\"><\/div>\n\t\t\t\t<div class=\"blockG\" id=\"rotateG_05\"><\/div>\n\t\t\t\t<div class=\"blockG\" id=\"rotateG_06\"><\/div>\n\t\t\t\t<div class=\"blockG\" id=\"rotateG_07\"><\/div>\n\t\t\t\t<div class=\"blockG\" id=\"rotateG_08\"><\/div>\n\t\t\t<\/div>\n\t\t\t<div class=\"WooZone-cross-sell-loader-text\"><\/div>\n\t\t<\/div>\n\t<\/div>\n\n\t\t\n<\/div>\n<div style=\"clear:both;\"><\/div>\n","protected":false},"excerpt":{"rendered":"<p>Geben Sie Ihr Modell ein, um sicherzustellen, dass dieser Artikel passt.<br \/>\neinzigartige Performance-Effekte<br \/>\nsorgt auf dem Masterausgang f\u00fcr geschmackvolle Filter-Sweeps und punktgenaue Bass-Drops<\/p>\n","protected":false},"featured_media":3983,"comment_status":"open","ping_status":"closed","template":"","meta":{"_acf_changed":false,"rs_blank_template":"","rs_page_bg_color":"","slide_template_v7":""},"product_brand":[],"product_cat":[15,48],"product_tag":[],"class_list":{"0":"post-3982","1":"product","2":"type-product","3":"status-publish","4":"has-post-thumbnail","6":"product_cat-shop","7":"product_cat-synthesizer","8":"pa_brand-arturia","10":"first","11":"instock","12":"shipping-taxable","13":"purchasable","14":"product-type-simple"},"acf":[],"_links":{"self":[{"href":"https:\/\/www.instrumentbox.de\/index.php?rest_route=\/wp\/v2\/product\/3982","targetHints":{"allow":["GET"]}}],"collection":[{"href":"https:\/\/www.instrumentbox.de\/index.php?rest_route=\/wp\/v2\/product"}],"about":[{"href":"https:\/\/www.instrumentbox.de\/index.php?rest_route=\/wp\/v2\/types\/product"}],"replies":[{"embeddable":true,"href":"https:\/\/www.instrumentbox.de\/index.php?rest_route=%2Fwp%2Fv2%2Fcomments&post=3982"}],"wp:featuredmedia":[{"embeddable":true,"href":"https:\/\/www.instrumentbox.de\/index.php?rest_route=\/wp\/v2\/media\/3983"}],"wp:attachment":[{"href":"https:\/\/www.instrumentbox.de\/index.php?rest_route=%2Fwp%2Fv2%2Fmedia&parent=3982"}],"wp:term":[{"taxonomy":"product_brand","embeddable":true,"href":"https:\/\/www.instrumentbox.de\/index.php?rest_route=%2Fwp%2Fv2%2Fproduct_brand&post=3982"},{"taxonomy":"product_cat","embeddable":true,"href":"https:\/\/www.instrumentbox.de\/index.php?rest_route=%2Fwp%2Fv2%2Fproduct_cat&post=3982"},{"taxonomy":"product_tag","embeddable":true,"href":"https:\/\/www.instrumentbox.de\/index.php?rest_route=%2Fwp%2Fv2%2Fproduct_tag&post=3982"}],"curies":[{"name":"wp","href":"https:\/\/api.w.org\/{rel}","templated":true}]}}