{"id":3985,"date":"2020-07-20T11:58:45","date_gmt":"2020-07-20T11:58:45","guid":{"rendered":"https:\/\/www.instrumentbox.de\/?product=arturia-beatstep-controller-sequencer-weiss"},"modified":"2025-01-23T06:16:33","modified_gmt":"2025-01-23T05:16:33","slug":"arturia-beatstep-controller-sequencer-weiss","status":"publish","type":"product","link":"https:\/\/www.instrumentbox.de\/?product=arturia-beatstep-controller-sequencer-weiss","title":{"rendered":"Arturia BeatStep"},"content":{"rendered":"<p><!-- show up to 2 reviews by default --> <\/p>\n<h3>Produktbeschreibungen<\/h3>\n<p>USB MIDI Pad-ControllerFeatures:- 16 beleuchtete anschlagdynamische Pads- 16 Encoder- 16 MIDI Controller und Sequenz Presets- iPad kompatibel- CV-\/Gate-Out 3.5 mm- Mini USB Eingang- Mini USB Ausgang- MIDI-Ausgang 3.5mm- USB Class compliant- Inklusive Ableton Live Lite Software (Download und Autorisation erfordert Internetverbindung) <\/p>\n<h3>Rechtliche Hinweise<\/h3>\n<p>Verkauf von privat. Rechnung vom 27.08.2014. <\/p>\n<p>Geben Sie Ihr Modell ein, um sicherzustellen, dass dieser Artikel passt.<br \/>\nArturia BeatStep bietet ein neues Ma\u00df an Funktionalit\u00e4t und Leistung f\u00fcr einen tragbaren Pad-Controller<br \/>\nMit Ausl\u00f6ser-Clips in Programmen wie Ableton Live, kann Schlagzeug in Verbindung mit Anwendungen wie bfd oder ezdrummer gespielt werden.<br \/>\n16-Step Analog-Sequencer zum Erstellen aller Arten von musikalischen Phrasen auf analoge Synthesizer, Midi-Drum Machines, Midi-Keyboards, oder Computer-Programme<br \/>\n<div class=\"main-cross-sell\" data-asin=\"B00I88HPUO\">\n\n\t<div class=\"WooZone-cross-sell-loader\">\n\t\t<div>\n\t\t\t<div id=\"floatingBarsG\">\n\t\t\t\t<div class=\"blockG\" id=\"rotateG_01\"><\/div>\n\t\t\t\t<div class=\"blockG\" id=\"rotateG_02\"><\/div>\n\t\t\t\t<div class=\"blockG\" id=\"rotateG_03\"><\/div>\n\t\t\t\t<div class=\"blockG\" id=\"rotateG_04\"><\/div>\n\t\t\t\t<div class=\"blockG\" id=\"rotateG_05\"><\/div>\n\t\t\t\t<div class=\"blockG\" id=\"rotateG_06\"><\/div>\n\t\t\t\t<div class=\"blockG\" id=\"rotateG_07\"><\/div>\n\t\t\t\t<div class=\"blockG\" id=\"rotateG_08\"><\/div>\n\t\t\t<\/div>\n\t\t\t<div class=\"WooZone-cross-sell-loader-text\"><\/div>\n\t\t<\/div>\n\t<\/div>\n\n\t\t\n<\/div>\n<div style=\"clear:both;\"><\/div>\n","protected":false},"excerpt":{"rendered":"<p>Geben Sie Ihr Modell ein, um sicherzustellen, dass dieser Artikel passt.<br \/>\nArturia BeatStep bietet ein neues Ma\u00df an Funktionalit\u00e4t und Leistung f\u00fcr einen tragbaren Pad-Controller<br \/>\nMit Ausl\u00f6ser-Clips in Programmen wie Ableton Live, kann Schlagzeug in Verbindung mit Anwendungen wie bfd oder ezdrummer gespielt werden.<\/p>\n","protected":false},"featured_media":3986,"comment_status":"open","ping_status":"closed","template":"","meta":{"_acf_changed":false,"rs_blank_template":"","rs_page_bg_color":"","slide_template_v7":""},"product_brand":[],"product_cat":[15,48],"product_tag":[],"class_list":{"0":"post-3985","1":"product","2":"type-product","3":"status-publish","4":"has-post-thumbnail","6":"product_cat-shop","7":"product_cat-synthesizer","8":"pa_brand-arturia","10":"first","11":"instock","12":"shipping-taxable","13":"purchasable","14":"product-type-simple"},"acf":[],"_links":{"self":[{"href":"https:\/\/www.instrumentbox.de\/index.php?rest_route=\/wp\/v2\/product\/3985","targetHints":{"allow":["GET"]}}],"collection":[{"href":"https:\/\/www.instrumentbox.de\/index.php?rest_route=\/wp\/v2\/product"}],"about":[{"href":"https:\/\/www.instrumentbox.de\/index.php?rest_route=\/wp\/v2\/types\/product"}],"replies":[{"embeddable":true,"href":"https:\/\/www.instrumentbox.de\/index.php?rest_route=%2Fwp%2Fv2%2Fcomments&post=3985"}],"wp:featuredmedia":[{"embeddable":true,"href":"https:\/\/www.instrumentbox.de\/index.php?rest_route=\/wp\/v2\/media\/3986"}],"wp:attachment":[{"href":"https:\/\/www.instrumentbox.de\/index.php?rest_route=%2Fwp%2Fv2%2Fmedia&parent=3985"}],"wp:term":[{"taxonomy":"product_brand","embeddable":true,"href":"https:\/\/www.instrumentbox.de\/index.php?rest_route=%2Fwp%2Fv2%2Fproduct_brand&post=3985"},{"taxonomy":"product_cat","embeddable":true,"href":"https:\/\/www.instrumentbox.de\/index.php?rest_route=%2Fwp%2Fv2%2Fproduct_cat&post=3985"},{"taxonomy":"product_tag","embeddable":true,"href":"https:\/\/www.instrumentbox.de\/index.php?rest_route=%2Fwp%2Fv2%2Fproduct_tag&post=3985"}],"curies":[{"name":"wp","href":"https:\/\/api.w.org\/{rel}","templated":true}]}}