{"id":3989,"date":"2020-07-20T11:58:46","date_gmt":"2020-07-20T11:58:46","guid":{"rendered":"https:\/\/www.instrumentbox.de\/?product=arturia-230501-controller"},"modified":"2025-01-19T15:07:28","modified_gmt":"2025-01-19T14:07:28","slug":"arturia-230501-controller","status":"publish","type":"product","link":"https:\/\/www.instrumentbox.de\/?product=arturia-230501-controller","title":{"rendered":"Arturia &#8211; MiniLab MkII &#8211; Portable MIDI Controller for Music Production, with All-in-One Software Package &#8211; 25 Keys, 8 Multi-Color Pads"},"content":{"rendered":"<p><!-- show up to 2 reviews by default --> <\/p>\n<h3>Produktbeschreibung<\/h3>\n<p>Immer mit dabei: Das sehr kompakte und qualitativ hochwertige MiniLab MkII wird zur neuen Referenz unter den portablen MIDI-Controllern, indem es flexible Kontrolle auch bei kleinsten Platzangebot erm\u00f6glicht.- Sehr gut spielbare Tastatur: Endlich ist das Spielen auf kleinen Tasten keine Qual mehr, sondern ein Vergn\u00fcgen. Keine andere &#8220;Mini&#8221;-Tastatur bietet trotz des geringen Platzbedarfs die gute Spielbarkeit der von Arturia eigens entwickelten Slim-Keys.- Performance Pads: Spielen Sie ein Drumpattern ein, starten Sie Clips, navigieren Sie durch Presets; die acht Drumpads des MiniLab MkII reagieren \u00e4u\u00dferst pr\u00e4zise und deren farbige Hintergrundbeleuchtung l\u00e4sst sich zur besseren Orientierung nach Wunsch anpassen.- Flexible Drehregler: 16 Endlos-Encoder lassen sich komplett frei zuweisen, um damit Ihre Lieblingseffekte, Synths oder DAWs zu bedienen. Zwei der Encoder haben sogar eine Click-Funktion.- Spielhilfen: Zwei Touchstrips f\u00fcr Pitch und Modulation <\/p>\n<h3>Rechtliche Hinweise<\/h3>\n<p>Privatverkauf <\/p>\n<p>Geben Sie Ihr Modell ein, um sicherzustellen, dass dieser Artikel passt.<br \/>\nsehr kompakt und qualitativ hochwertig<br \/>\nflexible Kontrolle auch bei kleinsten Platzangebot<br \/>\nSehr gut spielbare Tastatur<br \/>\n<div class=\"main-cross-sell\" data-asin=\"B01MSNIVKE\">\n\n\t<div class=\"WooZone-cross-sell-loader\">\n\t\t<div>\n\t\t\t<div id=\"floatingBarsG\">\n\t\t\t\t<div class=\"blockG\" id=\"rotateG_01\"><\/div>\n\t\t\t\t<div class=\"blockG\" id=\"rotateG_02\"><\/div>\n\t\t\t\t<div class=\"blockG\" id=\"rotateG_03\"><\/div>\n\t\t\t\t<div class=\"blockG\" id=\"rotateG_04\"><\/div>\n\t\t\t\t<div class=\"blockG\" id=\"rotateG_05\"><\/div>\n\t\t\t\t<div class=\"blockG\" id=\"rotateG_06\"><\/div>\n\t\t\t\t<div class=\"blockG\" id=\"rotateG_07\"><\/div>\n\t\t\t\t<div class=\"blockG\" id=\"rotateG_08\"><\/div>\n\t\t\t<\/div>\n\t\t\t<div class=\"WooZone-cross-sell-loader-text\"><\/div>\n\t\t<\/div>\n\t<\/div>\n\n\t\t\n<\/div>\n<div style=\"clear:both;\"><\/div>\n","protected":false},"excerpt":{"rendered":"<p>Geben Sie Ihr Modell ein, um sicherzustellen, dass dieser Artikel passt.<br \/>\nsehr kompakt und qualitativ hochwertig<br \/>\nflexible Kontrolle auch bei kleinsten Platzangebot<\/p>\n","protected":false},"featured_media":3990,"comment_status":"open","ping_status":"closed","template":"","meta":{"_acf_changed":false,"rs_blank_template":"","rs_page_bg_color":"","slide_template_v7":""},"product_brand":[],"product_cat":[15,48],"product_tag":[],"class_list":{"0":"post-3989","1":"product","2":"type-product","3":"status-publish","4":"has-post-thumbnail","6":"product_cat-shop","7":"product_cat-synthesizer","8":"pa_brand-arturia","10":"first","11":"instock","12":"shipping-taxable","13":"purchasable","14":"product-type-simple"},"acf":[],"_links":{"self":[{"href":"https:\/\/www.instrumentbox.de\/index.php?rest_route=\/wp\/v2\/product\/3989","targetHints":{"allow":["GET"]}}],"collection":[{"href":"https:\/\/www.instrumentbox.de\/index.php?rest_route=\/wp\/v2\/product"}],"about":[{"href":"https:\/\/www.instrumentbox.de\/index.php?rest_route=\/wp\/v2\/types\/product"}],"replies":[{"embeddable":true,"href":"https:\/\/www.instrumentbox.de\/index.php?rest_route=%2Fwp%2Fv2%2Fcomments&post=3989"}],"wp:featuredmedia":[{"embeddable":true,"href":"https:\/\/www.instrumentbox.de\/index.php?rest_route=\/wp\/v2\/media\/3990"}],"wp:attachment":[{"href":"https:\/\/www.instrumentbox.de\/index.php?rest_route=%2Fwp%2Fv2%2Fmedia&parent=3989"}],"wp:term":[{"taxonomy":"product_brand","embeddable":true,"href":"https:\/\/www.instrumentbox.de\/index.php?rest_route=%2Fwp%2Fv2%2Fproduct_brand&post=3989"},{"taxonomy":"product_cat","embeddable":true,"href":"https:\/\/www.instrumentbox.de\/index.php?rest_route=%2Fwp%2Fv2%2Fproduct_cat&post=3989"},{"taxonomy":"product_tag","embeddable":true,"href":"https:\/\/www.instrumentbox.de\/index.php?rest_route=%2Fwp%2Fv2%2Fproduct_tag&post=3989"}],"curies":[{"name":"wp","href":"https:\/\/api.w.org\/{rel}","templated":true}]}}