{"id":4001,"date":"2020-07-20T11:58:53","date_gmt":"2020-07-20T11:58:53","guid":{"rendered":"https:\/\/www.instrumentbox.de\/?product=arturia-microbrute"},"modified":"2024-01-03T07:10:32","modified_gmt":"2024-01-03T06:10:32","slug":"arturia-microbrute","status":"publish","type":"product","link":"https:\/\/www.instrumentbox.de\/?product=arturia-microbrute","title":{"rendered":"ARTURIA MicroBrute"},"content":{"rendered":"<p><!-- show up to 2 reviews by default --> <\/p>\n<p>&#8211; 100% analoger Signalweg- Steiner-Parker Multimode-Filter mit High-, Low- und Bandpass und regelbarem Tracking- Bi-polare Steuerung per H\u00fcllkurve- Keyboard mit 25 Minitasten &#8211; Oktavschalter f\u00fcr volle Transponierung- regelbarer Glideparameter- Arturias ausgezeichneter Brute FactorT- Spannungsgesteuerter Oszillator (VCO)- Oszillator Waveshaper:- Ultrasaw f\u00fcr breite Schwebungen und Detune-Leadsounds- Pulse Width f\u00fcr pregnante, nasale Sounds oder fette, modulierte Kl\u00e4nge- Metalizer f\u00fcr harte und metallisch klingende Sounds- Sub- und Overtone-Generator- zus\u00e4tzliche Obert\u00f6ne von minus einer Oktave bis plus einer Quinte- Sub&gt;+Quinte Spectrum Shaper- Oszillator Mixer (Overtone, Saw, Triangle, Square)- LFO mit drei Schwingungsformen und weitem Regelbereich- Saw, Triangle, Square- Frequenzbereich von 0.1Hz to 200Hz- Synchronisierbar zu externer oder interner Clock- ADSR H\u00fcllkurve- VCA mit GATE-Modus oder per H\u00fcllkurve steuerbar- Pitchbendrad- Modulationsrad zur Steuerung von Filter Cut Off o <\/p>\n<p>Geben Sie Ihr Modell ein, um sicherzustellen, dass dieser Artikel passt.<br \/>\n1 St\u00fcck<br \/>\n<div class=\"main-cross-sell\" data-asin=\"B00G31YMVS\">\n\n\t<div class=\"WooZone-cross-sell-loader\">\n\t\t<div>\n\t\t\t<div id=\"floatingBarsG\">\n\t\t\t\t<div class=\"blockG\" id=\"rotateG_01\"><\/div>\n\t\t\t\t<div class=\"blockG\" id=\"rotateG_02\"><\/div>\n\t\t\t\t<div class=\"blockG\" id=\"rotateG_03\"><\/div>\n\t\t\t\t<div class=\"blockG\" id=\"rotateG_04\"><\/div>\n\t\t\t\t<div class=\"blockG\" id=\"rotateG_05\"><\/div>\n\t\t\t\t<div class=\"blockG\" id=\"rotateG_06\"><\/div>\n\t\t\t\t<div class=\"blockG\" id=\"rotateG_07\"><\/div>\n\t\t\t\t<div class=\"blockG\" id=\"rotateG_08\"><\/div>\n\t\t\t<\/div>\n\t\t\t<div class=\"WooZone-cross-sell-loader-text\"><\/div>\n\t\t<\/div>\n\t<\/div>\n\n\t\t\n<\/div>\n<div style=\"clear:both;\"><\/div>\n","protected":false},"excerpt":{"rendered":"<p>Geben Sie Ihr Modell ein, um sicherzustellen, dass dieser Artikel passt.<br \/>\n1 St\u00fcck<\/p>\n","protected":false},"featured_media":4002,"comment_status":"open","ping_status":"closed","template":"","meta":{"_acf_changed":false,"rs_blank_template":"","rs_page_bg_color":"","slide_template_v7":""},"product_brand":[],"product_cat":[15,48],"product_tag":[],"class_list":{"0":"post-4001","1":"product","2":"type-product","3":"status-publish","4":"has-post-thumbnail","6":"product_cat-shop","7":"product_cat-synthesizer","8":"pa_brand-arturia","10":"first","11":"instock","12":"shipping-taxable","13":"purchasable","14":"product-type-simple"},"acf":[],"_links":{"self":[{"href":"https:\/\/www.instrumentbox.de\/index.php?rest_route=\/wp\/v2\/product\/4001","targetHints":{"allow":["GET"]}}],"collection":[{"href":"https:\/\/www.instrumentbox.de\/index.php?rest_route=\/wp\/v2\/product"}],"about":[{"href":"https:\/\/www.instrumentbox.de\/index.php?rest_route=\/wp\/v2\/types\/product"}],"replies":[{"embeddable":true,"href":"https:\/\/www.instrumentbox.de\/index.php?rest_route=%2Fwp%2Fv2%2Fcomments&post=4001"}],"wp:featuredmedia":[{"embeddable":true,"href":"https:\/\/www.instrumentbox.de\/index.php?rest_route=\/wp\/v2\/media\/4002"}],"wp:attachment":[{"href":"https:\/\/www.instrumentbox.de\/index.php?rest_route=%2Fwp%2Fv2%2Fmedia&parent=4001"}],"wp:term":[{"taxonomy":"product_brand","embeddable":true,"href":"https:\/\/www.instrumentbox.de\/index.php?rest_route=%2Fwp%2Fv2%2Fproduct_brand&post=4001"},{"taxonomy":"product_cat","embeddable":true,"href":"https:\/\/www.instrumentbox.de\/index.php?rest_route=%2Fwp%2Fv2%2Fproduct_cat&post=4001"},{"taxonomy":"product_tag","embeddable":true,"href":"https:\/\/www.instrumentbox.de\/index.php?rest_route=%2Fwp%2Fv2%2Fproduct_tag&post=4001"}],"curies":[{"name":"wp","href":"https:\/\/api.w.org\/{rel}","templated":true}]}}