{"id":4005,"date":"2020-07-20T12:01:01","date_gmt":"2020-07-20T12:01:01","guid":{"rendered":"https:\/\/www.instrumentbox.de\/?product=native-instruments-komplete-kontrol-s25"},"modified":"2024-01-03T07:10:32","modified_gmt":"2024-01-03T06:10:32","slug":"native-instruments-komplete-kontrol-s25","status":"publish","type":"product","link":"https:\/\/www.instrumentbox.de\/?product=native-instruments-komplete-kontrol-s25","title":{"rendered":"Native Instruments Komplete Kontrol S25"},"content":{"rendered":"<p><!-- show up to 2 reviews by default --> <\/p>\n<h3>Produktbeschreibung<\/h3>\n<\/p>\n<div class=\"aplus\">\n<div class=\"leftImage\">\n<div id=\"image0\"><img decoding=\"async\" src=\"https:\/\/images-na.ssl-images-amazon.com\/images\/I\/31htYWtauwL.jpg\" alt=\"\"><\/p>\n<div class=\"imageCaption\"><\/div>\n<\/div><\/div>\n<h5>\n<div id=\"header0\">KOMPLETE KONTROL S25<\/div>\n<\/h5>\n<div id=\"text0\" class=\"a-spacing-small\">\n<p>THE KOMPLETE INSTRUMENT<\/p>\n<\/div>\n<h5>\n<div id=\"header1\"><\/div>\n<\/h5>\n<div id=\"text1\" class=\"a-spacing-small\">\n<p>KOMPLETE KONTROL S-Series Keyboards sind als integriertes Hardware\/Software-System konzipiert, einer Einheit aus ma\u00dfgeschneidertem Keyboard-Controller und innovativem Software-Interface, das das gesamte Universum der KOMPLETE-Instrumente vereint. Die hochwertige halbgewichtete Fatar-Klaviatur mit Aftertouch bietet ein luxuri\u00f6ses und dynamisches Spielgef\u00fchl. Dank direktem Zugriff auf die DAW-Transportfunktionen bleiben Sie immer im KOMPLETE-Flow. Das Produkt enth\u00e4lt einen 25-\u20ac-Gutschein (erfordert Registrierung).<\/p>\n<\/div>\n<h5>\n<div id=\"header2\">SYSTEMVORAUSSETZUNGEN<\/div>\n<\/h5>\n<div id=\"text2\" class=\"a-spacing-small\">\n<p>Mac OS X 10.8, 10.9 oder 10.10 (aktuellstes Update), Intel Core 2 Duo. Windows 7 oder Windows 8, Intel Core 2 Duo oder AMD Athlon 64 X2. 4 GB RAM (empfohlen: 6 GB f\u00fcr umfangreiche KONTAKT-Instrumente). USB 2.0 oder h\u00f6her (Kabel ist enthalten). Erfordert Anschluss an das Stromnetz (Netzteil ist enthalten). INFOS ZUR KOMPATIBLIT\u00c4T : Die enthaltene KOMPLETE KONTROL-Software liefert eine nahtlose Verbindung zu KOMPLETE-Instrumenten. Die Keyboards der KOMPLETE KONTROL S-Series sind auch als MIDI-Controller verwendbar \u2013 mit 16 Key-Splits, Light Guide-Unterst\u00fctzung und erweiterten Touch-Strip-Funktionen (erfordert USB-Verbindung). WEITREICHENDE FUNKTIONEN IN FOLGENDEN DAWS \u2022 Ableton Live 9.1.4 \u2022 Cubase 7.5.1 \u2022 Nuendo 6.0.7 \u2022 Logic X 10.0.7<\/p>\n<\/div>\n<div class=\"break\"><\/div>\n<p><\/p>\n<div class=\"sixth-col\">\n<div class=\"centerImage\">\n<div id=\"image1\"><img decoding=\"async\" src=\"https:\/\/images-na.ssl-images-amazon.com\/images\/I\/11db7JfXNeL.jpg\" alt=\"\"><\/p>\n<div class=\"imageCaption\"><\/div>\n<\/div><\/div><\/div>\n<div class=\"third-col\">\n<h5>\n<div id=\"header3\">KONTROL IT ALL<\/div>\n<\/h5>\n<div id=\"text3\" class=\"a-spacing-small\">\n<p>Die KOMPLETE KONTROL S-Series Keyboards erschlie\u00dfen das ganze Potenzial von KOMPLETE. Steuern Sie die weltweit innovativsten Software-Instrumente ganz direkt \u2013 intuitiver, ausdrucksvoller und inspirierender als je zuvor.<\/p>\n<\/div><\/div>\n<div class=\"sixth-col\">\n<div class=\"centerImage\">\n<div id=\"image2\"><img decoding=\"async\" src=\"https:\/\/images-na.ssl-images-amazon.com\/images\/I\/11Wf-a1-+OL.jpg\" alt=\"\"><\/p>\n<div class=\"imageCaption\"><\/div>\n<\/div><\/div><\/div>\n<div class=\"third-col last\">\n<h5>\n<div id=\"header4\">INTUITIV BROWSEN<\/div>\n<\/h5>\n<div id=\"text4\" class=\"a-spacing-small\">\n<p>Browsen und laden Sie Sounds im Handumdrehen \u2013 dank der Tag-basierten Suchfunktion steuert KOMPLETE KONTROL das gesamte KOMPLETE-Universum in Form eines einzigen Plug-ins.<\/p>\n<\/div><\/div>\n<div class=\"break\"><\/div>\n<div class=\"sixth-col\">\n<div class=\"centerImage\">\n<div id=\"image3\"><img decoding=\"async\" src=\"https:\/\/images-na.ssl-images-amazon.com\/images\/I\/1186p21RC2L.jpg\" alt=\"\"><\/p>\n<div class=\"imageCaption\"><\/div>\n<\/div><\/div><\/div>\n<div class=\"third-col\">\n<h5>\n<div id=\"header5\">AUTOMATISCHE PARAMETER-ZUWEISUNGEN<\/div>\n<\/h5>\n<div id=\"text5\" class=\"a-spacing-small\">\n<p>Verlieren Sie keine Zeit mit Parameter-Zuweisungen auf das Keyboard. Die Native Map-Technolgie weist alle wichtigen Einstellungen der KOMPLETE-Instrumente automatisch den ber\u00fchrungsempfindlichen Drehreglern zu. Hier ist alles, was Sie zur Klangformung brauchen \u2013 direkt erreichbar und bereit f\u00fcr Ihre Kreativit\u00e4t.<\/p>\n<\/div><\/div>\n<div class=\"sixth-col\">\n<div class=\"centerImage\">\n<div id=\"image4\"><img decoding=\"async\" src=\"https:\/\/images-na.ssl-images-amazon.com\/images\/I\/11OtW59NcdL.jpg\" alt=\"\"><\/p>\n<div class=\"imageCaption\"><\/div>\n<\/div><\/div><\/div>\n<div class=\"third-col last\">\n<h5>\n<div id=\"header6\">LIGHT GUIDE<\/div>\n<\/h5>\n<div id=\"text6\" class=\"a-spacing-small\">\n<p>Die innovative Light Guide-Funktion zeigt Ihnen Keyswitches, Zonen und mehr \u2013 mit Farben, die Instrumenten zugeordnet sind. Die Tastenfarbe kann beispielsweise der Farbe der BATTERY 4-Zellen entsprechen. Die Beleuchtung dient au\u00dferdem als Performance-Feedback. Tonleitern, Akkorde, Arpeggien: Sie sehen alles direkt auf den Tasten.<\/p>\n<\/div><\/div>\n<div class=\"break\"><\/div>\n<div class=\"sixth-col\">\n<div class=\"centerImage\">\n<div id=\"image5\"><img decoding=\"async\" src=\"https:\/\/images-na.ssl-images-amazon.com\/images\/I\/11ySSpmU2kL.jpg\" alt=\"\"><\/p>\n<div class=\"imageCaption\"><\/div>\n<\/div><\/div><\/div>\n<div class=\"third-col\">\n<h5>\n<div id=\"header7\">TRUE PERFORMER<\/div>\n<\/h5>\n<div id=\"text7\" class=\"a-spacing-small\">\n<p>Verwandeln Sie einzelne Noten in Akkorde oder weisen Sie der Tastatur jede gew\u00fcnschte Tonleiter zu. Mit dem vielseitigen Arpeggiator entwickeln Sie per Knopfdruck Melodien \u2013 ideal f\u00fcr direktes, ausdrucksvolles Performen. Bending, Warping, Automationen: Mit den flexiblen Touch-Strips haben Sie alle Aspekte Ihrer Sounds im Griff.<\/p>\n<\/div><\/div>\n<div class=\"sixth-col\">\n<div class=\"centerImage\">\n<div id=\"image6\"><img decoding=\"async\" src=\"https:\/\/images-na.ssl-images-amazon.com\/images\/G\/03\/aplusautomation\/vendorimages06_Komplete_Select._CB318351799_.jpg\" alt=\"\"><\/p>\n<div class=\"imageCaption\"><\/div>\n<\/div><\/div><\/div>\n<div class=\"third-col last\">\n<h5>\n<div id=\"header8\">ENTH\u00c4LT KOMPLETE SELECT<\/div>\n<\/h5>\n<div id=\"text8\" class=\"a-spacing-small\">\n<p>KOMPLETE KONTROL S-Series Keyboards enthalten KOMPLETE SELECT, eine Premium-Auswahl von 10 Instrumenten und Effekten \u2013 einzeln gekauft, w\u00fcrde der Gesamtpreis 1000 EUR betragen. KOMPLETE SELECT umfasst MASSIVE, PRISM, MONARK, RETRO MACHINES, THE GENTLEMAN, VINTAGE ORGANS, SCARBEE MARK I, WEST AFRICA, DRUMLAB und SOLID BUS COMP. KOMPLETE SELECT steht nach der Hardware-Registrierung als Download bereit.<\/p>\n<\/div><\/div>\n<div class=\"break\"><\/div><\/div>\n<h3>Rechtliche Hinweise<\/h3>\n<p>Keine R\u00fccknahme da Privatverkauf! <\/p>\n<p>Geben Sie Ihr Modell ein, um sicherzustellen, dass dieser Artikel passt.<br \/>\nEnth\u00e4lt KOMPLETE SELECT: 10 Premium-Instrumente und -Effekte f\u00fcr jedes Stadium der Produktion. Perfekte Integration mit KOMPLETE 10 und KOMPLETE 10 ULTIMATE.<br \/>\nHalbgewichtete Fatar-Klaviatur mit Aftertouch und 25 Tasten f\u00fcr unvergleichliches Spielgef\u00fchl, ber\u00fchrungsempfindliche Drehregler geben umfassende Kontrolle \u00fcber alle wichtigen Software-Parameter<br \/>\nMehrfarbige Light Guide-Tastenbeleuchtung und detailreiches Clear View-Display liefern eine innovative Visualisierung des kreativen Prozesses<br \/>\nIntuitive, flexible Touch-Strip-Steuerung f\u00fcr maximal taktile Kontrolle<br \/>\nEinheitliches Browsing f\u00fcr alle KOMPLETE-Instrumente, Tag-basiert und direkt \u00fcber die Hardware, mit direktem Zugriff auf die DAW-Transportfunktionen<br \/>\n<div class=\"main-cross-sell\" data-asin=\"B00N1YQM9A\">\n\n\t<div class=\"WooZone-cross-sell-loader\">\n\t\t<div>\n\t\t\t<div id=\"floatingBarsG\">\n\t\t\t\t<div class=\"blockG\" id=\"rotateG_01\"><\/div>\n\t\t\t\t<div class=\"blockG\" id=\"rotateG_02\"><\/div>\n\t\t\t\t<div class=\"blockG\" id=\"rotateG_03\"><\/div>\n\t\t\t\t<div class=\"blockG\" id=\"rotateG_04\"><\/div>\n\t\t\t\t<div class=\"blockG\" id=\"rotateG_05\"><\/div>\n\t\t\t\t<div class=\"blockG\" id=\"rotateG_06\"><\/div>\n\t\t\t\t<div class=\"blockG\" id=\"rotateG_07\"><\/div>\n\t\t\t\t<div class=\"blockG\" id=\"rotateG_08\"><\/div>\n\t\t\t<\/div>\n\t\t\t<div class=\"WooZone-cross-sell-loader-text\"><\/div>\n\t\t<\/div>\n\t<\/div>\n\n\t\t\n<\/div>\n<div style=\"clear:both;\"><\/div>\n","protected":false},"excerpt":{"rendered":"<p>Geben Sie Ihr Modell ein, um sicherzustellen, dass dieser Artikel passt.<br \/>\nEnth\u00e4lt KOMPLETE SELECT: 10 Premium-Instrumente und -Effekte f\u00fcr jedes Stadium der Produktion. Perfekte Integration mit KOMPLETE 10 und KOMPLETE 10 ULTIMATE.<br \/>\nHalbgewichtete Fatar-Klaviatur mit Aftertouch und 25 Tasten f\u00fcr unvergleichliches Spielgef\u00fchl, ber\u00fchrungsempfindliche Drehregler geben umfassende Kontrolle \u00fcber alle wichtigen Software-Parameter<\/p>\n","protected":false},"featured_media":4006,"comment_status":"open","ping_status":"closed","template":"","meta":{"_acf_changed":false,"rs_blank_template":"","rs_page_bg_color":"","slide_template_v7":""},"product_brand":[],"product_cat":[15,48],"product_tag":[],"class_list":{"0":"post-4005","1":"product","2":"type-product","3":"status-publish","4":"has-post-thumbnail","6":"product_cat-shop","7":"product_cat-synthesizer","8":"pa_brand-native-instruments","10":"first","11":"instock","12":"shipping-taxable","13":"purchasable","14":"product-type-simple"},"acf":[],"_links":{"self":[{"href":"https:\/\/www.instrumentbox.de\/index.php?rest_route=\/wp\/v2\/product\/4005","targetHints":{"allow":["GET"]}}],"collection":[{"href":"https:\/\/www.instrumentbox.de\/index.php?rest_route=\/wp\/v2\/product"}],"about":[{"href":"https:\/\/www.instrumentbox.de\/index.php?rest_route=\/wp\/v2\/types\/product"}],"replies":[{"embeddable":true,"href":"https:\/\/www.instrumentbox.de\/index.php?rest_route=%2Fwp%2Fv2%2Fcomments&post=4005"}],"wp:featuredmedia":[{"embeddable":true,"href":"https:\/\/www.instrumentbox.de\/index.php?rest_route=\/wp\/v2\/media\/4006"}],"wp:attachment":[{"href":"https:\/\/www.instrumentbox.de\/index.php?rest_route=%2Fwp%2Fv2%2Fmedia&parent=4005"}],"wp:term":[{"taxonomy":"product_brand","embeddable":true,"href":"https:\/\/www.instrumentbox.de\/index.php?rest_route=%2Fwp%2Fv2%2Fproduct_brand&post=4005"},{"taxonomy":"product_cat","embeddable":true,"href":"https:\/\/www.instrumentbox.de\/index.php?rest_route=%2Fwp%2Fv2%2Fproduct_cat&post=4005"},{"taxonomy":"product_tag","embeddable":true,"href":"https:\/\/www.instrumentbox.de\/index.php?rest_route=%2Fwp%2Fv2%2Fproduct_tag&post=4005"}],"curies":[{"name":"wp","href":"https:\/\/api.w.org\/{rel}","templated":true}]}}