{"id":4009,"date":"2020-07-20T12:01:03","date_gmt":"2020-07-20T12:01:03","guid":{"rendered":"https:\/\/www.instrumentbox.de\/?product=native-instruments-traktor-kontrol-z2"},"modified":"2024-01-03T07:10:32","modified_gmt":"2024-01-03T06:10:32","slug":"native-instruments-traktor-kontrol-z2","status":"publish","type":"product","link":"https:\/\/www.instrumentbox.de\/?product=native-instruments-traktor-kontrol-z2","title":{"rendered":"Native Instruments Traktor Kontrol Z2"},"content":{"rendered":"<p><!-- show up to 2 reviews by default --> <\/p>\n<h3>Produktbeschreibungen<\/h3>\n<p>&#8211; 2+2 Kanal Stand-alone DJ-mixer- integrierte 24-bit Soundkarte- inklusive Traktor Pro 3 Software und Timecode Control Medien (Vinyl, CD)- Erstklassiges, robustes und tourtaugliches Aluminium Geh\u00e4use- Premium-Fader von InnofaderT- Chincheing\u00e4nge: 2x Stereo Line, 2x Stereo Phono, 1x Stereo AUX- 6,3mm Mikrofoneingang- 6,3mm + 3,5mm Klinken Kopfh\u00f6rerausgang- Masterausg\u00e4nge: XLR (symmetrisch) +18dBu, Cinch +14.13dBu- Monitorausgang: 6,3mm Klinke- 2x USB Anschluss (inkl. Strom) f\u00fcr externe Add-on DJ-Controller &#8211; Mehrfarbig beleuchtete Trigger Buttons- LED Anzeigen f\u00fcr Loopl\u00e4nge- Gewicht: 5,1 kg &#8211; Ma\u00dfe (BxHxT): 272 mm x 388 mm x 109 mm- Ergonomisches Layout nach Industriestandard mit 3-Band-EQ und eigenem Filter f\u00fcr jeden Kanal- Macro FX f\u00fcr m\u00fchelose und ausdrucksstarke Sound-Manipulation mit dem ganzen Arsenal an TRAKTOR-Effekten, bedienbar mit nur einem Drehregler- Innovativer Flux-Modus f\u00fcr maximale Kreativit\u00e4t und punktgenaues Timing w\u00e4hrend der Performance- Lossless Post-Fader-Effekte <\/p>\n<h3>Rechtliche Hinweise<\/h3>\n<p>Dies ist ein rein privater Verkauf, daher bitte ich um Verst\u00e4ndnis, dass keine Gew\u00e4hrleistung, Umtausch oder R\u00fcckgabe m\u00f6glich ist. <\/p>\n<p>Geben Sie Ihr Modell ein, um sicherzustellen, dass dieser Artikel passt.<br \/>\nTRAKTOR KONTROL Z2 ist ein fortschrittlicher DJ-Controller im Geh\u00e4use eines professionellen 2+2-Kanal-Mixers<br \/>\nInklusive TRAKTOR SCRATCH<br \/>\n2 Stand-alone- und 2 Remix-Kan\u00e4le<br \/>\nRobustes Aluminiumgeh\u00e4use mit Innofaders<br \/>\nMit neuen Macro FX und Flux Mode<br \/>\n<div class=\"main-cross-sell\" data-asin=\"B009STRJOE\">\n\n\t<div class=\"WooZone-cross-sell-loader\">\n\t\t<div>\n\t\t\t<div id=\"floatingBarsG\">\n\t\t\t\t<div class=\"blockG\" id=\"rotateG_01\"><\/div>\n\t\t\t\t<div class=\"blockG\" id=\"rotateG_02\"><\/div>\n\t\t\t\t<div class=\"blockG\" id=\"rotateG_03\"><\/div>\n\t\t\t\t<div class=\"blockG\" id=\"rotateG_04\"><\/div>\n\t\t\t\t<div class=\"blockG\" id=\"rotateG_05\"><\/div>\n\t\t\t\t<div class=\"blockG\" id=\"rotateG_06\"><\/div>\n\t\t\t\t<div class=\"blockG\" id=\"rotateG_07\"><\/div>\n\t\t\t\t<div class=\"blockG\" id=\"rotateG_08\"><\/div>\n\t\t\t<\/div>\n\t\t\t<div class=\"WooZone-cross-sell-loader-text\"><\/div>\n\t\t<\/div>\n\t<\/div>\n\n\t\t\n<\/div>\n<div style=\"clear:both;\"><\/div>\n","protected":false},"excerpt":{"rendered":"<p>Geben Sie Ihr Modell ein, um sicherzustellen, dass dieser Artikel passt.<br \/>\nTRAKTOR KONTROL Z2 ist ein fortschrittlicher DJ-Controller im Geh\u00e4use eines professionellen 2+2-Kanal-Mixers<br \/>\nInklusive TRAKTOR SCRATCH<\/p>\n","protected":false},"featured_media":4010,"comment_status":"open","ping_status":"closed","template":"","meta":{"_acf_changed":false,"rs_blank_template":"","rs_page_bg_color":"","slide_template_v7":""},"product_brand":[],"product_cat":[15,48],"product_tag":[],"class_list":{"0":"post-4009","1":"product","2":"type-product","3":"status-publish","4":"has-post-thumbnail","6":"product_cat-shop","7":"product_cat-synthesizer","8":"pa_brand-native-instruments","10":"first","11":"instock","12":"shipping-taxable","13":"purchasable","14":"product-type-simple"},"acf":[],"_links":{"self":[{"href":"https:\/\/www.instrumentbox.de\/index.php?rest_route=\/wp\/v2\/product\/4009","targetHints":{"allow":["GET"]}}],"collection":[{"href":"https:\/\/www.instrumentbox.de\/index.php?rest_route=\/wp\/v2\/product"}],"about":[{"href":"https:\/\/www.instrumentbox.de\/index.php?rest_route=\/wp\/v2\/types\/product"}],"replies":[{"embeddable":true,"href":"https:\/\/www.instrumentbox.de\/index.php?rest_route=%2Fwp%2Fv2%2Fcomments&post=4009"}],"wp:featuredmedia":[{"embeddable":true,"href":"https:\/\/www.instrumentbox.de\/index.php?rest_route=\/wp\/v2\/media\/4010"}],"wp:attachment":[{"href":"https:\/\/www.instrumentbox.de\/index.php?rest_route=%2Fwp%2Fv2%2Fmedia&parent=4009"}],"wp:term":[{"taxonomy":"product_brand","embeddable":true,"href":"https:\/\/www.instrumentbox.de\/index.php?rest_route=%2Fwp%2Fv2%2Fproduct_brand&post=4009"},{"taxonomy":"product_cat","embeddable":true,"href":"https:\/\/www.instrumentbox.de\/index.php?rest_route=%2Fwp%2Fv2%2Fproduct_cat&post=4009"},{"taxonomy":"product_tag","embeddable":true,"href":"https:\/\/www.instrumentbox.de\/index.php?rest_route=%2Fwp%2Fv2%2Fproduct_tag&post=4009"}],"curies":[{"name":"wp","href":"https:\/\/api.w.org\/{rel}","templated":true}]}}