{"id":4013,"date":"2020-07-20T12:01:04","date_gmt":"2020-07-20T12:01:04","guid":{"rendered":"https:\/\/www.instrumentbox.de\/?product=native-instruments-traktor-kontrol-s4-mk2"},"modified":"2025-01-14T00:19:33","modified_gmt":"2025-01-13T23:19:33","slug":"native-instruments-traktor-kontrol-s4-mk2","status":"publish","type":"product","link":"https:\/\/www.instrumentbox.de\/?product=native-instruments-traktor-kontrol-s4-mk2","title":{"rendered":"Native Instruments Traktor Kontrol S4 MK2"},"content":{"rendered":"<p><!-- show up to 2 reviews by default --> <\/p>\n<div class=\"aplus\">\n<h4>TRAKTOR KONTROL S4 <\/h4>\n<p>ALL-IN-ONE 4-CHANNEL DJ SYSTEM<\/p>\n<p> Die erste Wahl f\u00fcr Top-DJs: TRAKTOR KONTROL S4 ist das All-in-one 4-Kanal-DJ-System. Mit direktem Zugriff auf die neuesten TRAKTOR-Features entfalten Sie im Mix Ihre ganze Kreativit\u00e4t. <\/p>\n<div class=\"break\"><\/div>\n<p><\/p>\n<div class=\"leftImage\"> <a href=\"https:\/\/images-eu.ssl-images-amazon.com\/images\/G\/03\/electronics\/aplus\/01_NI_TRAKTOR_KONTROL_S4_Amazon_130923.jpg\" target=\"_blank\" rel=\"noopener\"> <img decoding=\"async\" src=\"https:\/\/images-eu.ssl-images-amazon.com\/images\/G\/03\/electronics\/aplus\/01_NI_TRAKTOR_KONTROL_S4_Amazon_130923.jpg\"><\/a> <\/div>\n<h4>DAS M\u00c4CHTIGE PERFORMANCE-DJ-SYSTEM<\/h4>\n<p> Der neu gestaltete TRAKTOR KONTROL S4 ist die perfekte Fusion aus Software und Hardware \u2013 ein bahnbrechendes DJ-System, das wirkungsvolles und konsistentes DJing erm\u00f6glicht<\/p>\n<p>.<\/p>\n<p>Der S4 wurde speziell auf TRAKTOR abgestimmt und bietet einen erstklassigen 4-Kanal-Mixer, eine eingebaute 24-bit-\/96-kHz-Soundkarte, einen intuitiven Controller und die Flaggschiff-Software TRAKTOR PRO 2 mit Remix Decks. Diese Features machen den TRAKTOR KONTROL S4 zu einer professionellen Komplettl\u00f6sung f\u00fcr DJs. <\/p>\n<div class=\"break\"><\/div>\n<p><\/p>\n<div class=\"leftImage\"> <a href=\"https:\/\/images-eu.ssl-images-amazon.com\/images\/G\/03\/electronics\/aplus\/02_NI_TRAKTOR_KONTROL_S4_Amazon_130923.jpg\" target=\"_blank\" rel=\"noopener\"> <img decoding=\"async\" src=\"https:\/\/images-eu.ssl-images-amazon.com\/images\/G\/03\/electronics\/aplus\/02_NI_TRAKTOR_KONTROL_S4_Amazon_130923.jpg\"><\/a> <\/div>\n<h4>KONTROL IN AKTION<\/h4>\n<p> Anschlie\u00dfen und loslegen \u2013 der S4 erlaubt die Steuerung von bis zu vier Software-Decks. Intuitive Sektionen zur Deck-Steuerung, Remix Deck-Buttons, hochpr\u00e4zise Jog-Wheels mit Oberseiten aus Aluminium und zwei \u00fcbersichtliche Effekt-Sektionen geben die komplette Kontrolle \u00fcber Ihre Musik.<\/p>\n<p>Der S4 bietet auch farbkodierte Buttons zur Steuerung von Cue-Punkten, Loops und Samples sowie dedizierte Flux-Mode-Buttons f\u00fcr jedes Deck. <\/p>\n<div class=\"break\"><\/div>\n<p><\/p>\n<div class=\"leftImage\"> <a href=\"https:\/\/images-eu.ssl-images-amazon.com\/images\/G\/03\/electronics\/aplus\/03_NI_TRAKTOR_KONTROL_S4_Amazon_130923.jpg\" target=\"_blank\" rel=\"noopener\"> <img decoding=\"async\" src=\"https:\/\/images-eu.ssl-images-amazon.com\/images\/G\/03\/electronics\/aplus\/03_NI_TRAKTOR_KONTROL_S4_Amazon_130923.jpg\"><\/a> <\/div>\n<h4>HIT THE ROAD<\/h4>\n<p> TRAKTOR KONTROL S4 ist die ideale L\u00f6sung f\u00fcr mobile DJs, da er in einem einzigen tragbaren Ger\u00e4t alles bietet, um eine Party zu rocken. Durch seine kompakte Bauweise ist der S4 zwischen den Gigs zudem sehr transportabel. <\/p>\n<p>Bereiten Sie komfortabel Ihr DJ-Set vor, w\u00e4hrend Sie noch unterwegs sind: Die enthaltene TRAKTOR PRO 2-Software l\u00e4sst sich f\u00fcr einfaches Song-Management nahtlos mit TRAKTOR DJ auf Ihrem iOS-Ger\u00e4t synchronisieren. <\/p>\n<div class=\"break\"><\/div>\n<p><\/p>\n<div class=\"leftImage\"> <a href=\"https:\/\/images-eu.ssl-images-amazon.com\/images\/G\/03\/electronics\/aplus\/04_NI_TRAKTOR_KONTROL_S4_Amazon_130923.jpg\" target=\"_blank\" rel=\"noopener\"> <img decoding=\"async\" src=\"https:\/\/images-eu.ssl-images-amazon.com\/images\/G\/03\/electronics\/aplus\/04_NI_TRAKTOR_KONTROL_S4_Amazon_130923.jpg\"><\/a> <\/div>\n<h4>4-KANAL-MIXER<\/h4>\n<p>TRAKTOR KONTROL S4 bietet einen ergonomischen, komplett ausger\u00fcsteten 4-Kanal-Mixer mit robusten Fadern, CUE-Buttons, hochwertigen 3-Band-EQs und Filter-Encoder an jedem Kanal. Der Filter kann zwischen Traktor-, Xone- und anderen professionellen Filter-Styles umgeschaltet werden. <\/p>\n<p>Setzen Sie im Mix kreative Akzente, die Ihren Tracks eine pers\u00f6nliche Note geben. Der intuitive Loop Recorder funktioniert wie ein f\u00fcnftes Deck, das Sie zum Recorden und Loopen von Teilen Ihres Mixes nutzen k\u00f6nnen. <\/p>\n<div class=\"break\"><\/div>\n<p><\/p>\n<div class=\"leftImage\"> <a href=\"https:\/\/images-eu.ssl-images-amazon.com\/images\/G\/03\/electronics\/aplus\/05_NI_TRAKTOR_KONTROL_S4_Amazon_130923.jpg\" target=\"_blank\" rel=\"noopener\"> <img decoding=\"async\" src=\"https:\/\/images-eu.ssl-images-amazon.com\/images\/G\/03\/electronics\/aplus\/05_NI_TRAKTOR_KONTROL_S4_Amazon_130923.jpg\"><\/a> <\/div>\n<h4>INTEGRIERTES AUDIO-INTERFACE<\/h4>\n<p> Die Controller-Hardware enth\u00e4lt ein leistungsf\u00e4higes und vielseitiges Audio-Interface, das absolut Club-tauglichen Sound liefert. <\/p>\n<p>Die umfangreichen und optimal platzierten Anschlussm\u00f6glichkeiten erlauben die Integration von Turntables, CD-Playern, Instrumenten, MIDI-Ger\u00e4ten und mehr: Alles, was Sie f\u00fcr mitrei\u00dfende DJ-Performances brauchen. <\/p>\n<div class=\"break\"><\/div>\n<p><\/p>\n<div class=\"leftImage\"> <a href=\"https:\/\/images-eu.ssl-images-amazon.com\/images\/G\/03\/electronics\/aplus\/06_NI_TRAKTOR_KONTROL_S4_Amazon_130923.jpg\" target=\"_blank\" rel=\"noopener\"> <img decoding=\"async\" src=\"https:\/\/images-eu.ssl-images-amazon.com\/images\/G\/03\/electronics\/aplus\/06_NI_TRAKTOR_KONTROL_S4_Amazon_130923.jpg\"><\/a> <\/div>\n<h4>EINE NEUE TRAKTOR-GENERATION<\/h4>\n<p> Dank der integrierten TRAKTOR PRO 2-Software ist es super einfach, direkt in den Mix einzusteigen. Die neueste Version ist jetzt bereit zum Remixen \u2013 mit den innovativen Remix Decks, die es Ihnen erm\u00f6glichen, die Grenzen zwischen DJing und Live-Performance aufzuheben. <\/p>\n<p>Die Remix Decks k\u00f6nnen direkt von der S4-Hardware getriggert werden. Vorgefertigte Remix Sets von renommierten K\u00fcnstlern sind als Downloads erh\u00e4ltlich \u2013 entfalten Sie im Mix Ihre ganze Kreativit\u00e4t. <\/p>\n<div class=\"break\"><\/div>\n<p><\/p>\n<h4>KEY FEATURES<\/h4>\n<\/p>\n<ul>\n<li>Perfekt integrierter 4-Deck TRAKTOR-Controller plus Flaggschiff-DJ-Software TRAKTOR PRO 2 mit Remix Decks<\/li>\n<li>Plug &amp; Play: Sie brauchen nur Ihren Computer und MP3s, um loszulegen<\/li>\n<li>Robuste, optimierte MK2-Hardware mit Silikon-ged\u00e4mpften Jog-Wheels und Oberseiten aus griffigem Aluminium<\/li>\n<li>Liefert f\u00fcr TRAKTOR DJ f\u00fcr iPad \/ iPhone eine pr\u00e4zise Steuerung, Cueing und starke Ausgangspegel<\/li>\n<li>Ergonomischer 4-Kanal-Mixer mit robusten Fadern und Reglern f\u00fcr Flux Mode und Loop Recorder<\/li>\n<li>Helle Farb-codierte RGB-Buttons zum Triggern von Cue-Punkten, Loops und Samples liefern bestes visuelles Feedback<\/li>\n<li>2 anpassbare FX Units mit mehr als 30 erstklassigen DJ-Effekten sowie intuitivem Makro-FX-Regler<\/li>\n<li>Die bew\u00e4hrte TRAKTOR-Engine garantiert perfekte Synchronisation und ultra-pr\u00e4zises Mixing<\/li>\n<li>Integriertes High-End 24-bit\/96 kHz Audio Interface mit Cirrus Logic AD\/DA Wandlern und MIDI I\/O<\/li>\n<li>2 analoge Eing\u00e4nge mit Phono- und Mikrofon-Vorverst\u00e4rkern zum Anschluss von Turntables, CD-Playern oder externer Hardware<\/li>\n<li>Mikrofon-Eingang (6 mm-Klinke), leistungsstarke 6 mm-Stereo- und Kopfh\u00f6rer-Ausg\u00e4nge sowie separater Booth-Ausgang<\/li>\n<\/ul>\n<div class=\"break\"><\/div>\n<p><\/p>\n<h4>SYSTEMANFORDERUNGEN<\/h4>\n<p> <strong>Windows 7 oder 8<\/strong> (aktuellstes Service Pack, 32\/64 Bit), 2.0 GHz Intel Core 2 Duo oder AMD Athlon 64 X2, 2 GB RAM (4 GB empfohlen) <\/p>\n<p><strong>Mac OS X 10.7 oder 10.8 <\/strong> (aktuellstes Update), Intel Core 2 Duo, 2 GB RAM (4 GB empfohlen) <\/p>\n<p><strong>Allgemein:<\/strong> Monitor mit 1024 x 768 Aufl\u00f6sung, USB 2.0, 1 GB Speicherplatz, DSL-Internet-Zugang <\/p>\n<div class=\"break\"><\/div>\n<p><\/p>\n<h4>UNTERST\u00dcTZTE AUDIO-FORMATE<\/h4>\n<p> MP3, WAV, AIFF, Audio-CD, FLAC, Ogg Vorbis, non-DRM WMA*, non-DRM AAC <\/p>\n<p><em>* WMA-Wiedergabe nur auf Windows<\/em> <\/p>\n<div class=\"break\"><\/div>\n<p><\/div>\n<p>Geben Sie Ihr Modell ein, um sicherzustellen, dass dieser Artikel passt.<br \/>\n4-Deck-Controller inkl. Soundkarte und TRAKTOR PRO 2-Software<br \/>\nPlug-and-play-Unterst\u00fctzung f\u00fcr TRAKTOR DJ f\u00fcr iPad und iPhone<br \/>\n2 Jog Wheels, Mixer, Cue-Point und Loop Controls<br \/>\nEing\u00e4nge zum Anschluss von Turntables oder CD-Decks<br \/>\n<div class=\"main-cross-sell\" data-asin=\"B00EYZMD16\">\n\n\t<div class=\"WooZone-cross-sell-loader\">\n\t\t<div>\n\t\t\t<div id=\"floatingBarsG\">\n\t\t\t\t<div class=\"blockG\" id=\"rotateG_01\"><\/div>\n\t\t\t\t<div class=\"blockG\" id=\"rotateG_02\"><\/div>\n\t\t\t\t<div class=\"blockG\" id=\"rotateG_03\"><\/div>\n\t\t\t\t<div class=\"blockG\" id=\"rotateG_04\"><\/div>\n\t\t\t\t<div class=\"blockG\" id=\"rotateG_05\"><\/div>\n\t\t\t\t<div class=\"blockG\" id=\"rotateG_06\"><\/div>\n\t\t\t\t<div class=\"blockG\" id=\"rotateG_07\"><\/div>\n\t\t\t\t<div class=\"blockG\" id=\"rotateG_08\"><\/div>\n\t\t\t<\/div>\n\t\t\t<div class=\"WooZone-cross-sell-loader-text\"><\/div>\n\t\t<\/div>\n\t<\/div>\n\n\t\t\n<\/div>\n<div style=\"clear:both;\"><\/div>\n","protected":false},"excerpt":{"rendered":"<p>Geben Sie Ihr Modell ein, um sicherzustellen, dass dieser Artikel passt.<br \/>\n4-Deck-Controller inkl. Soundkarte und TRAKTOR PRO 2-Software<br \/>\nPlug-and-play-Unterst\u00fctzung f\u00fcr TRAKTOR DJ f\u00fcr iPad und iPhone<\/p>\n","protected":false},"featured_media":4014,"comment_status":"open","ping_status":"closed","template":"","meta":{"_acf_changed":false,"rs_blank_template":"","rs_page_bg_color":"","slide_template_v7":""},"product_brand":[],"product_cat":[15,48],"product_tag":[],"class_list":{"0":"post-4013","1":"product","2":"type-product","3":"status-publish","4":"has-post-thumbnail","6":"product_cat-shop","7":"product_cat-synthesizer","8":"pa_brand-native-instruments","10":"first","11":"instock","12":"shipping-taxable","13":"purchasable","14":"product-type-simple"},"acf":[],"_links":{"self":[{"href":"https:\/\/www.instrumentbox.de\/index.php?rest_route=\/wp\/v2\/product\/4013","targetHints":{"allow":["GET"]}}],"collection":[{"href":"https:\/\/www.instrumentbox.de\/index.php?rest_route=\/wp\/v2\/product"}],"about":[{"href":"https:\/\/www.instrumentbox.de\/index.php?rest_route=\/wp\/v2\/types\/product"}],"replies":[{"embeddable":true,"href":"https:\/\/www.instrumentbox.de\/index.php?rest_route=%2Fwp%2Fv2%2Fcomments&post=4013"}],"wp:featuredmedia":[{"embeddable":true,"href":"https:\/\/www.instrumentbox.de\/index.php?rest_route=\/wp\/v2\/media\/4014"}],"wp:attachment":[{"href":"https:\/\/www.instrumentbox.de\/index.php?rest_route=%2Fwp%2Fv2%2Fmedia&parent=4013"}],"wp:term":[{"taxonomy":"product_brand","embeddable":true,"href":"https:\/\/www.instrumentbox.de\/index.php?rest_route=%2Fwp%2Fv2%2Fproduct_brand&post=4013"},{"taxonomy":"product_cat","embeddable":true,"href":"https:\/\/www.instrumentbox.de\/index.php?rest_route=%2Fwp%2Fv2%2Fproduct_cat&post=4013"},{"taxonomy":"product_tag","embeddable":true,"href":"https:\/\/www.instrumentbox.de\/index.php?rest_route=%2Fwp%2Fv2%2Fproduct_tag&post=4013"}],"curies":[{"name":"wp","href":"https:\/\/api.w.org\/{rel}","templated":true}]}}